{"id":27923,"date":"2025-09-23T08:47:07","date_gmt":"2025-09-23T08:47:07","guid":{"rendered":"https:\/\/whitelip.com\/?post_type=product&#038;p=27923"},"modified":"2026-05-09T11:55:47","modified_gmt":"2026-05-09T11:55:47","slug":"77-sour-blizz-medium","status":"publish","type":"product","link":"https:\/\/whitelip.com\/da\/77\/77-sour-blizz-medium\/","title":{"rendered":"77 Sour Blizz Medium"},"content":{"rendered":"<h2>77 Sour Blizz Medium<\/h2>\n<p class=\"\" data-start=\"76\" data-end=\"609\">77 Sour Blizz Medium nikotinpoucher leverer en dristig og syrlig smagsoplevelse, der blander skarpe sure noter med en forfriskende k\u00f8leeffekt. Denne kombination skaber en livlig og inspirerende smagsprofil, der stikker ud fra det almindelige. Hver slanke, helt hvid pouch indeholder 10,4 mg nikotin, hvilket giver et medium-styrke kick, der er ideelt for regelm\u00e6ssige brugere, der s\u00f8ger b\u00e5de smag og balance. Diskret, komfortabel og pletfri, 77 Sour Blizz Medium er produceret af 77 Group for at opfylde h\u00f8je standarder for kvalitet og smag i et tobaksfrit format.<\/p>\n<table>\n<tbody>\n<tr>\n<td><b>Attribute<\/b><\/td>\n<td><b>Detaljer<\/b><\/td>\n<\/tr>\n<tr>\n<td><b>Indhold pr. d\u00e5se<\/b><\/td>\n<td><span style=\"font-weight: 400;\">13g (20 poser)<\/span><\/td>\n<\/tr>\n<tr>\n<td><b>Nikotinindhold<\/b><\/td>\n<td><span style=\"font-weight: 400;\">16 mg\/g (10,4 mg pr. pose)<\/span><\/td>\n<\/tr>\n<tr>\n<td><b>Poseformat<\/b><\/td>\n<td><span style=\"font-weight: 400;\">Slim<\/span><\/td>\n<\/tr>\n<tr>\n<td><b>Producent<\/b><\/td>\n<td><span style=\"font-weight: 400;\">77 Group<\/span><\/td>\n<\/tr>\n<tr>\n<td><b>Smag<\/b><\/td>\n<td><span style=\"font-weight: 400;\">Sour &amp; Cooling (Sour Blizz)<\/span><\/td>\n<\/tr>\n<tr>\n<td><b>Type<\/b><\/td>\n<td><span style=\"font-weight: 400;\">Helt hvid pose<\/span><\/td>\n<\/tr>\n<\/tbody>\n<\/table>","protected":false},"excerpt":{"rendered":"<p data-start=\"47\" data-end=\"316\">Dristig, syrlig <strong>syrlig<\/strong> noter med en forfriskende k\u00f8leeffekt for en livlig, inspirerende smag. <strong>Slim<\/strong>, alethvide poser sidder diskret og komfortabelt under l\u00e6ben. Hver pose leverer <strong data-start=\"227\" data-end=\"247\">10,4 mg nikotin<\/strong>, hvilket giver et afbalanceret medium-styrke kick uden tobak eller pletter.<\/p>\n<p data-start=\"318\" data-end=\"327\">","protected":false},"featured_media":27928,"comment_status":"open","ping_status":"closed","template":"","format":[206],"meta":{"_acf_changed":false},"product_brand":[],"product_cat":[23],"product_tag":[16543],"flavours":[190],"nicotine":[213,232],"class_list":{"0":"post-27923","1":"product","2":"type-product","3":"status-publish","4":"has-post-thumbnail","6":"product_cat-23","7":"product_tag-10-4-mg-pouch","8":"pa_quantity-1-pack","9":"pa_quantity-10-pack","10":"pa_quantity-3-pack","11":"pa_quantity-30-pack","12":"pa_quantity-5-pack","13":"pa_quantity-60-pack","14":"flavours-citrus","15":"format-slim","16":"nicotine-16-mg-g","17":"nicotine-extra-strong","19":"first","20":"instock","21":"taxable","22":"shipping-taxable","23":"purchasable","24":"product-type-variable","25":"has-default-attributes"},"acf":[],"_links":{"self":[{"href":"https:\/\/whitelip.com\/da\/wp-json\/wp\/v2\/product\/27923","targetHints":{"allow":["GET"]}}],"collection":[{"href":"https:\/\/whitelip.com\/da\/wp-json\/wp\/v2\/product"}],"about":[{"href":"https:\/\/whitelip.com\/da\/wp-json\/wp\/v2\/types\/product"}],"replies":[{"embeddable":true,"href":"https:\/\/whitelip.com\/da\/wp-json\/wp\/v2\/comments?post=27923"}],"wp:featuredmedia":[{"embeddable":true,"href":"https:\/\/whitelip.com\/da\/wp-json\/wp\/v2\/media\/27928"}],"wp:attachment":[{"href":"https:\/\/whitelip.com\/da\/wp-json\/wp\/v2\/media?parent=27923"}],"wp:term":[{"taxonomy":"product_brand","embeddable":true,"href":"https:\/\/whitelip.com\/da\/wp-json\/wp\/v2\/product_brand?post=27923"},{"taxonomy":"product_cat","embeddable":true,"href":"https:\/\/whitelip.com\/da\/wp-json\/wp\/v2\/product_cat?post=27923"},{"taxonomy":"product_tag","embeddable":true,"href":"https:\/\/whitelip.com\/da\/wp-json\/wp\/v2\/product_tag?post=27923"},{"taxonomy":"flavours","embeddable":true,"href":"https:\/\/whitelip.com\/da\/wp-json\/wp\/v2\/flavours?post=27923"},{"taxonomy":"format","embeddable":true,"href":"https:\/\/whitelip.com\/da\/wp-json\/wp\/v2\/format?post=27923"},{"taxonomy":"nicotine","embeddable":true,"href":"https:\/\/whitelip.com\/da\/wp-json\/wp\/v2\/nicotine?post=27923"}],"curies":[{"name":"wp","href":"https:\/\/api.w.org\/{rel}","templated":true}]}}