{"id":27482,"date":"2025-09-15T10:33:54","date_gmt":"2025-09-15T10:33:54","guid":{"rendered":"https:\/\/whitelip.com\/?post_type=product&#038;p=27482"},"modified":"2026-05-06T10:11:26","modified_gmt":"2026-05-06T10:11:26","slug":"helwit-lime-liquorice","status":"publish","type":"product","link":"https:\/\/whitelip.com\/da\/helwit\/helwit-lime-liquorice\/","title":{"rendered":"HELWIT Lime Liquorice"},"content":{"rendered":"<h2><b>HELWIT Lime Liquorice<\/b><\/h2>\n<p style=\"text-align: left;\"><span style=\"font-weight: 400;\">HELWIT Lime Lakrids nikotinposer kombinerer limes spr\u00f8de skarphed med den rige, salte dybde af klassisk nordisk lakrids. Denne dristig og uventet parring skaber en unik smagsoplevelse, der er b\u00e5de opfriskende og savory. Hver slankt format pose indeholder 9 mg nikotin pr. gram, hvilket giver en afbalanceret styrke, der er velegnet til regelm\u00e6ssig brug. Fremstillet af YOIK AB i Sverige, er HELWIT Lime Lakrids designet til diskret nydelse, undg\u00e5r tandpletning og tilbyder en ren, moderne m\u00e5de at nyde nikotin n\u00e5r som helst og hvor som helst.<\/span><\/p>\n<table>\n<tbody>\n<tr>\n<td><b>Attribute<\/b><\/td>\n<td><b>Detaljer<\/b><\/td>\n<\/tr>\n<tr>\n<td><b>Indhold pr. d\u00e5se<\/b><\/td>\n<td><span style=\"font-weight: 400;\">10g (20 poser)<\/span><\/td>\n<\/tr>\n<tr>\n<td><b>Nikotinindhold<\/b><\/td>\n<td><span style=\"font-weight: 400;\">9 mg\/g (4,5 mg pr. pose)<\/span><\/td>\n<\/tr>\n<tr>\n<td><b>Poseformat<\/b><\/td>\n<td><span style=\"font-weight: 400;\">Slim<\/span><\/td>\n<\/tr>\n<tr>\n<td><b>Producent<\/b><\/td>\n<td><span style=\"font-weight: 400;\">YOIK AB<\/span><\/td>\n<\/tr>\n<tr>\n<td><b>Smag<\/b><\/td>\n<td><span style=\"font-weight: 400;\">Lime &amp; Lakrids<\/span><\/td>\n<\/tr>\n<tr>\n<td><b>Type<\/b><\/td>\n<td><span style=\"font-weight: 400;\">Helt hvid pose<\/span><\/td>\n<\/tr>\n<\/tbody>\n<\/table>","protected":false},"excerpt":{"rendered":"<p>Spirende, savory <strong data-start=\"14\" data-end=\"32\">lime lakrids<\/strong> parring, der er b\u00e5de opfriskende og rig. <strong data-start=\"74\" data-end=\"82\">Slim<\/strong>, helt hvide, tobaksafri pouches sidder diskret under l\u00e6ben uden at blegte t\u00e6nder. Hver pouch indeholder <strong data-start=\"189\" data-end=\"208\">9 mg\/g nikotin<\/strong>, hvilket giver en afbalanceret styrke til regelm\u00e6ssig brug. Fremstillet af YOIK AB i Sverige.<\/p>","protected":false},"featured_media":27486,"comment_status":"open","ping_status":"closed","template":"","format":[206],"meta":{"_acf_changed":false},"product_brand":[],"product_cat":[52],"product_tag":[16595],"flavours":[190,198],"nicotine":[231,236],"class_list":{"0":"post-27482","1":"product","2":"type-product","3":"status-publish","4":"has-post-thumbnail","6":"product_cat-helwit","7":"product_tag-4-5-mg-pouch","8":"pa_quantity-1-pack","9":"pa_quantity-10-pack","10":"pa_quantity-3-pack","11":"pa_quantity-30-pack","12":"pa_quantity-5-pack","13":"pa_quantity-60-pack","14":"flavours-citrus","15":"flavours-licorice","16":"format-slim","17":"nicotine-9-mg-g","18":"nicotine-strong","20":"first","21":"outofstock","22":"taxable","23":"shipping-taxable","24":"purchasable","25":"product-type-variable","26":"has-default-attributes"},"acf":[],"_links":{"self":[{"href":"https:\/\/whitelip.com\/da\/wp-json\/wp\/v2\/product\/27482","targetHints":{"allow":["GET"]}}],"collection":[{"href":"https:\/\/whitelip.com\/da\/wp-json\/wp\/v2\/product"}],"about":[{"href":"https:\/\/whitelip.com\/da\/wp-json\/wp\/v2\/types\/product"}],"replies":[{"embeddable":true,"href":"https:\/\/whitelip.com\/da\/wp-json\/wp\/v2\/comments?post=27482"}],"wp:featuredmedia":[{"embeddable":true,"href":"https:\/\/whitelip.com\/da\/wp-json\/wp\/v2\/media\/27486"}],"wp:attachment":[{"href":"https:\/\/whitelip.com\/da\/wp-json\/wp\/v2\/media?parent=27482"}],"wp:term":[{"taxonomy":"product_brand","embeddable":true,"href":"https:\/\/whitelip.com\/da\/wp-json\/wp\/v2\/product_brand?post=27482"},{"taxonomy":"product_cat","embeddable":true,"href":"https:\/\/whitelip.com\/da\/wp-json\/wp\/v2\/product_cat?post=27482"},{"taxonomy":"product_tag","embeddable":true,"href":"https:\/\/whitelip.com\/da\/wp-json\/wp\/v2\/product_tag?post=27482"},{"taxonomy":"flavours","embeddable":true,"href":"https:\/\/whitelip.com\/da\/wp-json\/wp\/v2\/flavours?post=27482"},{"taxonomy":"format","embeddable":true,"href":"https:\/\/whitelip.com\/da\/wp-json\/wp\/v2\/format?post=27482"},{"taxonomy":"nicotine","embeddable":true,"href":"https:\/\/whitelip.com\/da\/wp-json\/wp\/v2\/nicotine?post=27482"}],"curies":[{"name":"wp","href":"https:\/\/api.w.org\/{rel}","templated":true}]}}