{"id":26823,"date":"2025-09-24T11:03:13","date_gmt":"2025-09-24T11:03:13","guid":{"rendered":"https:\/\/whitelip.com\/?post_type=product&#038;p=26823"},"modified":"2026-04-18T17:52:19","modified_gmt":"2026-04-18T17:52:19","slug":"vont-havana-cola-extra-strong","status":"publish","type":"product","link":"https:\/\/whitelip.com\/da\/vont\/vont-havana-cola-extra-strong\/","title":{"rendered":"VONT Havana Cola Extra Strong"},"content":{"rendered":"<h2><strong>VONT Havana Cola Extra Strong<\/strong><\/h2>\n<p><span style=\"font-weight: 400;\">VONT Havana Cola Extra Strong nikotinpuder fanger den klassiske colasmagsag med anelser af karamels\u00f8dme og en opfriskende drejning, nu kombineret med maksimal nikotinstyrke. Designet i slim-format til diskret og komfortabel brug, hver pude leverer 24 mg nikotin pr. gram, svarende til ca. 12 mg pr. pude. Perfekt for erfarne brugere, der nyder fed smag sammen med h\u00f8j intensitet, Havana Cola Extra Strong giver en unik smaksoplevelse uden at misfarvning af t\u00e6nder. Produceret af VONT AB i Sverige, m\u00e6rket er anerkendt for sine innovative smage, moderne stil og konsistent kvalitet.<\/span><\/p>\n<table>\n<tbody>\n<tr>\n<td><b>Attribute<\/b><\/td>\n<td><b>Detaljer<\/b><\/td>\n<\/tr>\n<tr>\n<td><b>Indhold pr. d\u00e5se<\/b><\/td>\n<td><span style=\"font-weight: 400;\">10g (20 poser)<\/span><\/td>\n<\/tr>\n<tr>\n<td><b>Nikotinindhold<\/b><\/td>\n<td><span style=\"font-weight: 400;\">24 mg\/g (12 mg pr. pose)<\/span><\/td>\n<\/tr>\n<tr>\n<td><b>Poseformat<\/b><\/td>\n<td><span style=\"font-weight: 400;\">Slim<\/span><\/td>\n<\/tr>\n<tr>\n<td><b>Producent<\/b><\/td>\n<td><span style=\"font-weight: 400;\">VONT AB<\/span><\/td>\n<\/tr>\n<tr>\n<td><b>Smag<\/b><\/td>\n<td><span style=\"font-weight: 400;\">Cola<\/span><\/td>\n<\/tr>\n<tr>\n<td><b>Type<\/b><\/td>\n<td><span style=\"font-weight: 400;\">Helt hvid pose<\/span><\/td>\n<\/tr>\n<\/tbody>\n<\/table>","protected":false},"excerpt":{"rendered":"<p>VONT <strong data-start=\"5\" data-end=\"20\">Havana Cola<\/strong> <strong data-start=\"21\" data-end=\"37\">Extra Strong<\/strong> leverer klassisk cola med karamels\u00f8dme og en opfriskende drejning med maksimal intensitet. Den <strong data-start=\"132\" data-end=\"140\">slim<\/strong> poser er diskrete og undg\u00e5r tandmisfarvning. Hver pose indeholder <strong>12 mg nikotin<\/strong> (24 mg\/g) for en kraftig kick. Produceret af VONT AB i Sverige, kendt for innovative smage, moderne stil og konsistent kvalitet.<\/p>","protected":false},"featured_media":26828,"comment_status":"open","ping_status":"closed","template":"","format":[206],"meta":{"_acf_changed":false},"product_brand":[],"product_cat":[238],"product_tag":[16561],"flavours":[193],"nicotine":[232,217],"class_list":{"0":"post-26823","1":"product","2":"type-product","3":"status-publish","4":"has-post-thumbnail","6":"product_cat-vont","7":"product_tag-12-mg-pouch","8":"pa_quantity-1-pack","9":"pa_quantity-10-pack","10":"pa_quantity-3-pack","11":"pa_quantity-30-pack","12":"pa_quantity-5-pack","13":"pa_quantity-60-pack","14":"flavours-cola","15":"format-slim","16":"nicotine-extra-strong","17":"nicotine-24-mg-g","19":"first","20":"instock","21":"taxable","22":"shipping-taxable","23":"purchasable","24":"product-type-variable","25":"has-default-attributes"},"acf":[],"_links":{"self":[{"href":"https:\/\/whitelip.com\/da\/wp-json\/wp\/v2\/product\/26823","targetHints":{"allow":["GET"]}}],"collection":[{"href":"https:\/\/whitelip.com\/da\/wp-json\/wp\/v2\/product"}],"about":[{"href":"https:\/\/whitelip.com\/da\/wp-json\/wp\/v2\/types\/product"}],"replies":[{"embeddable":true,"href":"https:\/\/whitelip.com\/da\/wp-json\/wp\/v2\/comments?post=26823"}],"wp:featuredmedia":[{"embeddable":true,"href":"https:\/\/whitelip.com\/da\/wp-json\/wp\/v2\/media\/26828"}],"wp:attachment":[{"href":"https:\/\/whitelip.com\/da\/wp-json\/wp\/v2\/media?parent=26823"}],"wp:term":[{"taxonomy":"product_brand","embeddable":true,"href":"https:\/\/whitelip.com\/da\/wp-json\/wp\/v2\/product_brand?post=26823"},{"taxonomy":"product_cat","embeddable":true,"href":"https:\/\/whitelip.com\/da\/wp-json\/wp\/v2\/product_cat?post=26823"},{"taxonomy":"product_tag","embeddable":true,"href":"https:\/\/whitelip.com\/da\/wp-json\/wp\/v2\/product_tag?post=26823"},{"taxonomy":"flavours","embeddable":true,"href":"https:\/\/whitelip.com\/da\/wp-json\/wp\/v2\/flavours?post=26823"},{"taxonomy":"format","embeddable":true,"href":"https:\/\/whitelip.com\/da\/wp-json\/wp\/v2\/format?post=26823"},{"taxonomy":"nicotine","embeddable":true,"href":"https:\/\/whitelip.com\/da\/wp-json\/wp\/v2\/nicotine?post=26823"}],"curies":[{"name":"wp","href":"https:\/\/api.w.org\/{rel}","templated":true}]}}