{"id":26812,"date":"2025-09-24T11:03:13","date_gmt":"2025-09-24T11:03:13","guid":{"rendered":"https:\/\/whitelip.com\/?post_type=product&#038;p=26812"},"modified":"2026-05-07T10:11:37","modified_gmt":"2026-05-07T10:11:37","slug":"vont-creamy-strawberry-extra-strong","status":"publish","type":"product","link":"https:\/\/whitelip.com\/da\/vont\/vont-creamy-strawberry-extra-strong\/","title":{"rendered":"VONT Creamy Strawberry Extra Strong"},"content":{"rendered":"<h2><strong>VONT Creamy Strawberry Extra Strong<\/strong><\/h2>\n<p><span style=\"font-weight: 400;\">VONT Creamy Strawberry Extra Strong nikotinposer kombinerer s\u00f8theden fra modne jordb\u00e6r med en glat cremetet undertone, nu med et endnu mere kraftfuldt nikotinkick. Tilbydes i et slimmere format til diskret og komfortabel brug, hver pose leverer 24 mg nikotin pr. gram, svarende til omkring 12 mg pr. pose. Ideelt for erfarne brugere, der \u00f8nsker frugtaget, cremetet smag sammen med h\u00f8j styrke, disse poser bevarer friskhed samtidig med at undg\u00e5 tandplettudvikling. Produceret af VONT AB i Sverige, er m\u00e6rket kendt for sit moderne design, innovative smagsretninger og konsistent kvalitet.<\/span><\/p>\n<table>\n<tbody>\n<tr>\n<td><b>Attribute<\/b><\/td>\n<td><b>Detaljer<\/b><\/td>\n<\/tr>\n<tr>\n<td><b>Indhold pr. d\u00e5se<\/b><\/td>\n<td><span style=\"font-weight: 400;\">10g (20 poser)<\/span><\/td>\n<\/tr>\n<tr>\n<td><b>Nikotinindhold<\/b><\/td>\n<td><span style=\"font-weight: 400;\">24 mg\/g (12 mg pr. pose)<\/span><\/td>\n<\/tr>\n<tr>\n<td><b>Poseformat<\/b><\/td>\n<td><span style=\"font-weight: 400;\">Slim<\/span><\/td>\n<\/tr>\n<tr>\n<td><b>Producent<\/b><\/td>\n<td><span style=\"font-weight: 400;\">VONT AB<\/span><\/td>\n<\/tr>\n<tr>\n<td><b>Smag<\/b><\/td>\n<td><span style=\"font-weight: 400;\">Strawberry &amp; Cream<\/span><\/td>\n<\/tr>\n<tr>\n<td><b>Type<\/b><\/td>\n<td><span style=\"font-weight: 400;\">Helt hvid pose<\/span><\/td>\n<\/tr>\n<\/tbody>\n<\/table>","protected":false},"excerpt":{"rendered":"<p>VONT <strong data-start=\"5\" data-end=\"26\">Creamy Strawberry<\/strong> <strong data-start=\"27\" data-end=\"43\">Extra Strong<\/strong> blander s\u00f8d modne jordb\u00e6r med en glat cremetet note. Den <strong data-start=\"104\" data-end=\"112\">slim<\/strong> poser er diskrete og undg\u00e5r tandmisfarvning. Hver pose indeholder <strong data-start=\"180\" data-end=\"198\">12 mg nikotin<\/strong> (24 mg\/g) for et kraftfuldt kick. Produceret af VONT AB i Sverige, kendt for moderne design, innovative smagsretninger og konsistent kvalitet.<\/p>","protected":false},"featured_media":26817,"comment_status":"open","ping_status":"closed","template":"","format":[206],"meta":{"_acf_changed":false},"product_brand":[],"product_cat":[238],"product_tag":[16561],"flavours":[196],"nicotine":[232,217],"class_list":{"0":"post-26812","1":"product","2":"type-product","3":"status-publish","4":"has-post-thumbnail","6":"product_cat-vont","7":"product_tag-12-mg-pouch","8":"pa_quantity-1-pack","9":"pa_quantity-10-pack","10":"pa_quantity-3-pack","11":"pa_quantity-30-pack","12":"pa_quantity-5-pack","13":"pa_quantity-60-pack","14":"flavours-fruits-berries","15":"format-slim","16":"nicotine-extra-strong","17":"nicotine-24-mg-g","19":"first","20":"outofstock","21":"taxable","22":"shipping-taxable","23":"purchasable","24":"product-type-variable"},"acf":[],"_links":{"self":[{"href":"https:\/\/whitelip.com\/da\/wp-json\/wp\/v2\/product\/26812","targetHints":{"allow":["GET"]}}],"collection":[{"href":"https:\/\/whitelip.com\/da\/wp-json\/wp\/v2\/product"}],"about":[{"href":"https:\/\/whitelip.com\/da\/wp-json\/wp\/v2\/types\/product"}],"replies":[{"embeddable":true,"href":"https:\/\/whitelip.com\/da\/wp-json\/wp\/v2\/comments?post=26812"}],"wp:featuredmedia":[{"embeddable":true,"href":"https:\/\/whitelip.com\/da\/wp-json\/wp\/v2\/media\/26817"}],"wp:attachment":[{"href":"https:\/\/whitelip.com\/da\/wp-json\/wp\/v2\/media?parent=26812"}],"wp:term":[{"taxonomy":"product_brand","embeddable":true,"href":"https:\/\/whitelip.com\/da\/wp-json\/wp\/v2\/product_brand?post=26812"},{"taxonomy":"product_cat","embeddable":true,"href":"https:\/\/whitelip.com\/da\/wp-json\/wp\/v2\/product_cat?post=26812"},{"taxonomy":"product_tag","embeddable":true,"href":"https:\/\/whitelip.com\/da\/wp-json\/wp\/v2\/product_tag?post=26812"},{"taxonomy":"flavours","embeddable":true,"href":"https:\/\/whitelip.com\/da\/wp-json\/wp\/v2\/flavours?post=26812"},{"taxonomy":"format","embeddable":true,"href":"https:\/\/whitelip.com\/da\/wp-json\/wp\/v2\/format?post=26812"},{"taxonomy":"nicotine","embeddable":true,"href":"https:\/\/whitelip.com\/da\/wp-json\/wp\/v2\/nicotine?post=26812"}],"curies":[{"name":"wp","href":"https:\/\/api.w.org\/{rel}","templated":true}]}}