{"id":26591,"date":"2025-09-24T11:03:15","date_gmt":"2025-09-24T11:03:15","guid":{"rendered":"https:\/\/whitelip.com\/?post_type=product&#038;p=26591"},"modified":"2026-05-09T10:11:13","modified_gmt":"2026-05-09T10:11:13","slug":"vont-creamy-strawberry-strong","status":"publish","type":"product","link":"https:\/\/whitelip.com\/da\/vont\/vont-creamy-strawberry-strong\/","title":{"rendered":"VONT Creamy Strawberry Strong"},"content":{"rendered":"<h2><strong>VONT Creamy Strawberry Strong<\/strong><\/h2>\n<p><span style=\"font-weight: 400;\">VONT Creamy Strawberry Strong nikotinposer kombinerer s\u00f8theden fra modne jordb\u00e6r med en glat cremetet undertone og skaber en rig og velafbalanceret smag. Tilbydes i et slimmere format til diskret og komfortabel brug, hver pose leverer et kraftigt nikotinkick p\u00e5 14 mg pr. gram, svarende til omkring 7 mg pr. pose. Ideelt for erfarne brugere, der nyder b\u00e5de frugtaget og cremetet noter, disse poser bevarer friskhed samtidig med at undg\u00e5 tandplettudvikling. Produceret af VONT AB i Sverige, er m\u00e6rket kendt for sit moderne design, innovative smagsretninger og konsistent kvalitet.<\/span><\/p>\n<table>\n<tbody>\n<tr>\n<td><b>Attribute<\/b><\/td>\n<td><b>Detaljer<\/b><\/td>\n<\/tr>\n<tr>\n<td><b>Indhold pr. d\u00e5se<\/b><\/td>\n<td><span style=\"font-weight: 400;\">10g (20 poser)<\/span><\/td>\n<\/tr>\n<tr>\n<td><b>Nikotinindhold<\/b><\/td>\n<td><span style=\"font-weight: 400;\">14 mg\/g (7 mg pr. pose)<\/span><\/td>\n<\/tr>\n<tr>\n<td><b>Poseformat<\/b><\/td>\n<td><span style=\"font-weight: 400;\">Slim<\/span><\/td>\n<\/tr>\n<tr>\n<td><b>Producent<\/b><\/td>\n<td><span style=\"font-weight: 400;\">VONT AB<\/span><\/td>\n<\/tr>\n<tr>\n<td><b>Smag<\/b><\/td>\n<td><span style=\"font-weight: 400;\">Strawberry &amp; Cream<\/span><\/td>\n<\/tr>\n<tr>\n<td><b>Type<\/b><\/td>\n<td><span style=\"font-weight: 400;\">Helt hvid pose<\/span><\/td>\n<\/tr>\n<\/tbody>\n<\/table>","protected":false},"excerpt":{"rendered":"<p>VONT Creamy Strawberry Strong nikotinposer leverer en s\u00f8d, glat <strong data-start=\"71\" data-end=\"92\">Creamy Strawberry<\/strong> smag med en rig, velafbalanceret profil. <strong data-start=\"135\" data-end=\"143\">Slim<\/strong> format til diskret, komfortabel brug; kraftigt kick ideelt for erfarne brugere og vil ikke plette t\u00e6nder. Hver pose indeholder <strong data-start=\"265\" data-end=\"282\">7 mg nikotin<\/strong> (14 mg\/g). Produceret i Sverige af VONT AB med moderne design og konsistent kvalitet.<\/p>","protected":false},"featured_media":26595,"comment_status":"open","ping_status":"closed","template":"","format":[206],"meta":{"_acf_changed":false},"product_brand":[],"product_cat":[238],"product_tag":[16640],"flavours":[196],"nicotine":[211,236],"class_list":{"0":"post-26591","1":"product","2":"type-product","3":"status-publish","4":"has-post-thumbnail","6":"product_cat-vont","7":"product_tag-7-mg-pouch","8":"pa_quantity-1-pack","9":"pa_quantity-10-pack","10":"pa_quantity-3-pack","11":"pa_quantity-30-pack","12":"pa_quantity-5-pack","13":"pa_quantity-60-pack","14":"flavours-fruits-berries","15":"format-slim","16":"nicotine-14-mg-g","17":"nicotine-strong","19":"first","20":"instock","21":"taxable","22":"shipping-taxable","23":"purchasable","24":"product-type-variable","25":"has-default-attributes"},"acf":[],"_links":{"self":[{"href":"https:\/\/whitelip.com\/da\/wp-json\/wp\/v2\/product\/26591","targetHints":{"allow":["GET"]}}],"collection":[{"href":"https:\/\/whitelip.com\/da\/wp-json\/wp\/v2\/product"}],"about":[{"href":"https:\/\/whitelip.com\/da\/wp-json\/wp\/v2\/types\/product"}],"replies":[{"embeddable":true,"href":"https:\/\/whitelip.com\/da\/wp-json\/wp\/v2\/comments?post=26591"}],"wp:featuredmedia":[{"embeddable":true,"href":"https:\/\/whitelip.com\/da\/wp-json\/wp\/v2\/media\/26595"}],"wp:attachment":[{"href":"https:\/\/whitelip.com\/da\/wp-json\/wp\/v2\/media?parent=26591"}],"wp:term":[{"taxonomy":"product_brand","embeddable":true,"href":"https:\/\/whitelip.com\/da\/wp-json\/wp\/v2\/product_brand?post=26591"},{"taxonomy":"product_cat","embeddable":true,"href":"https:\/\/whitelip.com\/da\/wp-json\/wp\/v2\/product_cat?post=26591"},{"taxonomy":"product_tag","embeddable":true,"href":"https:\/\/whitelip.com\/da\/wp-json\/wp\/v2\/product_tag?post=26591"},{"taxonomy":"flavours","embeddable":true,"href":"https:\/\/whitelip.com\/da\/wp-json\/wp\/v2\/flavours?post=26591"},{"taxonomy":"format","embeddable":true,"href":"https:\/\/whitelip.com\/da\/wp-json\/wp\/v2\/format?post=26591"},{"taxonomy":"nicotine","embeddable":true,"href":"https:\/\/whitelip.com\/da\/wp-json\/wp\/v2\/nicotine?post=26591"}],"curies":[{"name":"wp","href":"https:\/\/api.w.org\/{rel}","templated":true}]}}