{"id":14231,"date":"2025-08-20T11:05:20","date_gmt":"2025-08-20T11:05:20","guid":{"rendered":"https:\/\/whitelip.com\/?post_type=product&#038;p=14231"},"modified":"2026-05-06T10:11:25","modified_gmt":"2026-05-06T10:11:25","slug":"nois-extreme-blueberry-50mg","status":"publish","type":"product","link":"https:\/\/whitelip.com\/da\/nois\/nois-extreme-blueberry-50mg\/","title":{"rendered":"NOIS Extreme Blueberry 50mg"},"content":{"rendered":"<h2><strong>NOIS Extreme Blueberry 50mg<\/strong><\/h2>\n<p><span style=\"font-weight: 400;\">NOIS Extreme Blueberry 50mg kombinerer en <\/span><b>rig, saftfuld bl\u00e5b\u00e6rsmag med en iskold menthol kick<\/b><span style=\"font-weight: 400;\"> for at skabe en unikt intens poseoplevelse. Skabt til ekspertbrugere leverer denne pose et utrolig st\u00e6rkt nikotinhit p\u00e5 <\/span><b>25 mg per pose<\/b><span style=\"font-weight: 400;\"> (50 mg\/g), designet til dem, der l\u00e6nges efter b\u00e5de smag og maksimal styrke i en kraftfuld kombination.<\/span><\/p>\n<p><span style=\"font-weight: 400;\">De slanke, tobaksofrie poser passer komfortabelt og diskret under l\u00e6ben og tilbyder en ren brugsoplevelse uden at misfarvne t\u00e6nder. Med sin dybe b\u00e6rsmag og iskolde k\u00f8leeffekt er NOIS Extreme Blueberry 50mg det ultimative valg for erfarne brugere, der \u00f8nsker dristig smag og h\u00f8j effekt.<\/span><\/p>\n<table>\n<tbody>\n<tr>\n<td><b>Attribute<\/b><\/td>\n<td><b>Detaljer<\/b><\/td>\n<\/tr>\n<tr>\n<td><b>M\u00e6rke<\/b><\/td>\n<td><span style=\"font-weight: 400;\">NOIS<\/span><\/td>\n<\/tr>\n<tr>\n<td><b>Produkttype<\/b><\/td>\n<td><span style=\"font-weight: 400;\">Alt hvide nikotinposer<\/span><\/td>\n<\/tr>\n<tr>\n<td><b>Format<\/b><\/td>\n<td><span style=\"font-weight: 400;\">Slim<\/span><\/td>\n<\/tr>\n<tr>\n<td><b>Smag<\/b><\/td>\n<td><span style=\"font-weight: 400;\">Bl\u00e5b\u00e6r, Menthol<\/span><\/td>\n<\/tr>\n<tr>\n<td><b>Nikotinstyrke<\/b><\/td>\n<td><span style=\"font-weight: 400;\">25 mg per pose (50 mg\/g)<\/span><\/td>\n<\/tr>\n<tr>\n<td><b>Portionsv\u00e6gt<\/b><\/td>\n<td><span style=\"font-weight: 400;\">0,5 gram<\/span><\/td>\n<\/tr>\n<tr>\n<td><b>Antal portioner<\/b><\/td>\n<td><span style=\"font-weight: 400;\">27 per d\u00e5se<\/span><\/td>\n<\/tr>\n<tr>\n<td><b>Samlet d\u00e5sev\u00e6gt<\/b><\/td>\n<td><span style=\"font-weight: 400;\">11 gram<\/span><\/td>\n<\/tr>\n<tr>\n<td><b>Producent<\/b><\/td>\n<td><span style=\"font-weight: 400;\">HRJ Production O\u00dc<\/span><\/td>\n<\/tr>\n<tr>\n<td><b>Bem\u00e6rkelsesv\u00e6rdige funktioner<\/b><\/td>\n<td><span style=\"font-weight: 400;\">Tobaksfrit, slankt format, intens bl\u00e5b\u00e6rsmag med iskoldt menthol og ultrahodt nikotin<\/span><\/td>\n<\/tr>\n<\/tbody>\n<\/table>","protected":false},"excerpt":{"rendered":"<p><span style=\"font-weight: 400;\">NOIS Extreme Blueberry 50mg kombinerer en <\/span><b>rig, saftfuld bl\u00e5b\u00e6rsmag med en iskold menthol kick<\/b><span style=\"font-weight: 400;\"> for at skabe en unikt intens poseoplevelse. Skabt til ekspertbrugere leverer denne pose et utrolig st\u00e6rkt nikotinhit p\u00e5 <\/span><b>25 mg per pose<\/b><span style=\"font-weight: 400;\"> (50 mg\/g), designet til dem, der l\u00e6nges efter b\u00e5de smag og maksimal styrke i en kraftfuld kombination.<\/span><\/p>","protected":false},"featured_media":14235,"comment_status":"open","ping_status":"closed","template":"","format":[206],"meta":{"_acf_changed":false},"product_brand":[],"product_cat":[127],"product_tag":[16510,16589],"flavours":[196],"nicotine":[219,233],"class_list":{"0":"post-14231","1":"product","2":"type-product","3":"status-publish","4":"has-post-thumbnail","6":"product_cat-nois","7":"product_tag-12-off","8":"product_tag-25-mg-pouch","9":"pa_quantity-1-pack","10":"pa_quantity-10-pack","11":"pa_quantity-3-pack","12":"pa_quantity-30-pack","13":"pa_quantity-5-pack","14":"pa_quantity-60-pack","15":"flavours-fruits-berries","16":"format-slim","17":"nicotine-25-mg-g","18":"nicotine-extreme","20":"first","21":"instock","22":"sale","23":"taxable","24":"shipping-taxable","25":"purchasable","26":"product-type-variable","27":"has-default-attributes"},"acf":[],"_links":{"self":[{"href":"https:\/\/whitelip.com\/da\/wp-json\/wp\/v2\/product\/14231","targetHints":{"allow":["GET"]}}],"collection":[{"href":"https:\/\/whitelip.com\/da\/wp-json\/wp\/v2\/product"}],"about":[{"href":"https:\/\/whitelip.com\/da\/wp-json\/wp\/v2\/types\/product"}],"replies":[{"embeddable":true,"href":"https:\/\/whitelip.com\/da\/wp-json\/wp\/v2\/comments?post=14231"}],"wp:featuredmedia":[{"embeddable":true,"href":"https:\/\/whitelip.com\/da\/wp-json\/wp\/v2\/media\/14235"}],"wp:attachment":[{"href":"https:\/\/whitelip.com\/da\/wp-json\/wp\/v2\/media?parent=14231"}],"wp:term":[{"taxonomy":"product_brand","embeddable":true,"href":"https:\/\/whitelip.com\/da\/wp-json\/wp\/v2\/product_brand?post=14231"},{"taxonomy":"product_cat","embeddable":true,"href":"https:\/\/whitelip.com\/da\/wp-json\/wp\/v2\/product_cat?post=14231"},{"taxonomy":"product_tag","embeddable":true,"href":"https:\/\/whitelip.com\/da\/wp-json\/wp\/v2\/product_tag?post=14231"},{"taxonomy":"flavours","embeddable":true,"href":"https:\/\/whitelip.com\/da\/wp-json\/wp\/v2\/flavours?post=14231"},{"taxonomy":"format","embeddable":true,"href":"https:\/\/whitelip.com\/da\/wp-json\/wp\/v2\/format?post=14231"},{"taxonomy":"nicotine","embeddable":true,"href":"https:\/\/whitelip.com\/da\/wp-json\/wp\/v2\/nicotine?post=14231"}],"curies":[{"name":"wp","href":"https:\/\/api.w.org\/{rel}","templated":true}]}}