{"id":14226,"date":"2025-08-20T11:05:21","date_gmt":"2025-08-20T11:05:21","guid":{"rendered":"https:\/\/whitelip.com\/?post_type=product&#038;p=14226"},"modified":"2026-04-08T12:50:32","modified_gmt":"2026-04-08T12:50:32","slug":"nois-extreme-50mg","status":"publish","type":"product","link":"https:\/\/whitelip.com\/da\/nois\/nois-extreme-50mg\/","title":{"rendered":"NOIS Extreme 50mg"},"content":{"rendered":"<h2><strong>NOIS Extreme 50mg<\/strong><\/h2>\n<p><span style=\"font-weight: 400;\">NOIS Extreme 50mg leverer en <\/span><b>bl\u00e6ndende intens mintoplevelse<\/b><span style=\"font-weight: 400;\"> skabt til de mest erfarne nikotinbrugere. Med en maksimal styrkeformel er denne pose ikke for de svagelige. Hver slankt pose indeholder et enormt <\/span><b>25 mg nikotin<\/b><span style=\"font-weight: 400;\"> (50 mg\/g), hvilket giver en hurtig og varig frigivelse, der rammer h\u00e5rdt og hurtigt.<\/span><\/p>\n<p><span style=\"font-weight: 400;\">Disse helt hvide, tobaksofrie poser er lavet med premium plantebaserede ingredienser, hvilket sikrer en ren og kraftfuld oplevelse uden at misfarvne t\u00e6nder. Det slanke format passer diskret under l\u00e6ben og leverer et kraftfuldt k\u00f8lespark ved hver brug. NOIS Extreme 50mg er det ultimative valg for brugere, der eftersp\u00f8rger den h\u00f8jeste tilg\u00e6ngelige intensitet.<\/span><\/p>\n<table>\n<tbody>\n<tr>\n<td><b>Attribute<\/b><\/td>\n<td><b>Detaljer<\/b><\/td>\n<\/tr>\n<tr>\n<td><b>M\u00e6rke<\/b><\/td>\n<td><span style=\"font-weight: 400;\">NOIS<\/span><\/td>\n<\/tr>\n<tr>\n<td><b>Produkttype<\/b><\/td>\n<td><span style=\"font-weight: 400;\">Alt hvide nikotinposer<\/span><\/td>\n<\/tr>\n<tr>\n<td><b>Format<\/b><\/td>\n<td><span style=\"font-weight: 400;\">Slim<\/span><\/td>\n<\/tr>\n<tr>\n<td><b>Smag<\/b><\/td>\n<td><span style=\"font-weight: 400;\">Mint<\/span><\/td>\n<\/tr>\n<tr>\n<td><b>Nikotinstyrke<\/b><\/td>\n<td><span style=\"font-weight: 400;\">25 mg per pose (50 mg\/g)<\/span><\/td>\n<\/tr>\n<tr>\n<td><b>Portionsv\u00e6gt<\/b><\/td>\n<td><span style=\"font-weight: 400;\">0,5 gram<\/span><\/td>\n<\/tr>\n<tr>\n<td><b>Antal portioner<\/b><\/td>\n<td><span style=\"font-weight: 400;\">27 per d\u00e5se<\/span><\/td>\n<\/tr>\n<tr>\n<td><b>Samlet d\u00e5sev\u00e6gt<\/b><\/td>\n<td><span style=\"font-weight: 400;\">11 gram<\/span><\/td>\n<\/tr>\n<tr>\n<td><b>Producent<\/b><\/td>\n<td><span style=\"font-weight: 400;\">HRJ Production O\u00dc<\/span><\/td>\n<\/tr>\n<tr>\n<td><b>Bem\u00e6rkelsesv\u00e6rdige funktioner<\/b><\/td>\n<td><span style=\"font-weight: 400;\">Tobaksfrit, slankt format, ekstremt st\u00e6rk mintsmag, designet til erfarne brugere<\/span><\/td>\n<\/tr>\n<\/tbody>\n<\/table>","protected":false},"excerpt":{"rendered":"<p><span style=\"font-weight: 400;\">NOIS Extreme 50mg leverer en <\/span><b>bl\u00e6ndende intens mintoplevelse<\/b><span style=\"font-weight: 400;\"> skabt til de mest erfarne nikotinbrugere. Med en maksimal styrkeformel er denne pose ikke for de svagelige. Hver slankt pose indeholder et enormt <\/span><b>25 mg nikotin<\/b><span style=\"font-weight: 400;\"> (50 mg\/g), hvilket giver en hurtig og varig frigivelse, der rammer h\u00e5rdt og hurtigt.<\/span><\/p>","protected":false},"featured_media":14230,"comment_status":"open","ping_status":"closed","template":"","format":[206],"meta":{"_acf_changed":false},"product_brand":[],"product_cat":[127],"product_tag":[16510,16589],"flavours":[199],"nicotine":[226,233],"class_list":{"0":"post-14226","1":"product","2":"type-product","3":"status-publish","4":"has-post-thumbnail","6":"product_cat-nois","7":"product_tag-12-off","8":"product_tag-25-mg-pouch","9":"pa_quantity-1-pack","10":"pa_quantity-10-pack","11":"pa_quantity-3-pack","12":"pa_quantity-30-pack","13":"pa_quantity-5-pack","14":"pa_quantity-60-pack","15":"flavours-mint","16":"format-slim","17":"nicotine-50-mg-g","18":"nicotine-extreme","20":"first","21":"outofstock","22":"sale","23":"taxable","24":"shipping-taxable","25":"purchasable","26":"product-type-variable","27":"has-default-attributes"},"acf":[],"_links":{"self":[{"href":"https:\/\/whitelip.com\/da\/wp-json\/wp\/v2\/product\/14226","targetHints":{"allow":["GET"]}}],"collection":[{"href":"https:\/\/whitelip.com\/da\/wp-json\/wp\/v2\/product"}],"about":[{"href":"https:\/\/whitelip.com\/da\/wp-json\/wp\/v2\/types\/product"}],"replies":[{"embeddable":true,"href":"https:\/\/whitelip.com\/da\/wp-json\/wp\/v2\/comments?post=14226"}],"wp:featuredmedia":[{"embeddable":true,"href":"https:\/\/whitelip.com\/da\/wp-json\/wp\/v2\/media\/14230"}],"wp:attachment":[{"href":"https:\/\/whitelip.com\/da\/wp-json\/wp\/v2\/media?parent=14226"}],"wp:term":[{"taxonomy":"product_brand","embeddable":true,"href":"https:\/\/whitelip.com\/da\/wp-json\/wp\/v2\/product_brand?post=14226"},{"taxonomy":"product_cat","embeddable":true,"href":"https:\/\/whitelip.com\/da\/wp-json\/wp\/v2\/product_cat?post=14226"},{"taxonomy":"product_tag","embeddable":true,"href":"https:\/\/whitelip.com\/da\/wp-json\/wp\/v2\/product_tag?post=14226"},{"taxonomy":"flavours","embeddable":true,"href":"https:\/\/whitelip.com\/da\/wp-json\/wp\/v2\/flavours?post=14226"},{"taxonomy":"format","embeddable":true,"href":"https:\/\/whitelip.com\/da\/wp-json\/wp\/v2\/format?post=14226"},{"taxonomy":"nicotine","embeddable":true,"href":"https:\/\/whitelip.com\/da\/wp-json\/wp\/v2\/nicotine?post=14226"}],"curies":[{"name":"wp","href":"https:\/\/api.w.org\/{rel}","templated":true}]}}