{"id":14210,"date":"2025-08-20T11:05:21","date_gmt":"2025-08-20T11:05:21","guid":{"rendered":"https:\/\/whitelip.com\/?post_type=product&#038;p=14210"},"modified":"2026-05-06T10:11:25","modified_gmt":"2026-05-06T10:11:25","slug":"nois-mint-20mg","status":"publish","type":"product","link":"https:\/\/whitelip.com\/da\/nois\/nois-mint-20mg\/","title":{"rendered":"NOIS Mint 20mg"},"content":{"rendered":"<h2><strong>NOIS Mint 20mg<\/strong><\/h2>\n<p><span style=\"font-weight: 400;\">NOIS Mint 20mg leverer en <\/span><b>intens frisk og k\u00f8lig mintsmag<\/b><span style=\"font-weight: 400;\">, designet til at v\u00e6kke dine sanser med en spr\u00f8d og ren fornemmelse. Perfekt for brugere, der elsker klassiske mintposer med en ekstra st\u00e6rk nikotinkick, leverer hver slankt pose en hurtig og tilfredsstillende oplevelse. Med <\/span><b>10 mg nikotin per pose<\/b><span style=\"font-weight: 400;\"> (20 mg\/g) er den bygget til erfarne brugere, der s\u00f8ger h\u00f8j ydeevne og iskoldt opfriskning.<\/span><\/p>\n<p><span style=\"font-weight: 400;\">Disse helt hvide poser passer diskret under l\u00e6ben og er skabt for at undg\u00e5 tandmisfarvning eller ubehag. Tobaksofri og produceret med premium plantebaserede ingredienser er NOIS Mint 20mg det ideelle valg for alle, der s\u00f8ger et rent, st\u00e6rkt og oplivende nikotinalternativ.<\/span><\/p>\n<p><b>Specifikationer<\/b><\/p>\n<table>\n<tbody>\n<tr>\n<td><b>Attribute<\/b><\/td>\n<td><b>Detaljer<\/b><\/td>\n<\/tr>\n<tr>\n<td><b>M\u00e6rke<\/b><\/td>\n<td><span style=\"font-weight: 400;\">NOIS<\/span><\/td>\n<\/tr>\n<tr>\n<td><b>Produkttype<\/b><\/td>\n<td><span style=\"font-weight: 400;\">Alt hvide nikotinposer<\/span><\/td>\n<\/tr>\n<tr>\n<td><b>Format<\/b><\/td>\n<td><span style=\"font-weight: 400;\">Slim<\/span><\/td>\n<\/tr>\n<tr>\n<td><b>Smag<\/b><\/td>\n<td><span style=\"font-weight: 400;\">Mint<\/span><\/td>\n<\/tr>\n<tr>\n<td><b>Nikotinstyrke<\/b><\/td>\n<td><span style=\"font-weight: 400;\">10 mg per pose (20 mg\/g)<\/span><\/td>\n<\/tr>\n<tr>\n<td><b>Portionsv\u00e6gt<\/b><\/td>\n<td><span style=\"font-weight: 400;\">0,5 gram<\/span><\/td>\n<\/tr>\n<tr>\n<td><b>Antal portioner<\/b><\/td>\n<td><span style=\"font-weight: 400;\">22 pr. d\u00e5se<\/span><\/td>\n<\/tr>\n<tr>\n<td><b>Samlet d\u00e5sev\u00e6gt<\/b><\/td>\n<td><span style=\"font-weight: 400;\">11 gram<\/span><\/td>\n<\/tr>\n<tr>\n<td><b>Producent<\/b><\/td>\n<td><span style=\"font-weight: 400;\">HRJ Production O\u00dc<\/span><\/td>\n<\/tr>\n<tr>\n<td><b>Bem\u00e6rkelsesv\u00e6rdige funktioner<\/b><\/td>\n<td><span style=\"font-weight: 400;\">Tobaksfrit, slankt format, ultraopfriskende mintsmag med ekstra st\u00e6rk nikotin<\/span><\/td>\n<\/tr>\n<\/tbody>\n<\/table>","protected":false},"excerpt":{"rendered":"<p><span style=\"font-weight: 400;\">NOIS Mint 20mg leverer en <\/span><b>intens frisk og k\u00f8lig mintsmag<\/b><span style=\"font-weight: 400;\">, designet til at v\u00e6kke dine sanser med en spr\u00f8d og ren fornemmelse. Perfekt for brugere, der elsker klassiske mintposer med en ekstra st\u00e6rk nikotinkick, leverer hver slankt pose en hurtig og tilfredsstillende oplevelse. Med <\/span><b>10 mg nikotin per pose<\/b><span style=\"font-weight: 400;\"> (20 mg\/g) er den bygget til erfarne brugere, der s\u00f8ger h\u00f8j ydeevne og iskoldt opfriskning.<\/span><\/p>","protected":false},"featured_media":14214,"comment_status":"open","ping_status":"closed","template":"","format":[206],"meta":{"_acf_changed":false},"product_brand":[],"product_cat":[127],"product_tag":[16587,16510],"flavours":[199],"nicotine":[218,232],"class_list":{"0":"post-14210","1":"product","2":"type-product","3":"status-publish","4":"has-post-thumbnail","6":"product_cat-nois","7":"product_tag-10-mg-pouch","8":"product_tag-12-off","9":"pa_quantity-1-pack","10":"pa_quantity-10-pack","11":"pa_quantity-3-pack","12":"pa_quantity-30-pack","13":"pa_quantity-5-pack","14":"pa_quantity-60-pack","15":"flavours-mint","16":"format-slim","17":"nicotine-20-mg-g","18":"nicotine-extra-strong","20":"first","21":"outofstock","22":"sale","23":"taxable","24":"shipping-taxable","25":"purchasable","26":"product-type-variable","27":"has-default-attributes"},"acf":[],"_links":{"self":[{"href":"https:\/\/whitelip.com\/da\/wp-json\/wp\/v2\/product\/14210","targetHints":{"allow":["GET"]}}],"collection":[{"href":"https:\/\/whitelip.com\/da\/wp-json\/wp\/v2\/product"}],"about":[{"href":"https:\/\/whitelip.com\/da\/wp-json\/wp\/v2\/types\/product"}],"replies":[{"embeddable":true,"href":"https:\/\/whitelip.com\/da\/wp-json\/wp\/v2\/comments?post=14210"}],"wp:featuredmedia":[{"embeddable":true,"href":"https:\/\/whitelip.com\/da\/wp-json\/wp\/v2\/media\/14214"}],"wp:attachment":[{"href":"https:\/\/whitelip.com\/da\/wp-json\/wp\/v2\/media?parent=14210"}],"wp:term":[{"taxonomy":"product_brand","embeddable":true,"href":"https:\/\/whitelip.com\/da\/wp-json\/wp\/v2\/product_brand?post=14210"},{"taxonomy":"product_cat","embeddable":true,"href":"https:\/\/whitelip.com\/da\/wp-json\/wp\/v2\/product_cat?post=14210"},{"taxonomy":"product_tag","embeddable":true,"href":"https:\/\/whitelip.com\/da\/wp-json\/wp\/v2\/product_tag?post=14210"},{"taxonomy":"flavours","embeddable":true,"href":"https:\/\/whitelip.com\/da\/wp-json\/wp\/v2\/flavours?post=14210"},{"taxonomy":"format","embeddable":true,"href":"https:\/\/whitelip.com\/da\/wp-json\/wp\/v2\/format?post=14210"},{"taxonomy":"nicotine","embeddable":true,"href":"https:\/\/whitelip.com\/da\/wp-json\/wp\/v2\/nicotine?post=14210"}],"curies":[{"name":"wp","href":"https:\/\/api.w.org\/{rel}","templated":true}]}}