{"id":10740,"date":"2025-06-23T10:40:17","date_gmt":"2025-06-23T10:40:17","guid":{"rendered":"https:\/\/whitelip.com\/pablo-gold-edition-frosted-mint\/"},"modified":"2026-04-17T09:19:55","modified_gmt":"2026-04-17T09:19:55","slug":"pablo-gold-edition-frosted-mint","status":"publish","type":"product","link":"https:\/\/whitelip.com\/da\/pablo\/pablo-gold-edition-frosted-mint\/","title":{"rendered":"PABLO Gold Edition Frosted Mint"},"content":{"rendered":"<h2><strong>PABLO Gold Edition Frosted Mint<\/strong><\/h2>\n<p class=\"\" data-start=\"100\" data-end=\"587\">PABLO Gold Edition Frosted Mint nikotinposer tilbyder en dristig og isy mintsmag, der leverer et piercingly koldt kick med hver pude. Designet til brugere, der \u00f8nsker en st\u00e6rk, frisk mintprofil parret med h\u00f8j nikotinintensitet, sikrer denne pude en kraftfuld og langvarig fornemmelse. Med dets rene, tobaksfrie format og slim design, er det ideelt til diskret brug med maksimal virkning.<\/p>\n<table>\n<tbody>\n<tr>\n<td><b>Attribute<\/b><\/td>\n<td><b>Detaljer<\/b><\/td>\n<\/tr>\n<tr>\n<td><b>Indhold pr. d\u00e5se<\/b><\/td>\n<td><span style=\"font-weight: 400;\">15g (20 poser)<\/span><\/td>\n<\/tr>\n<tr>\n<td><b>Nikotinindhold<\/b><\/td>\n<td><span style=\"font-weight: 400;\">28 mg\/g (17 mg pr. pude)<\/span><\/td>\n<\/tr>\n<tr>\n<td><b>Poseformat<\/b><\/td>\n<td><span style=\"font-weight: 400;\">Slim<\/span><\/td>\n<\/tr>\n<tr>\n<td><b>Producent<\/b><\/td>\n<td><span style=\"font-weight: 400;\">N.G.P Empire<\/span><\/td>\n<\/tr>\n<tr>\n<td><b>Smag<\/b><\/td>\n<td><span style=\"font-weight: 400;\">Frosted Mint (dristig &amp; isy)<\/span><\/td>\n<\/tr>\n<tr>\n<td><b>Type<\/b><\/td>\n<td><span style=\"font-weight: 400;\">Alt hvid pouch, Tobaksri<\/span><\/td>\n<\/tr>\n<\/tbody>\n<\/table>","protected":false},"excerpt":{"rendered":"<p>PABLO Gold Edition Frosted Mint nikotinposer leverer en dristig, isy <strong data-start=\"69\" data-end=\"85\">Frosted Mint<\/strong> smag med et piercingly koldt, langvarigt kick. <strong data-start=\"136\" data-end=\"144\">Slim<\/strong>, tobaksfrit format til diskret brug med st\u00e6rk virkning. Hver pude indeholder <strong data-start=\"223\" data-end=\"241\">17 mg nikotin<\/strong>.<\/p>","protected":false},"featured_media":10741,"comment_status":"open","ping_status":"closed","template":"","format":[206],"meta":{"_acf_changed":false},"product_brand":[],"product_cat":[44],"product_tag":[16996],"flavours":[199],"nicotine":[220,232],"class_list":{"0":"post-10740","1":"product","2":"type-product","3":"status-publish","4":"has-post-thumbnail","6":"product_cat-pablo","7":"product_tag-17-mg-pouch","8":"pa_quantity-1-pack","9":"pa_quantity-10-pack","10":"pa_quantity-3-pack","11":"pa_quantity-30-pack","12":"pa_quantity-5-pack","13":"pa_quantity-60-pack","14":"flavours-mint","15":"format-slim","16":"nicotine-28-mg-g","17":"nicotine-extra-strong","19":"first","20":"outofstock","21":"taxable","22":"shipping-taxable","23":"purchasable","24":"product-type-variable","25":"has-default-attributes"},"acf":[],"_links":{"self":[{"href":"https:\/\/whitelip.com\/da\/wp-json\/wp\/v2\/product\/10740","targetHints":{"allow":["GET"]}}],"collection":[{"href":"https:\/\/whitelip.com\/da\/wp-json\/wp\/v2\/product"}],"about":[{"href":"https:\/\/whitelip.com\/da\/wp-json\/wp\/v2\/types\/product"}],"replies":[{"embeddable":true,"href":"https:\/\/whitelip.com\/da\/wp-json\/wp\/v2\/comments?post=10740"}],"wp:featuredmedia":[{"embeddable":true,"href":"https:\/\/whitelip.com\/da\/wp-json\/wp\/v2\/media\/10741"}],"wp:attachment":[{"href":"https:\/\/whitelip.com\/da\/wp-json\/wp\/v2\/media?parent=10740"}],"wp:term":[{"taxonomy":"product_brand","embeddable":true,"href":"https:\/\/whitelip.com\/da\/wp-json\/wp\/v2\/product_brand?post=10740"},{"taxonomy":"product_cat","embeddable":true,"href":"https:\/\/whitelip.com\/da\/wp-json\/wp\/v2\/product_cat?post=10740"},{"taxonomy":"product_tag","embeddable":true,"href":"https:\/\/whitelip.com\/da\/wp-json\/wp\/v2\/product_tag?post=10740"},{"taxonomy":"flavours","embeddable":true,"href":"https:\/\/whitelip.com\/da\/wp-json\/wp\/v2\/flavours?post=10740"},{"taxonomy":"format","embeddable":true,"href":"https:\/\/whitelip.com\/da\/wp-json\/wp\/v2\/format?post=10740"},{"taxonomy":"nicotine","embeddable":true,"href":"https:\/\/whitelip.com\/da\/wp-json\/wp\/v2\/nicotine?post=10740"}],"curies":[{"name":"wp","href":"https:\/\/api.w.org\/{rel}","templated":true}]}}