{"id":10625,"date":"2025-05-23T12:57:14","date_gmt":"2025-05-23T12:57:14","guid":{"rendered":"https:\/\/whitelip.com\/77-ghost-mango-mini\/"},"modified":"2026-04-15T10:21:30","modified_gmt":"2026-04-15T10:21:30","slug":"77-ghost-mango-mini","status":"publish","type":"product","link":"https:\/\/whitelip.com\/da\/77\/77-ghost-mango-mini\/","title":{"rendered":"77 Ghost Mango Mini"},"content":{"rendered":"<h2><strong>77 Ghost Mango Mini<\/strong><\/h2>\n<p class=\"\" data-start=\"62\" data-end=\"607\">77 Ghost Mango Mini nikotinpuderne leverer en dristig og kraftfuld smag med en unik blanding af intens mango og subtil s\u00f8de. Hver mini, helt hvid pude indeholder 20 mg nikotin og giver en st\u00e6rk og tilfredsstillende oplevelse skr\u00e6ddersyet til erfarne brugere. Det diskrete design sikrer en komfortabel pasform under l\u00e6ben, hvilket g\u00f8r det muligt at bruge det uden nogen risiko for at blive tandplettet. Produceret af 77 Group eksemplificerer disse tobaksfrije pladser h\u00f8je kvalitetsstandarder og tilbyder b\u00e5de intens smag og en ren, bekvem oplevelse.<\/p>\n<table>\n<tbody>\n<tr>\n<td><b>Attribute<\/b><\/td>\n<td><b>Detaljer<\/b><\/td>\n<\/tr>\n<tr>\n<td><b>Indhold pr. d\u00e5se<\/b><\/td>\n<td><span style=\"font-weight: 400;\">13g (24 pladser)<\/span><\/td>\n<\/tr>\n<tr>\n<td><b>Nikotinindhold<\/b><\/td>\n<td><span style=\"font-weight: 400;\">40 mg\/g (20 mg pr. pude)<\/span><\/td>\n<\/tr>\n<tr>\n<td><b>Poseformat<\/b><\/td>\n<td><span style=\"font-weight: 400;\">Mini<\/span><\/td>\n<\/tr>\n<tr>\n<td><b>Producent<\/b><\/td>\n<td><span style=\"font-weight: 400;\">77 Group<\/span><\/td>\n<\/tr>\n<tr>\n<td><b>Smag<\/b><\/td>\n<td><span style=\"font-weight: 400;\">Mango<\/span><\/td>\n<\/tr>\n<tr>\n<td><b>Type<\/b><\/td>\n<td><span style=\"font-weight: 400;\">Helt hvid pose<\/span><\/td>\n<\/tr>\n<\/tbody>\n<\/table>","protected":false},"excerpt":{"rendered":"<p>Intens <strong>mango<\/strong> med et touch af s\u00f8dt til en dristig, kraftfuld smag. Den <strong>mini<\/strong>, helt hvide pladser sidder diskret og komfortabelt under l\u00e6ben til ren, pletfri brug. Hver pude leverer <strong data-start=\"234\" data-end=\"252\">20 mg nikotin<\/strong>, skr\u00e6ddersyet til erfarne brugere, der s\u00f8ger et st\u00e6rkt kick.<\/p>","protected":false},"featured_media":10626,"comment_status":"open","ping_status":"closed","template":"","format":[205],"meta":{"_acf_changed":false},"product_brand":[],"product_cat":[23],"product_tag":[16545],"flavours":[185,196],"nicotine":[225,233],"class_list":{"0":"post-10625","1":"product","2":"type-product","3":"status-publish","4":"has-post-thumbnail","6":"product_cat-23","7":"product_tag-20-mg-pouch","8":"pa_quantity-1-pack","9":"pa_quantity-10-pack","10":"pa_quantity-3-pack","11":"pa_quantity-30-pack","12":"pa_quantity-5-pack","13":"pa_quantity-60-pack","14":"flavours-candy","15":"flavours-fruits-berries","16":"format-mini","17":"nicotine-40-mg-g","18":"nicotine-extreme","20":"first","21":"instock","22":"taxable","23":"shipping-taxable","24":"purchasable","25":"product-type-variable","26":"has-default-attributes"},"acf":[],"_links":{"self":[{"href":"https:\/\/whitelip.com\/da\/wp-json\/wp\/v2\/product\/10625","targetHints":{"allow":["GET"]}}],"collection":[{"href":"https:\/\/whitelip.com\/da\/wp-json\/wp\/v2\/product"}],"about":[{"href":"https:\/\/whitelip.com\/da\/wp-json\/wp\/v2\/types\/product"}],"replies":[{"embeddable":true,"href":"https:\/\/whitelip.com\/da\/wp-json\/wp\/v2\/comments?post=10625"}],"wp:featuredmedia":[{"embeddable":true,"href":"https:\/\/whitelip.com\/da\/wp-json\/wp\/v2\/media\/10626"}],"wp:attachment":[{"href":"https:\/\/whitelip.com\/da\/wp-json\/wp\/v2\/media?parent=10625"}],"wp:term":[{"taxonomy":"product_brand","embeddable":true,"href":"https:\/\/whitelip.com\/da\/wp-json\/wp\/v2\/product_brand?post=10625"},{"taxonomy":"product_cat","embeddable":true,"href":"https:\/\/whitelip.com\/da\/wp-json\/wp\/v2\/product_cat?post=10625"},{"taxonomy":"product_tag","embeddable":true,"href":"https:\/\/whitelip.com\/da\/wp-json\/wp\/v2\/product_tag?post=10625"},{"taxonomy":"flavours","embeddable":true,"href":"https:\/\/whitelip.com\/da\/wp-json\/wp\/v2\/flavours?post=10625"},{"taxonomy":"format","embeddable":true,"href":"https:\/\/whitelip.com\/da\/wp-json\/wp\/v2\/format?post=10625"},{"taxonomy":"nicotine","embeddable":true,"href":"https:\/\/whitelip.com\/da\/wp-json\/wp\/v2\/nicotine?post=10625"}],"curies":[{"name":"wp","href":"https:\/\/api.w.org\/{rel}","templated":true}]}}