{"id":10620,"date":"2025-05-23T12:53:22","date_gmt":"2025-05-23T12:53:22","guid":{"rendered":"https:\/\/whitelip.com\/77-ghost-bubble-gum-mini\/"},"modified":"2026-05-06T17:40:09","modified_gmt":"2026-05-06T17:40:09","slug":"77-ghost-bubble-gum-mini","status":"publish","type":"product","link":"https:\/\/whitelip.com\/da\/77\/77-ghost-bubble-gum-mini\/","title":{"rendered":"77 Ghost Bubble Gum Mini"},"content":{"rendered":"<h2><strong>77 Ghost Bubble Gum Mini<\/strong><\/h2>\n<p class=\"\" data-start=\"62\" data-end=\"607\">77 Ghost Bubble Gum Mini nikotinpuderne leverer en dristig og kraftfuld smag med en unik blanding af intens tyggegummi og subtil s\u00f8de. Hver mini, helt hvid pude indeholder 20 mg nikotin og giver en st\u00e6rk og tilfredsstillende oplevelse skr\u00e6ddersyet til erfarne brugere. Det diskrete design sikrer en komfortabel pasform under l\u00e6ben, hvilket g\u00f8r det muligt at bruge det uden nogen risiko for at blive tandplettet. Produceret af 77 Group eksemplificerer disse tobaksfrije pladser h\u00f8je kvalitetsstandarder og tilbyder b\u00e5de intens smag og en ren, bekvem oplevelse.<\/p>\n<table>\n<tbody>\n<tr>\n<td><b>Attribute<\/b><\/td>\n<td><b>Detaljer<\/b><\/td>\n<\/tr>\n<tr>\n<td><b>Indhold pr. d\u00e5se<\/b><\/td>\n<td><span style=\"font-weight: 400;\">13g (24 pladser)<\/span><\/td>\n<\/tr>\n<tr>\n<td><b>Nikotinindhold<\/b><\/td>\n<td><span style=\"font-weight: 400;\">40 mg\/g (20 mg pr. pude)<\/span><\/td>\n<\/tr>\n<tr>\n<td><b>Poseformat<\/b><\/td>\n<td><span style=\"font-weight: 400;\">Mini<\/span><\/td>\n<\/tr>\n<tr>\n<td><b>Producent<\/b><\/td>\n<td><span style=\"font-weight: 400;\">77 Group<\/span><\/td>\n<\/tr>\n<tr>\n<td><b>Smag<\/b><\/td>\n<td><span style=\"font-weight: 400;\">Tyggegummi<\/span><\/td>\n<\/tr>\n<tr>\n<td><b>Type<\/b><\/td>\n<td><span style=\"font-weight: 400;\">Helt hvid pose<\/span><\/td>\n<\/tr>\n<\/tbody>\n<\/table>","protected":false},"excerpt":{"rendered":"<p>Intens <strong>tyggegummi<\/strong> smag med et touch af s\u00f8dt til en dristig, nostalgisk smag. Den <strong>mini<\/strong>, helt hvide pladser sidder diskret og komfortabelt under l\u00e6ben til ren, pletfri brug. Hver pude leverer <strong data-start=\"252\" data-end=\"270\">20 mg nikotin<\/strong>, egnet til erfarne brugere, der \u00f8nsker et st\u00e6rkt kick.<\/p>","protected":false},"featured_media":10621,"comment_status":"open","ping_status":"closed","template":"","format":[205],"meta":{"_acf_changed":false},"product_brand":[],"product_cat":[23],"product_tag":[16545],"flavours":[185],"nicotine":[225,233],"class_list":{"0":"post-10620","1":"product","2":"type-product","3":"status-publish","4":"has-post-thumbnail","6":"product_cat-23","7":"product_tag-20-mg-pouch","8":"pa_quantity-1-pack","9":"pa_quantity-10-pack","10":"pa_quantity-3-pack","11":"pa_quantity-30-pack","12":"pa_quantity-5-pack","13":"pa_quantity-60-pack","14":"flavours-candy","15":"format-mini","16":"nicotine-40-mg-g","17":"nicotine-extreme","19":"first","20":"instock","21":"taxable","22":"shipping-taxable","23":"purchasable","24":"product-type-variable"},"acf":[],"_links":{"self":[{"href":"https:\/\/whitelip.com\/da\/wp-json\/wp\/v2\/product\/10620","targetHints":{"allow":["GET"]}}],"collection":[{"href":"https:\/\/whitelip.com\/da\/wp-json\/wp\/v2\/product"}],"about":[{"href":"https:\/\/whitelip.com\/da\/wp-json\/wp\/v2\/types\/product"}],"replies":[{"embeddable":true,"href":"https:\/\/whitelip.com\/da\/wp-json\/wp\/v2\/comments?post=10620"}],"wp:featuredmedia":[{"embeddable":true,"href":"https:\/\/whitelip.com\/da\/wp-json\/wp\/v2\/media\/10621"}],"wp:attachment":[{"href":"https:\/\/whitelip.com\/da\/wp-json\/wp\/v2\/media?parent=10620"}],"wp:term":[{"taxonomy":"product_brand","embeddable":true,"href":"https:\/\/whitelip.com\/da\/wp-json\/wp\/v2\/product_brand?post=10620"},{"taxonomy":"product_cat","embeddable":true,"href":"https:\/\/whitelip.com\/da\/wp-json\/wp\/v2\/product_cat?post=10620"},{"taxonomy":"product_tag","embeddable":true,"href":"https:\/\/whitelip.com\/da\/wp-json\/wp\/v2\/product_tag?post=10620"},{"taxonomy":"flavours","embeddable":true,"href":"https:\/\/whitelip.com\/da\/wp-json\/wp\/v2\/flavours?post=10620"},{"taxonomy":"format","embeddable":true,"href":"https:\/\/whitelip.com\/da\/wp-json\/wp\/v2\/format?post=10620"},{"taxonomy":"nicotine","embeddable":true,"href":"https:\/\/whitelip.com\/da\/wp-json\/wp\/v2\/nicotine?post=10620"}],"curies":[{"name":"wp","href":"https:\/\/api.w.org\/{rel}","templated":true}]}}