{"id":10610,"date":"2025-05-22T10:41:34","date_gmt":"2025-05-22T10:41:34","guid":{"rendered":"https:\/\/whitelip.com\/smogen-westcoast-berries\/"},"modified":"2026-04-17T12:11:20","modified_gmt":"2026-04-17T12:11:20","slug":"smogen-westcoast-berries","status":"publish","type":"product","link":"https:\/\/whitelip.com\/da\/smogen\/smogen-westcoast-berries\/","title":{"rendered":"SM\u00d6GEN Westcoast Berries"},"content":{"rendered":"<h2><b>SM\u00d6GEN Westcoast Berries<\/b><\/h2>\n<p><span style=\"font-weight: 400;\">SM\u00d6GEN Westcoast Berries nikotinposer er inspireret af den barske kystlinje p\u00e5 Sveriges vestkyst, hvor bare klipper m\u00f8der havets ubarmhjertige kraft. P\u00e5 trods af det barske, vindpibet terr\u00e6n og n\u00e6sten frav\u00e6ret af tr\u00e6er, er de utallige sm\u00e5 \u00f8er, \u00f8er og sk\u00e6r omkring Sm\u00f6gen uventet rige p\u00e5 ville b\u00e6rbusker. Selv de mindste udl\u00f8bere giver ofte overraskende m\u00e6ngder af bromb\u00e6r, hindb\u00e6r og bl\u00e5b\u00e6r. Denne smag fanger den vilde, kystn\u00e6re b\u00e6rblandingsssmag \u2014 s\u00f8dt, syrligt og forfriskende. Hver slim, alt-hvidt pose indeholder 8 mg nikotin, hvilket giver en tilfredsstillende oplevelse med en smag af naturlig nordisk modstand. Fremstillet i Sverige blander SM\u00d6GEN Westcoast Berries tradition, natur og styrke i et tobaksfrit poseformat.<\/span><\/p>\n<table>\n<tbody>\n<tr>\n<td><b>Attribute<\/b><\/td>\n<td><b>Detaljer<\/b><\/td>\n<\/tr>\n<tr>\n<td><b>Indhold pr. d\u00e5se<\/b><\/td>\n<td><span style=\"font-weight: 400;\">12g (20 poser)<\/span><\/td>\n<\/tr>\n<tr>\n<td><b>Nikotinindhold<\/b><\/td>\n<td><span style=\"font-weight: 400;\">13mg\/g (8 mg pr. pose)<\/span><\/td>\n<\/tr>\n<tr>\n<td><b>Poseformat<\/b><\/td>\n<td><span style=\"font-weight: 400;\">Slim<\/span><\/td>\n<\/tr>\n<tr>\n<td><b>Producent<\/b><\/td>\n<td><span style=\"font-weight: 400;\">SM\u00d6GEN<\/span><\/td>\n<\/tr>\n<tr>\n<td><b>Smag<\/b><\/td>\n<td><span style=\"font-weight: 400;\">Ville b\u00e6r (bromb\u00e6r, hindb\u00e6r, bl\u00e5b\u00e6r)<\/span><\/td>\n<\/tr>\n<tr>\n<td><b>Type<\/b><\/td>\n<td><span style=\"font-weight: 400;\">Helt hvid pose<\/span><\/td>\n<\/tr>\n<\/tbody>\n<\/table>","protected":false},"excerpt":{"rendered":"<p>SM\u00d6GEN Westcoast Berries nikotinposer leverer en s\u00f8d, syrlig <strong data-start=\"65\" data-end=\"86\">Westcoast Berries<\/strong> smag inspireret af Sveriges barske vestkyst. <strong data-start=\"134\" data-end=\"142\">Slim<\/strong>, alt-hvidt format til diskret, komfortabel brug. Hver pose indeholder <strong data-start=\"212\" data-end=\"229\">8 mg nikotin<\/strong>. Fremstillet i Sverige for en forfriskende smag med naturlig nordisk karakter.<\/p>","protected":false},"featured_media":3424,"comment_status":"open","ping_status":"closed","template":"","format":[206],"meta":{"_acf_changed":false},"product_brand":[],"product_cat":[114],"product_tag":[16583],"flavours":[196],"nicotine":[210,232],"class_list":{"0":"post-10610","1":"product","2":"type-product","3":"status-publish","4":"has-post-thumbnail","6":"product_cat-smogen","7":"product_tag-8-mg-pouch","8":"pa_quantity-1-pack","9":"pa_quantity-10-pack","10":"pa_quantity-3-pack","11":"pa_quantity-30-pack","12":"pa_quantity-5-pack","13":"pa_quantity-60-pack","14":"flavours-fruits-berries","15":"format-slim","16":"nicotine-13-mg-g","17":"nicotine-extra-strong","19":"first","20":"outofstock","21":"taxable","22":"shipping-taxable","23":"purchasable","24":"product-type-variable"},"acf":[],"_links":{"self":[{"href":"https:\/\/whitelip.com\/da\/wp-json\/wp\/v2\/product\/10610","targetHints":{"allow":["GET"]}}],"collection":[{"href":"https:\/\/whitelip.com\/da\/wp-json\/wp\/v2\/product"}],"about":[{"href":"https:\/\/whitelip.com\/da\/wp-json\/wp\/v2\/types\/product"}],"replies":[{"embeddable":true,"href":"https:\/\/whitelip.com\/da\/wp-json\/wp\/v2\/comments?post=10610"}],"wp:featuredmedia":[{"embeddable":true,"href":"https:\/\/whitelip.com\/da\/wp-json\/wp\/v2\/media\/3424"}],"wp:attachment":[{"href":"https:\/\/whitelip.com\/da\/wp-json\/wp\/v2\/media?parent=10610"}],"wp:term":[{"taxonomy":"product_brand","embeddable":true,"href":"https:\/\/whitelip.com\/da\/wp-json\/wp\/v2\/product_brand?post=10610"},{"taxonomy":"product_cat","embeddable":true,"href":"https:\/\/whitelip.com\/da\/wp-json\/wp\/v2\/product_cat?post=10610"},{"taxonomy":"product_tag","embeddable":true,"href":"https:\/\/whitelip.com\/da\/wp-json\/wp\/v2\/product_tag?post=10610"},{"taxonomy":"flavours","embeddable":true,"href":"https:\/\/whitelip.com\/da\/wp-json\/wp\/v2\/flavours?post=10610"},{"taxonomy":"format","embeddable":true,"href":"https:\/\/whitelip.com\/da\/wp-json\/wp\/v2\/format?post=10610"},{"taxonomy":"nicotine","embeddable":true,"href":"https:\/\/whitelip.com\/da\/wp-json\/wp\/v2\/nicotine?post=10610"}],"curies":[{"name":"wp","href":"https:\/\/api.w.org\/{rel}","templated":true}]}}