{"id":10600,"date":"2025-05-22T10:41:37","date_gmt":"2025-05-22T10:41:37","guid":{"rendered":"https:\/\/whitelip.com\/smogen-seabreeze-mint\/"},"modified":"2026-05-06T10:11:23","modified_gmt":"2026-05-06T10:11:23","slug":"smogen-seabreeze-mint","status":"publish","type":"product","link":"https:\/\/whitelip.com\/da\/smogen\/smogen-seabreeze-mint\/","title":{"rendered":"SM\u00d6GEN Seabreeze Mint"},"content":{"rendered":"<h2><b>SM\u00d6GEN Seabreeze Mint<\/b><\/h2>\n<p><span style=\"font-weight: 400;\">SM\u00d6GEN Seabreeze Mint nikotinposer fanger den k\u00f8lige, forfriskende fornemmelse af en kystbrise p\u00e5 en solrig sommerdag. Inspireret af \"sj\u00f6bris\" \u2014 en velkendt vind langs Sveriges vestkyst \u2014 tilbyder denne smag en frisk mintprofil med ren, luftig friskhed. Hver slim, alt-hvidt pose indeholder 8 mg nikotin, hvilket g\u00f8r det egnet til almindelige brugere, der s\u00f8ger en balanceret og oplivende oplevelse. Det diskrete format sikrer en komfortabel pasform under l\u00e6ben, idealt til brug hele dagen uden at farve t\u00e6nderne. Fremstillet i Sverige leverer SM\u00d6GEN en tobaksfri pose rodf\u00e6stet i maritim karakter og sommerlivlighed.<\/span><\/p>\n<table>\n<tbody>\n<tr>\n<td><b>Attribute<\/b><\/td>\n<td><b>Detaljer<\/b><\/td>\n<\/tr>\n<tr>\n<td><b>Indhold pr. d\u00e5se<\/b><\/td>\n<td><span style=\"font-weight: 400;\">12g (20 poser)<\/span><\/td>\n<\/tr>\n<tr>\n<td><b>Nikotinindhold<\/b><\/td>\n<td><span style=\"font-weight: 400;\">13mg\/g (8 mg pr. pose)<\/span><\/td>\n<\/tr>\n<tr>\n<td><b>Poseformat<\/b><\/td>\n<td><span style=\"font-weight: 400;\">Slim<\/span><\/td>\n<\/tr>\n<tr>\n<td><b>Producent<\/b><\/td>\n<td><span style=\"font-weight: 400;\">SM\u00d6GEN<\/span><\/td>\n<\/tr>\n<tr>\n<td><b>Smag<\/b><\/td>\n<td><span style=\"font-weight: 400;\">Mint (Seabreeze-inspireret)<\/span><\/td>\n<\/tr>\n<tr>\n<td><b>Type<\/b><\/td>\n<td><span style=\"font-weight: 400;\">Helt hvid pose<\/span><\/td>\n<\/tr>\n<\/tbody>\n<\/table>","protected":false},"excerpt":{"rendered":"<p>SM\u00d6GEN Seabreeze Mint nikotinposer leverer en frisk, forfriskende <strong data-start=\"67\" data-end=\"85\">Seabreeze Mint<\/strong> smag inspireret af Sveriges vestkyst. <strong data-start=\"126\" data-end=\"134\">Slim<\/strong>, alt-hvidt format til diskret, komfortabel brug med ren, luftig friskhed. Hver pose indeholder <strong data-start=\"231\" data-end=\"248\">8 mg nikotin<\/strong>. H\u00e5ndv\u00e6rket fra Sverige for en balanceret, oplivende oplevelse.<\/p>","protected":false},"featured_media":3422,"comment_status":"open","ping_status":"closed","template":"","format":[206],"meta":{"_acf_changed":false},"product_brand":[],"product_cat":[114],"product_tag":[16583],"flavours":[199],"nicotine":[210,232],"class_list":{"0":"post-10600","1":"product","2":"type-product","3":"status-publish","4":"has-post-thumbnail","6":"product_cat-smogen","7":"product_tag-8-mg-pouch","8":"pa_quantity-1-pack","9":"pa_quantity-10-pack","10":"pa_quantity-3-pack","11":"pa_quantity-30-pack","12":"pa_quantity-5-pack","13":"pa_quantity-60-pack","14":"flavours-mint","15":"format-slim","16":"nicotine-13-mg-g","17":"nicotine-extra-strong","19":"first","20":"outofstock","21":"taxable","22":"shipping-taxable","23":"purchasable","24":"product-type-variable"},"acf":[],"_links":{"self":[{"href":"https:\/\/whitelip.com\/da\/wp-json\/wp\/v2\/product\/10600","targetHints":{"allow":["GET"]}}],"collection":[{"href":"https:\/\/whitelip.com\/da\/wp-json\/wp\/v2\/product"}],"about":[{"href":"https:\/\/whitelip.com\/da\/wp-json\/wp\/v2\/types\/product"}],"replies":[{"embeddable":true,"href":"https:\/\/whitelip.com\/da\/wp-json\/wp\/v2\/comments?post=10600"}],"wp:featuredmedia":[{"embeddable":true,"href":"https:\/\/whitelip.com\/da\/wp-json\/wp\/v2\/media\/3422"}],"wp:attachment":[{"href":"https:\/\/whitelip.com\/da\/wp-json\/wp\/v2\/media?parent=10600"}],"wp:term":[{"taxonomy":"product_brand","embeddable":true,"href":"https:\/\/whitelip.com\/da\/wp-json\/wp\/v2\/product_brand?post=10600"},{"taxonomy":"product_cat","embeddable":true,"href":"https:\/\/whitelip.com\/da\/wp-json\/wp\/v2\/product_cat?post=10600"},{"taxonomy":"product_tag","embeddable":true,"href":"https:\/\/whitelip.com\/da\/wp-json\/wp\/v2\/product_tag?post=10600"},{"taxonomy":"flavours","embeddable":true,"href":"https:\/\/whitelip.com\/da\/wp-json\/wp\/v2\/flavours?post=10600"},{"taxonomy":"format","embeddable":true,"href":"https:\/\/whitelip.com\/da\/wp-json\/wp\/v2\/format?post=10600"},{"taxonomy":"nicotine","embeddable":true,"href":"https:\/\/whitelip.com\/da\/wp-json\/wp\/v2\/nicotine?post=10600"}],"curies":[{"name":"wp","href":"https:\/\/api.w.org\/{rel}","templated":true}]}}