{"id":10585,"date":"2025-05-21T08:43:38","date_gmt":"2025-05-21T08:43:38","guid":{"rendered":"https:\/\/whitelip.com\/iceberg-blueberry-pie\/"},"modified":"2026-03-05T11:50:33","modified_gmt":"2026-03-05T11:50:33","slug":"iceberg-blueberry-pie","status":"publish","type":"product","link":"https:\/\/whitelip.com\/da\/iceberg\/iceberg-blueberry-pie\/","title":{"rendered":"ICEBERG Blueberry Pie"},"content":{"rendered":"<h2><strong>ICEBERG Blueberry Pie<\/strong><\/h2>\n<p class=\"\" data-start=\"89\" data-end=\"754\">ICEBERG Blueberry Pie nikotinpouches serverer en rig og frugtig dessertsmag, som blander s\u00f8theden fra modne bl\u00e5b\u00e6r med den varme, sm\u00f8rret smag af gylden osteskrald. Denne l\u00e6kker glat profil tilbyder en tr\u00f8stende twist p\u00e5 traditionelle pouch-smagene. Med et potent nikotinindhold p\u00e5 50 mg pr. gram \u2013 omkring 35 mg pr. pouch \u2013 er disse pouches designet til erfarne brugere, der nyder kraftig smag og h\u00f8j intensitet. D\u00e5sen i form af tykstykke indeholder 40 slanke pouches, som sikrer en komfortabel og diskret pasform under l\u00e6ben samtidig med at tilf\u00f8je et sjovt visuelt element. Fremstillet af Neoptolem i Polen, er ICEBERG Blueberry Pie tobaksfrit og fyldt med nostalgisk, bagerinspireret tilfredshed.<\/p>\n<p><b>Specifikationer<\/b><\/p>\n<table>\n<tbody>\n<tr>\n<td><b>Attribute<\/b><\/td>\n<td><b>Detaljer<\/b><\/td>\n<\/tr>\n<tr>\n<td><b>Indhold pr. d\u00e5se<\/b><\/td>\n<td><span style=\"font-weight: 400;\">13g (20 poser)<\/span><\/td>\n<\/tr>\n<tr>\n<td><b>Nikotinindhold<\/b><\/td>\n<td><span style=\"font-weight: 400;\">50 mg\/g (35 mg pr. pose)<\/span><\/td>\n<\/tr>\n<tr>\n<td><b>Poseformat<\/b><\/td>\n<td><span style=\"font-weight: 400;\">Slim<\/span><\/td>\n<\/tr>\n<tr>\n<td><b>Producent<\/b><\/td>\n<td><span style=\"font-weight: 400;\">Neoptolem<\/span><\/td>\n<\/tr>\n<tr>\n<td><b>Smag<\/b><\/td>\n<td><span style=\"font-weight: 400;\">Blueberry Pie (Bl\u00e5b\u00e6r, Pastry)<\/span><\/td>\n<\/tr>\n<tr>\n<td><b>Type<\/b><\/td>\n<td><span style=\"font-weight: 400;\">Helt hvid pose<\/span><\/td>\n<\/tr>\n<\/tbody>\n<\/table>","protected":false},"excerpt":{"rendered":"<p>ICEBERG Blueberry Pie nikotinpouches serverer en rig og frugtig dessertsmag, som blander s\u00f8theden fra modne bl\u00e5b\u00e6r med den varme, sm\u00f8rret smag af gylden osteskrald. Denne l\u00e6kker glat profil tilbyder en tr\u00f8stende twist p\u00e5 traditionelle pouch-smagene. Med et potent nikotinindhold p\u00e5 50 mg pr. gram \u2013 omkring 35 mg pr. pouch \u2013 er disse pouches designet til erfarne brugere, der nyder kraftig smag og h\u00f8j intensitet. D\u00e5sen i form af tykstykke indeholder 40 slanke pouches, som sikrer en komfortabel og diskret pasform under l\u00e6ben samtidig med at tilf\u00f8je et sjovt visuelt element. Fremstillet af Neoptolem i Polen, er ICEBERG Blueberry Pie tobaksfrit og fyldt med nostalgisk, bagerinspireret tilfredshed.<\/p>","protected":false},"featured_media":10586,"comment_status":"open","ping_status":"closed","template":"","format":[206],"meta":{"_acf_changed":false},"product_brand":[],"product_cat":[50],"product_tag":[16603],"flavours":[196],"nicotine":[226,233],"class_list":{"0":"post-10585","1":"product","2":"type-product","3":"status-publish","4":"has-post-thumbnail","6":"product_cat-iceberg","7":"product_tag-35-mg-pouch","8":"pa_quantity-1-pack","9":"pa_quantity-10-pack","10":"pa_quantity-2-pack","11":"pa_quantity-3-pack","12":"pa_quantity-30-pack","13":"pa_quantity-5-pack","14":"pa_quantity-60-pack","15":"flavours-fruits-berries","16":"format-slim","17":"nicotine-50-mg-g","18":"nicotine-extreme","20":"first","21":"outofstock","22":"taxable","23":"shipping-taxable","24":"purchasable","25":"product-type-variable","26":"has-default-attributes"},"acf":[],"_links":{"self":[{"href":"https:\/\/whitelip.com\/da\/wp-json\/wp\/v2\/product\/10585","targetHints":{"allow":["GET"]}}],"collection":[{"href":"https:\/\/whitelip.com\/da\/wp-json\/wp\/v2\/product"}],"about":[{"href":"https:\/\/whitelip.com\/da\/wp-json\/wp\/v2\/types\/product"}],"replies":[{"embeddable":true,"href":"https:\/\/whitelip.com\/da\/wp-json\/wp\/v2\/comments?post=10585"}],"wp:featuredmedia":[{"embeddable":true,"href":"https:\/\/whitelip.com\/da\/wp-json\/wp\/v2\/media\/10586"}],"wp:attachment":[{"href":"https:\/\/whitelip.com\/da\/wp-json\/wp\/v2\/media?parent=10585"}],"wp:term":[{"taxonomy":"product_brand","embeddable":true,"href":"https:\/\/whitelip.com\/da\/wp-json\/wp\/v2\/product_brand?post=10585"},{"taxonomy":"product_cat","embeddable":true,"href":"https:\/\/whitelip.com\/da\/wp-json\/wp\/v2\/product_cat?post=10585"},{"taxonomy":"product_tag","embeddable":true,"href":"https:\/\/whitelip.com\/da\/wp-json\/wp\/v2\/product_tag?post=10585"},{"taxonomy":"flavours","embeddable":true,"href":"https:\/\/whitelip.com\/da\/wp-json\/wp\/v2\/flavours?post=10585"},{"taxonomy":"format","embeddable":true,"href":"https:\/\/whitelip.com\/da\/wp-json\/wp\/v2\/format?post=10585"},{"taxonomy":"nicotine","embeddable":true,"href":"https:\/\/whitelip.com\/da\/wp-json\/wp\/v2\/nicotine?post=10585"}],"curies":[{"name":"wp","href":"https:\/\/api.w.org\/{rel}","templated":true}]}}