{"id":10580,"date":"2025-05-21T07:54:44","date_gmt":"2025-05-21T07:54:44","guid":{"rendered":"https:\/\/whitelip.com\/iceberg-cherry-pie\/"},"modified":"2026-05-09T10:11:11","modified_gmt":"2026-05-09T10:11:11","slug":"iceberg-cherry-pie","status":"publish","type":"product","link":"https:\/\/whitelip.com\/da\/iceberg\/iceberg-cherry-pie\/","title":{"rendered":"ICEBERG Cherry Pie"},"content":{"rendered":"<h2><strong>ICEBERG Cherry Pie<\/strong><\/h2>\n<p class=\"\" data-start=\"89\" data-end=\"754\">ICEBERG Cherry Pie nikotinposer bringer den klassiske smag af s\u00f8de kirseb\u00e6r og sm\u00f8rret gourmet sammen i en dristig dessert-inspireret pose. Med noter af moden kirseb\u00e6rfyld og et hint af varm pieskj\u00e6ldecrust, tilbyder denne smag en rig og tr\u00f8stende oplevelse. Indeholdende et h\u00f8jt nikotinindhold p\u00e5 50 mg pr. gram \u2013 cirka 35 mg pr. pose \u2013 disse poser er lavet for erfarne brugere, der s\u00f8ger b\u00e5de intensitet og unik smag. Den pie-skive-formede d\u00e5se indeholder 40 poser i slim-format, som sikrer en komfortabel, diskret pasform under l\u00e6ben, samtidig med at der tilbydes noget visuelt og teksturelt anderledes. Produceret af Neoptolem i Polen, kombinerer ICEBERG Cherry Pie kreativitet, styrke og s\u00f8dhed i hver pose \u2013 tobaksfri.<\/p>\n<p><b>Specifikationer<\/b><\/p>\n<table>\n<tbody>\n<tr>\n<td><b>Attribute<\/b><\/td>\n<td><b>Detaljer<\/b><\/td>\n<\/tr>\n<tr>\n<td><b>Indhold pr. d\u00e5se<\/b><\/td>\n<td><span style=\"font-weight: 400;\">13g (20 poser)<\/span><\/td>\n<\/tr>\n<tr>\n<td><b>Nikotinindhold<\/b><\/td>\n<td><span style=\"font-weight: 400;\">50 mg\/g (35 mg pr. pose)<\/span><\/td>\n<\/tr>\n<tr>\n<td><b>Poseformat<\/b><\/td>\n<td><span style=\"font-weight: 400;\">Slim<\/span><\/td>\n<\/tr>\n<tr>\n<td><b>Producent<\/b><\/td>\n<td><span style=\"font-weight: 400;\">Neoptolem<\/span><\/td>\n<\/tr>\n<tr>\n<td><b>Smag<\/b><\/td>\n<td><span style=\"font-weight: 400;\">Cherry Pie (S\u00f8d kirseb\u00e6r, bageri)<\/span><\/td>\n<\/tr>\n<tr>\n<td><b>Type<\/b><\/td>\n<td><span style=\"font-weight: 400;\">Helt hvid pose<\/span><\/td>\n<\/tr>\n<\/tbody>\n<\/table>","protected":false},"excerpt":{"rendered":"<p>ICEBERG Cherry Pie nikotinposer bringer den klassiske smag af s\u00f8de kirseb\u00e6r og sm\u00f8rret gourmet sammen i en dristig dessert-inspireret pose. Med noter af moden kirseb\u00e6rfyld og et hint af varm pieskj\u00e6ldecrust, tilbyder denne smag en rig og tr\u00f8stende oplevelse. Indeholdende et h\u00f8jt nikotinindhold p\u00e5 50 mg pr. gram \u2013 cirka 35 mg pr. pose \u2013 disse poser er lavet for erfarne brugere, der s\u00f8ger b\u00e5de intensitet og unik smag. Den pie-skive-formede d\u00e5se indeholder 40 poser i slim-format, som sikrer en komfortabel, diskret pasform under l\u00e6ben, samtidig med at der tilbydes noget visuelt og teksturelt anderledes. Produceret af Neoptolem i Polen, kombinerer ICEBERG Cherry Pie kreativitet, styrke og s\u00f8dhed i hver pose \u2013 tobaksfri.<\/p>","protected":false},"featured_media":10581,"comment_status":"open","ping_status":"closed","template":"","format":[206],"meta":{"_acf_changed":false},"product_brand":[],"product_cat":[50],"product_tag":[16603],"flavours":[196],"nicotine":[226,233],"class_list":{"0":"post-10580","1":"product","2":"type-product","3":"status-publish","4":"has-post-thumbnail","6":"product_cat-iceberg","7":"product_tag-35-mg-pouch","8":"pa_quantity-1-pack","9":"pa_quantity-10-pack","10":"pa_quantity-2-pack","11":"pa_quantity-3-pack","12":"pa_quantity-30-pack","13":"pa_quantity-5-pack","14":"pa_quantity-60-pack","15":"flavours-fruits-berries","16":"format-slim","17":"nicotine-50-mg-g","18":"nicotine-extreme","20":"first","21":"outofstock","22":"taxable","23":"shipping-taxable","24":"purchasable","25":"product-type-variable","26":"has-default-attributes"},"acf":[],"_links":{"self":[{"href":"https:\/\/whitelip.com\/da\/wp-json\/wp\/v2\/product\/10580","targetHints":{"allow":["GET"]}}],"collection":[{"href":"https:\/\/whitelip.com\/da\/wp-json\/wp\/v2\/product"}],"about":[{"href":"https:\/\/whitelip.com\/da\/wp-json\/wp\/v2\/types\/product"}],"replies":[{"embeddable":true,"href":"https:\/\/whitelip.com\/da\/wp-json\/wp\/v2\/comments?post=10580"}],"wp:featuredmedia":[{"embeddable":true,"href":"https:\/\/whitelip.com\/da\/wp-json\/wp\/v2\/media\/10581"}],"wp:attachment":[{"href":"https:\/\/whitelip.com\/da\/wp-json\/wp\/v2\/media?parent=10580"}],"wp:term":[{"taxonomy":"product_brand","embeddable":true,"href":"https:\/\/whitelip.com\/da\/wp-json\/wp\/v2\/product_brand?post=10580"},{"taxonomy":"product_cat","embeddable":true,"href":"https:\/\/whitelip.com\/da\/wp-json\/wp\/v2\/product_cat?post=10580"},{"taxonomy":"product_tag","embeddable":true,"href":"https:\/\/whitelip.com\/da\/wp-json\/wp\/v2\/product_tag?post=10580"},{"taxonomy":"flavours","embeddable":true,"href":"https:\/\/whitelip.com\/da\/wp-json\/wp\/v2\/flavours?post=10580"},{"taxonomy":"format","embeddable":true,"href":"https:\/\/whitelip.com\/da\/wp-json\/wp\/v2\/format?post=10580"},{"taxonomy":"nicotine","embeddable":true,"href":"https:\/\/whitelip.com\/da\/wp-json\/wp\/v2\/nicotine?post=10580"}],"curies":[{"name":"wp","href":"https:\/\/api.w.org\/{rel}","templated":true}]}}