{"id":10570,"date":"2025-05-21T07:39:02","date_gmt":"2025-05-21T07:39:02","guid":{"rendered":"https:\/\/whitelip.com\/iceberg-apple-pie\/"},"modified":"2026-04-03T00:56:11","modified_gmt":"2026-04-03T00:56:11","slug":"iceberg-apple-pie","status":"publish","type":"product","link":"https:\/\/whitelip.com\/da\/iceberg\/iceberg-apple-pie\/","title":{"rendered":"ICEBERG Apple Pie"},"content":{"rendered":"<h2><strong>ICEBERG Apple Pie<\/strong><\/h2>\n<p class=\"\" data-start=\"89\" data-end=\"754\">ICEBERG Apple Pie nikotinposer bringer en varm og nostalgisk drejning til moderne nikotingl\u00e6de med deres s\u00f8de og krydrede \u00e6blet\u00e6rteSmag. Med bagt \u00e6ble, kanel og en anelse sm\u00f8rret butterdeig leverer hver pose en dessert-inspireret oplevelse, som ingen anden. Med et h\u00f8jt nikotinindhold p\u00e5 50 mg pr. gram\u2014cirka 35 mg pr. pose\u2014er disse poser fremstillet til erfarne brugere, som s\u00f8ger b\u00e5de fed smag og seri\u00f8s intensitet. Unikt formet beholder som et stykke t\u00e6rte indeholdende 40 stykker tilbyder de en s\u00e6regen f\u00f8lelse med et slim, diskret pasning under l\u00e6ben. Fremstillet af Neoptolem, en ledende polsk producent, er ICEBERG Apple Pie en tobakssfri innovation, der kombinerer komfort, styrke og kreativitet.<\/p>\n<p><b>Specifikationer<\/b><\/p>\n<table>\n<tbody>\n<tr>\n<td><b>Attribute<\/b><\/td>\n<td><b>Detaljer<\/b><\/td>\n<\/tr>\n<tr>\n<td><b>Indhold pr. d\u00e5se<\/b><\/td>\n<td><span style=\"font-weight: 400;\">13g (20 poser)<\/span><\/td>\n<\/tr>\n<tr>\n<td><b>Nikotinindhold<\/b><\/td>\n<td><span style=\"font-weight: 400;\">50 mg\/g (35 mg pr. pose)<\/span><\/td>\n<\/tr>\n<tr>\n<td><b>Poseformat<\/b><\/td>\n<td><span style=\"font-weight: 400;\">Slim<\/span><\/td>\n<\/tr>\n<tr>\n<td><b>Producent<\/b><\/td>\n<td><span style=\"font-weight: 400;\">Neoptolem<\/span><\/td>\n<\/tr>\n<tr>\n<td><b>Smag<\/b><\/td>\n<td><span style=\"font-weight: 400;\">Apple Pie (bagt \u00e6ble, kanel, butterdeig)<\/span><\/td>\n<\/tr>\n<tr>\n<td><b>Type<\/b><\/td>\n<td><span style=\"font-weight: 400;\">Helt hvid pose<\/span><\/td>\n<\/tr>\n<\/tbody>\n<\/table>","protected":false},"excerpt":{"rendered":"<p>ICEBERG Apple Pie nikotinposer bringer en varm og nostalgisk drejning til moderne nikotingl\u00e6de med deres s\u00f8de og krydrede \u00e6blet\u00e6rteSmag. Med bagt \u00e6ble, kanel og en anelse sm\u00f8rret butterdeig leverer hver pose en dessert-inspireret oplevelse, som ingen anden. Med et h\u00f8jt nikotinindhold p\u00e5 50 mg pr. gram\u2014cirka 35 mg pr. pose\u2014er disse poser fremstillet til erfarne brugere, som s\u00f8ger b\u00e5de fed smag og seri\u00f8s intensitet. Unikt formet beholder som et stykke t\u00e6rte indeholdende 40 stykker tilbyder de en s\u00e6regen f\u00f8lelse med et slim, diskret pasning under l\u00e6ben. Fremstillet af Neoptolem, en ledende polsk producent, er ICEBERG Apple Pie en tobakssfri innovation, der kombinerer komfort, styrke og kreativitet.<\/p>","protected":false},"featured_media":10571,"comment_status":"open","ping_status":"closed","template":"","format":[206],"meta":{"_acf_changed":false},"product_brand":[],"product_cat":[50],"product_tag":[16603],"flavours":[196],"nicotine":[226,233],"class_list":{"0":"post-10570","1":"product","2":"type-product","3":"status-publish","4":"has-post-thumbnail","6":"product_cat-iceberg","7":"product_tag-35-mg-pouch","8":"pa_quantity-1-pack","9":"pa_quantity-10-pack","10":"pa_quantity-2-pack","11":"pa_quantity-3-pack","12":"pa_quantity-30-pack","13":"pa_quantity-5-pack","14":"pa_quantity-60-pack","15":"flavours-fruits-berries","16":"format-slim","17":"nicotine-50-mg-g","18":"nicotine-extreme","20":"first","21":"outofstock","22":"taxable","23":"shipping-taxable","24":"purchasable","25":"product-type-variable","26":"has-default-attributes"},"acf":[],"_links":{"self":[{"href":"https:\/\/whitelip.com\/da\/wp-json\/wp\/v2\/product\/10570","targetHints":{"allow":["GET"]}}],"collection":[{"href":"https:\/\/whitelip.com\/da\/wp-json\/wp\/v2\/product"}],"about":[{"href":"https:\/\/whitelip.com\/da\/wp-json\/wp\/v2\/types\/product"}],"replies":[{"embeddable":true,"href":"https:\/\/whitelip.com\/da\/wp-json\/wp\/v2\/comments?post=10570"}],"wp:featuredmedia":[{"embeddable":true,"href":"https:\/\/whitelip.com\/da\/wp-json\/wp\/v2\/media\/10571"}],"wp:attachment":[{"href":"https:\/\/whitelip.com\/da\/wp-json\/wp\/v2\/media?parent=10570"}],"wp:term":[{"taxonomy":"product_brand","embeddable":true,"href":"https:\/\/whitelip.com\/da\/wp-json\/wp\/v2\/product_brand?post=10570"},{"taxonomy":"product_cat","embeddable":true,"href":"https:\/\/whitelip.com\/da\/wp-json\/wp\/v2\/product_cat?post=10570"},{"taxonomy":"product_tag","embeddable":true,"href":"https:\/\/whitelip.com\/da\/wp-json\/wp\/v2\/product_tag?post=10570"},{"taxonomy":"flavours","embeddable":true,"href":"https:\/\/whitelip.com\/da\/wp-json\/wp\/v2\/flavours?post=10570"},{"taxonomy":"format","embeddable":true,"href":"https:\/\/whitelip.com\/da\/wp-json\/wp\/v2\/format?post=10570"},{"taxonomy":"nicotine","embeddable":true,"href":"https:\/\/whitelip.com\/da\/wp-json\/wp\/v2\/nicotine?post=10570"}],"curies":[{"name":"wp","href":"https:\/\/api.w.org\/{rel}","templated":true}]}}