{"id":10560,"date":"2025-05-20T09:36:55","date_gmt":"2025-05-20T09:36:55","guid":{"rendered":"https:\/\/whitelip.com\/zyn-blackcurrant-ice-13-5mg\/"},"modified":"2026-05-07T10:34:47","modified_gmt":"2026-05-07T10:34:47","slug":"zyn-blackcurrant-ice-13-5mg","status":"publish","type":"product","link":"https:\/\/whitelip.com\/da\/zyn\/zyn-blackcurrant-ice-13-5mg\/","title":{"rendered":"ZYN Blackcurrant Ice 13.5mg"},"content":{"rendered":"<h2><strong>ZYN Blackcurrant Ice 13.5mg<\/strong><\/h2>\n<p><span style=\"font-weight: 400;\">ZYN Blackcurrant Ice 13.5mg tilbyder en modig fusion af syrlig solb\u00e6r og spr\u00f8d mentol for en frisk og frugtfuld nikotinoplevelse. Med sine skarpe b\u00e6rnodaler og isende afslutning leverer denne pose en levende smagsensation underst\u00f8ttet af st\u00e6rkt nikotinindhold. Hver slim, hvid pose indeholder 13,5 mg nikotin, hvilket g\u00f8r det ideelt for brugere, der s\u00f8ger en smagfuld spark med h\u00f8j styrke.<\/span><\/p>\n<p><span style=\"font-weight: 400;\">Det slanke format sikrer en diskret og komfortabel pasform under l\u00e6ben, perfekt til brug til enhver tid uden at plette t\u00e6nder. Fremstillet helt fra premium, plantebaserede ingredienser og helt tobaksfrit, ZYN Blackcurrant Ice giver et moderne, k\u00f8leeffekt alternativ for styrke smag elskere.<\/span><\/p>\n<table>\n<tbody>\n<tr>\n<td><b>Attribute<\/b><\/td>\n<td><b>Detaljer<\/b><\/td>\n<\/tr>\n<tr>\n<td><span style=\"font-weight: 400;\">M\u00e6rke<\/span><\/td>\n<td><span style=\"font-weight: 400;\">ZYN<\/span><\/td>\n<\/tr>\n<tr>\n<td><span style=\"font-weight: 400;\">Produkttype<\/span><\/td>\n<td><span style=\"font-weight: 400;\">Alt hvide nikotinposer<\/span><\/td>\n<\/tr>\n<tr>\n<td><span style=\"font-weight: 400;\">Format<\/span><\/td>\n<td><span style=\"font-weight: 400;\">Slim<\/span><\/td>\n<\/tr>\n<tr>\n<td><span style=\"font-weight: 400;\">Smag<\/span><\/td>\n<td><span style=\"font-weight: 400;\">Solb\u00e6r og mentol<\/span><\/td>\n<\/tr>\n<tr>\n<td><span style=\"font-weight: 400;\">Nikotinstyrke<\/span><\/td>\n<td><span style=\"font-weight: 400;\">13,5 mg pr. pose (19,3 mg\/g)<\/span><\/td>\n<\/tr>\n<tr>\n<td><span style=\"font-weight: 400;\">Portionsv\u00e6gt<\/span><\/td>\n<td><span style=\"font-weight: 400;\">0,7 gram<\/span><\/td>\n<\/tr>\n<tr>\n<td><span style=\"font-weight: 400;\">Antal portioner<\/span><\/td>\n<td><span style=\"font-weight: 400;\">21 pr. boks<\/span><\/td>\n<\/tr>\n<tr>\n<td><span style=\"font-weight: 400;\">Samlet d\u00e5sev\u00e6gt<\/span><\/td>\n<td><span style=\"font-weight: 400;\">14,7 gram<\/span><\/td>\n<\/tr>\n<tr>\n<td><span style=\"font-weight: 400;\">Producent<\/span><\/td>\n<td><span style=\"font-weight: 400;\">Swedish Match<\/span><\/td>\n<\/tr>\n<tr>\n<td><span style=\"font-weight: 400;\">Bem\u00e6rkelsesv\u00e6rdige funktioner<\/span><\/td>\n<td><span style=\"font-weight: 400;\">Tobaksfri, smal format, solb\u00e6r og menthol smag med h\u00f8j nikotinstyrke<\/span><\/td>\n<\/tr>\n<\/tbody>\n<\/table>","protected":false},"excerpt":{"rendered":"<p>ZYN <strong data-start=\"4\" data-end=\"24\">Blackcurrant Ice<\/strong> <strong data-start=\"25\" data-end=\"33\">slim<\/strong> blander syrlig solb\u00e6r med spr\u00f8d mentol for en levende, frisk profil. Hver pose indeholder <strong data-start=\"134\" data-end=\"154\">13,5 mg nikotin<\/strong> til et st\u00e6rkt, stabilt spark.<\/p>","protected":false},"featured_media":10561,"comment_status":"open","ping_status":"closed","template":"","format":[206],"meta":{"_acf_changed":false},"product_brand":[],"product_cat":[37],"product_tag":[17007],"flavours":[196,199],"nicotine":[216,232],"class_list":{"0":"post-10560","1":"product","2":"type-product","3":"status-publish","4":"has-post-thumbnail","6":"product_cat-zyn","7":"product_tag-13-5-mg-pouch","8":"pa_quantity-1-pack","9":"pa_quantity-10-pack","10":"pa_quantity-3-pack","11":"pa_quantity-30-pack","12":"pa_quantity-5-pack","13":"pa_quantity-60-pack","14":"flavours-fruits-berries","15":"flavours-mint","16":"format-slim","17":"nicotine-19-mg-g","18":"nicotine-extra-strong","20":"first","21":"instock","22":"taxable","23":"shipping-taxable","24":"purchasable","25":"product-type-variable","26":"has-default-attributes"},"acf":[],"_links":{"self":[{"href":"https:\/\/whitelip.com\/da\/wp-json\/wp\/v2\/product\/10560","targetHints":{"allow":["GET"]}}],"collection":[{"href":"https:\/\/whitelip.com\/da\/wp-json\/wp\/v2\/product"}],"about":[{"href":"https:\/\/whitelip.com\/da\/wp-json\/wp\/v2\/types\/product"}],"replies":[{"embeddable":true,"href":"https:\/\/whitelip.com\/da\/wp-json\/wp\/v2\/comments?post=10560"}],"wp:featuredmedia":[{"embeddable":true,"href":"https:\/\/whitelip.com\/da\/wp-json\/wp\/v2\/media\/10561"}],"wp:attachment":[{"href":"https:\/\/whitelip.com\/da\/wp-json\/wp\/v2\/media?parent=10560"}],"wp:term":[{"taxonomy":"product_brand","embeddable":true,"href":"https:\/\/whitelip.com\/da\/wp-json\/wp\/v2\/product_brand?post=10560"},{"taxonomy":"product_cat","embeddable":true,"href":"https:\/\/whitelip.com\/da\/wp-json\/wp\/v2\/product_cat?post=10560"},{"taxonomy":"product_tag","embeddable":true,"href":"https:\/\/whitelip.com\/da\/wp-json\/wp\/v2\/product_tag?post=10560"},{"taxonomy":"flavours","embeddable":true,"href":"https:\/\/whitelip.com\/da\/wp-json\/wp\/v2\/flavours?post=10560"},{"taxonomy":"format","embeddable":true,"href":"https:\/\/whitelip.com\/da\/wp-json\/wp\/v2\/format?post=10560"},{"taxonomy":"nicotine","embeddable":true,"href":"https:\/\/whitelip.com\/da\/wp-json\/wp\/v2\/nicotine?post=10560"}],"curies":[{"name":"wp","href":"https:\/\/api.w.org\/{rel}","templated":true}]}}