{"id":10545,"date":"2025-05-19T13:43:34","date_gmt":"2025-05-19T13:43:34","guid":{"rendered":"https:\/\/whitelip.com\/chainpop-raspberry-lemon\/"},"modified":"2026-03-09T17:47:06","modified_gmt":"2026-03-09T17:47:06","slug":"chainpop-raspberry-lemon","status":"publish","type":"product","link":"https:\/\/whitelip.com\/da\/chainpop\/chainpop-raspberry-lemon\/","title":{"rendered":"CHAINPOP Hindb\u00e6r &amp; Citron"},"content":{"rendered":"<h2><strong>CHAINPOP Hindb\u00e6r &amp; Citron<\/strong><\/h2>\n<p class=\"\" data-start=\"114\" data-end=\"625\">Blender den s\u00f8de, saftige smag af hindb\u00e6r med et spr\u00f8dt citron-st\u00e6nk for en lys, frugtig oplevelse, der b\u00e5de er erfriskelses- og tilfredsstillende. Denne velafbalanceret smag afgiver en glat og let syrlig profil, hvilket g\u00f8r hver pouch til en burst af sommer. Den medium-t\u00f8rre tekstur sikrer et rent, lavtdryppende fit under l\u00e6ben mens den afgiver j\u00e6vn smag og nikotin. Lavet i Sverige med pr\u00e6mium-ingredienser er det et fremragende valg for brugere, der nyder dristige, naturlige frugtkombinationer med en crispy finish.<\/p>\n<table>\n<tbody>\n<tr>\n<td><b>Attribute<\/b><\/td>\n<td><b>Detaljer<\/b><\/td>\n<\/tr>\n<tr>\n<td><b>Indhold pr. d\u00e5se<\/b><\/td>\n<td><span style=\"font-weight: 400;\">10g (20 poser)<\/span><\/td>\n<\/tr>\n<tr>\n<td><b>Nikotinindhold<\/b><\/td>\n<td><span style=\"font-weight: 400;\">15 mg\/g (9 mg pr. pouch)<\/span><\/td>\n<\/tr>\n<tr>\n<td><b>Poseformat<\/b><\/td>\n<td><span style=\"font-weight: 400;\">Slim<\/span><\/td>\n<\/tr>\n<tr>\n<td><b>Producent<\/b><\/td>\n<td><span style=\"font-weight: 400;\">Chainpop AB<\/span><\/td>\n<\/tr>\n<tr>\n<td><b>Smag<\/b><\/td>\n<td><span style=\"font-weight: 400;\">Hindb\u00e6r og citron<\/span><\/td>\n<\/tr>\n<tr>\n<td><b>Type<\/b><\/td>\n<td><span style=\"font-weight: 400;\">Helt hvid pose<\/span><\/td>\n<\/tr>\n<\/tbody>\n<\/table>","protected":false},"excerpt":{"rendered":"<p>Lys og frugtig <strong data-start=\"15\" data-end=\"36\">hindb\u00e6r &amp; citron<\/strong> med en glat, let syrlig profil og en crispy finish. De medium-t\u00f8rre, lavtdryppende pouches sidder rent under l\u00e6ben mens de afgiver j\u00e6vn smag og nikotin. Hver pouch indeholder <strong data-start=\"222\" data-end=\"249\">9 mg nikotin pr. pouch<\/strong>, lavet i Sverige med pr\u00e6mium-ingredienser til en erfriskelses-, tilfredsstillende daglig oplevelse.<\/p>","protected":false},"featured_media":3411,"comment_status":"open","ping_status":"closed","template":"","format":[206],"meta":{"_acf_changed":false},"product_brand":[],"product_cat":[106],"product_tag":[16563],"flavours":[190,196],"nicotine":[212,232],"class_list":{"0":"post-10545","1":"product","2":"type-product","3":"status-publish","4":"has-post-thumbnail","6":"product_cat-chainpop","7":"product_tag-9-mg-pouch","8":"pa_quantity-1-pack","9":"pa_quantity-10-pack","10":"pa_quantity-3-pack","11":"pa_quantity-30-pack","12":"pa_quantity-5-pack","13":"pa_quantity-60-pack","14":"flavours-citrus","15":"flavours-fruits-berries","16":"format-slim","17":"nicotine-15-mg-g","18":"nicotine-extra-strong","20":"first","21":"outofstock","22":"taxable","23":"shipping-taxable","24":"purchasable","25":"product-type-variable","26":"has-default-attributes"},"acf":[],"_links":{"self":[{"href":"https:\/\/whitelip.com\/da\/wp-json\/wp\/v2\/product\/10545","targetHints":{"allow":["GET"]}}],"collection":[{"href":"https:\/\/whitelip.com\/da\/wp-json\/wp\/v2\/product"}],"about":[{"href":"https:\/\/whitelip.com\/da\/wp-json\/wp\/v2\/types\/product"}],"replies":[{"embeddable":true,"href":"https:\/\/whitelip.com\/da\/wp-json\/wp\/v2\/comments?post=10545"}],"wp:featuredmedia":[{"embeddable":true,"href":"https:\/\/whitelip.com\/da\/wp-json\/wp\/v2\/media\/3411"}],"wp:attachment":[{"href":"https:\/\/whitelip.com\/da\/wp-json\/wp\/v2\/media?parent=10545"}],"wp:term":[{"taxonomy":"product_brand","embeddable":true,"href":"https:\/\/whitelip.com\/da\/wp-json\/wp\/v2\/product_brand?post=10545"},{"taxonomy":"product_cat","embeddable":true,"href":"https:\/\/whitelip.com\/da\/wp-json\/wp\/v2\/product_cat?post=10545"},{"taxonomy":"product_tag","embeddable":true,"href":"https:\/\/whitelip.com\/da\/wp-json\/wp\/v2\/product_tag?post=10545"},{"taxonomy":"flavours","embeddable":true,"href":"https:\/\/whitelip.com\/da\/wp-json\/wp\/v2\/flavours?post=10545"},{"taxonomy":"format","embeddable":true,"href":"https:\/\/whitelip.com\/da\/wp-json\/wp\/v2\/format?post=10545"},{"taxonomy":"nicotine","embeddable":true,"href":"https:\/\/whitelip.com\/da\/wp-json\/wp\/v2\/nicotine?post=10545"}],"curies":[{"name":"wp","href":"https:\/\/api.w.org\/{rel}","templated":true}]}}