{"id":10519,"date":"2025-05-06T11:58:41","date_gmt":"2025-05-06T11:58:41","guid":{"rendered":"https:\/\/whitelip.com\/helwit-strawberry\/"},"modified":"2026-05-06T10:11:22","modified_gmt":"2026-05-06T10:11:22","slug":"helwit-strawberry","status":"publish","type":"product","link":"https:\/\/whitelip.com\/da\/helwit\/helwit-strawberry\/","title":{"rendered":"HELWIT Strawberry"},"content":{"rendered":"<h2><b>HELWIT Strawberry<\/b><\/h2>\n<p><span style=\"font-weight: 400;\">HELWIT Strawberry nikotinposer leverer en saftig og s\u00f8dt jordb\u00e6rsmag, der fanger smagen af friskplukkede b\u00e6r i hver pose. Med en glat og afbalanceret profil tilbyder disse poser en tilg\u00e6ngelig og alligevel tilfredsstillende oplevelse. Hver slim-format pose indeholder 9 mg nikotin pr. gram, hvilket g\u00f8r dem ideelle for regelm\u00e6ssige brugere, der foretr\u00e6kker en frugtig drejning. Designet til diskret brug og fremstillet for at undg\u00e5 tandpletning, er de perfekte til brug n\u00e5r som helst, hvor som helst. Produceret af YOIK AB i Sverige kombinerer HELWIT Strawberry moderne produktion med en forpligtelse til rene, smagfulde alternativer.<\/span><\/p>\n<table>\n<tbody>\n<tr>\n<td><b>Attribute<\/b><\/td>\n<td><b>Detaljer<\/b><\/td>\n<\/tr>\n<tr>\n<td><b>Indhold pr. d\u00e5se<\/b><\/td>\n<td><span style=\"font-weight: 400;\">10g (20 poser)<\/span><\/td>\n<\/tr>\n<tr>\n<td><b>Nikotinindhold<\/b><\/td>\n<td><span style=\"font-weight: 400;\">9 mg\/g (4,5 mg pr. pose)<\/span><\/td>\n<\/tr>\n<tr>\n<td><b>Poseformat<\/b><\/td>\n<td><span style=\"font-weight: 400;\">Slim<\/span><\/td>\n<\/tr>\n<tr>\n<td><b>Producent<\/b><\/td>\n<td><span style=\"font-weight: 400;\">YOIK AB<\/span><\/td>\n<\/tr>\n<tr>\n<td><b>Smag<\/b><\/td>\n<td><span style=\"font-weight: 400;\">Jordb\u00e6r<\/span><\/td>\n<\/tr>\n<tr>\n<td><b>Type<\/b><\/td>\n<td><span style=\"font-weight: 400;\">Helt hvid pose<\/span><\/td>\n<\/tr>\n<\/tbody>\n<\/table>","protected":false},"excerpt":{"rendered":"<p>Saftig, s\u00f8de <strong data-start=\"13\" data-end=\"27\">jordb\u00e6r<\/strong> med en friskplukket, glat, balanceret profil. <strong data-start=\"75\" data-end=\"83\">Slim<\/strong>, helt hvide, tobaksofrie poser sidder diskret under l\u00e6ben og vil ikke plette t\u00e6nder. Hver pose indeholder <strong data-start=\"189\" data-end=\"208\">9 mg\/g nikotin<\/strong>, hvilket giver en tilg\u00e6ngelig og alligevel tilfredsstillende oplevelse. Produceret af YOIK AB (Sverige).<\/p>","protected":false},"featured_media":10520,"comment_status":"open","ping_status":"closed","template":"","format":[206],"meta":{"_acf_changed":false},"product_brand":[],"product_cat":[52],"product_tag":[16595],"flavours":[196],"nicotine":[231,236],"class_list":{"0":"post-10519","1":"product","2":"type-product","3":"status-publish","4":"has-post-thumbnail","6":"product_cat-helwit","7":"product_tag-4-5-mg-pouch","8":"pa_quantity-1-pack","9":"pa_quantity-10-pack","10":"pa_quantity-3-pack","11":"pa_quantity-30-pack","12":"pa_quantity-5-pack","13":"pa_quantity-60-pack","14":"flavours-fruits-berries","15":"format-slim","16":"nicotine-9-mg-g","17":"nicotine-strong","19":"first","20":"instock","21":"taxable","22":"shipping-taxable","23":"purchasable","24":"product-type-variable","25":"has-default-attributes"},"acf":[],"_links":{"self":[{"href":"https:\/\/whitelip.com\/da\/wp-json\/wp\/v2\/product\/10519","targetHints":{"allow":["GET"]}}],"collection":[{"href":"https:\/\/whitelip.com\/da\/wp-json\/wp\/v2\/product"}],"about":[{"href":"https:\/\/whitelip.com\/da\/wp-json\/wp\/v2\/types\/product"}],"replies":[{"embeddable":true,"href":"https:\/\/whitelip.com\/da\/wp-json\/wp\/v2\/comments?post=10519"}],"wp:featuredmedia":[{"embeddable":true,"href":"https:\/\/whitelip.com\/da\/wp-json\/wp\/v2\/media\/10520"}],"wp:attachment":[{"href":"https:\/\/whitelip.com\/da\/wp-json\/wp\/v2\/media?parent=10519"}],"wp:term":[{"taxonomy":"product_brand","embeddable":true,"href":"https:\/\/whitelip.com\/da\/wp-json\/wp\/v2\/product_brand?post=10519"},{"taxonomy":"product_cat","embeddable":true,"href":"https:\/\/whitelip.com\/da\/wp-json\/wp\/v2\/product_cat?post=10519"},{"taxonomy":"product_tag","embeddable":true,"href":"https:\/\/whitelip.com\/da\/wp-json\/wp\/v2\/product_tag?post=10519"},{"taxonomy":"flavours","embeddable":true,"href":"https:\/\/whitelip.com\/da\/wp-json\/wp\/v2\/flavours?post=10519"},{"taxonomy":"format","embeddable":true,"href":"https:\/\/whitelip.com\/da\/wp-json\/wp\/v2\/format?post=10519"},{"taxonomy":"nicotine","embeddable":true,"href":"https:\/\/whitelip.com\/da\/wp-json\/wp\/v2\/nicotine?post=10519"}],"curies":[{"name":"wp","href":"https:\/\/api.w.org\/{rel}","templated":true}]}}