{"id":10506,"date":"2025-04-17T11:47:18","date_gmt":"2025-04-17T11:47:18","guid":{"rendered":"https:\/\/whitelip.com\/stng-double-mint-max\/"},"modified":"2026-04-26T10:10:57","modified_gmt":"2026-04-26T10:10:57","slug":"stng-double-mint-max","status":"publish","type":"product","link":"https:\/\/whitelip.com\/da\/stng\/stng-double-mint-max\/","title":{"rendered":"STNG Double Mint Max"},"content":{"rendered":"<h2><strong>STNG Double Mint Max<\/strong><\/h2>\n<p class=\"\" data-start=\"100\" data-end=\"587\">STNG Double Mint Max nikotinpuder leverer en ekstra-k\u00f8lig eksplosion af dristig pebermynte og smooth spearesmynte, designet til at forfriske og v\u00e6kke med hver hit. Hver slank, alt-hvidt pude indeholder 27,5 mg nikotin, fremstillet til brugere, der s\u00f8ger maksimal styrke og minty intensitet. Designet til diskret brug passer puderne komfortabelt under l\u00e6ben og vil ikke plette t\u00e6nder. Produceret af STNG tilbyder denne smag iskoldt friskhed og h\u00f8j-p\u00e5virkning ydeevne med hver pude.<\/p>\n<table>\n<tbody>\n<tr>\n<td><b>Attribute<\/b><\/td>\n<td><b>Detaljer<\/b><\/td>\n<\/tr>\n<tr>\n<td><b>Indhold pr. d\u00e5se<\/b><\/td>\n<td><span style=\"font-weight: 400;\">11g (20 pouches)<\/span><\/td>\n<\/tr>\n<tr>\n<td><b>Nikotinindhold<\/b><\/td>\n<td><span style=\"font-weight: 400;\">50 mg\/g (27,5 mg pr. pose)<\/span><\/td>\n<\/tr>\n<tr>\n<td><b>Poseformat<\/b><\/td>\n<td><span style=\"font-weight: 400;\">Slim<\/span><\/td>\n<\/tr>\n<tr>\n<td><b>Producent<\/b><\/td>\n<td><span style=\"font-weight: 400;\">STNG<\/span><\/td>\n<\/tr>\n<tr>\n<td><b>Smag<\/b><\/td>\n<td><span style=\"font-weight: 400;\">Double Mint (pebermynte og gr\u00f8n mynte)<\/span><\/td>\n<\/tr>\n<tr>\n<td><b>Type<\/b><\/td>\n<td><span style=\"font-weight: 400;\">Helt hvid pose<\/span><\/td>\n<\/tr>\n<\/tbody>\n<\/table>","protected":false},"excerpt":{"rendered":"<p>STNG Double Mint Max nikotinpuder leverer en ekstra-k\u00f8lig <strong data-start=\"60\" data-end=\"75\">Double Mint<\/strong> (pebermynte &amp; spearesmynte) smag med iskoldt friskhed. <strong data-start=\"128\" data-end=\"136\">Slim<\/strong>, alt-hvidt format til diskret komfort og en ren, st\u00e6rk frigivelse. Hver pude indeholder <strong data-start=\"225\" data-end=\"245\">27,5 mg nikotin<\/strong>.<\/p>","protected":false},"featured_media":27187,"comment_status":"open","ping_status":"closed","template":"","format":[206],"meta":{"_acf_changed":false},"product_brand":[],"product_cat":[111],"product_tag":[17003],"flavours":[199],"nicotine":[226,233],"class_list":{"0":"post-10506","1":"product","2":"type-product","3":"status-publish","4":"has-post-thumbnail","6":"product_cat-stng","7":"product_tag-27-5-mg-pouch","8":"pa_quantity-1-pack","9":"pa_quantity-10-pack","10":"pa_quantity-3-pack","11":"pa_quantity-30-pack","12":"pa_quantity-5-pack","13":"pa_quantity-60-pack","14":"flavours-mint","15":"format-slim","16":"nicotine-50-mg-g","17":"nicotine-extreme","19":"first","20":"outofstock","21":"taxable","22":"shipping-taxable","23":"purchasable","24":"product-type-variable"},"acf":[],"_links":{"self":[{"href":"https:\/\/whitelip.com\/da\/wp-json\/wp\/v2\/product\/10506","targetHints":{"allow":["GET"]}}],"collection":[{"href":"https:\/\/whitelip.com\/da\/wp-json\/wp\/v2\/product"}],"about":[{"href":"https:\/\/whitelip.com\/da\/wp-json\/wp\/v2\/types\/product"}],"replies":[{"embeddable":true,"href":"https:\/\/whitelip.com\/da\/wp-json\/wp\/v2\/comments?post=10506"}],"wp:featuredmedia":[{"embeddable":true,"href":"https:\/\/whitelip.com\/da\/wp-json\/wp\/v2\/media\/27187"}],"wp:attachment":[{"href":"https:\/\/whitelip.com\/da\/wp-json\/wp\/v2\/media?parent=10506"}],"wp:term":[{"taxonomy":"product_brand","embeddable":true,"href":"https:\/\/whitelip.com\/da\/wp-json\/wp\/v2\/product_brand?post=10506"},{"taxonomy":"product_cat","embeddable":true,"href":"https:\/\/whitelip.com\/da\/wp-json\/wp\/v2\/product_cat?post=10506"},{"taxonomy":"product_tag","embeddable":true,"href":"https:\/\/whitelip.com\/da\/wp-json\/wp\/v2\/product_tag?post=10506"},{"taxonomy":"flavours","embeddable":true,"href":"https:\/\/whitelip.com\/da\/wp-json\/wp\/v2\/flavours?post=10506"},{"taxonomy":"format","embeddable":true,"href":"https:\/\/whitelip.com\/da\/wp-json\/wp\/v2\/format?post=10506"},{"taxonomy":"nicotine","embeddable":true,"href":"https:\/\/whitelip.com\/da\/wp-json\/wp\/v2\/nicotine?post=10506"}],"curies":[{"name":"wp","href":"https:\/\/api.w.org\/{rel}","templated":true}]}}