{"id":10491,"date":"2025-04-17T11:47:24","date_gmt":"2025-04-17T11:47:24","guid":{"rendered":"https:\/\/whitelip.com\/stng-cola-cherry-max\/"},"modified":"2026-05-07T13:31:51","modified_gmt":"2026-05-07T13:31:51","slug":"stng-cola-cherry-max","status":"publish","type":"product","link":"https:\/\/whitelip.com\/da\/stng\/stng-cola-cherry-max\/","title":{"rendered":"STNG Cola Cherry Max"},"content":{"rendered":"<h2><strong>STNG Cola Cherry Max<\/strong><\/h2>\n<p class=\"\" data-start=\"100\" data-end=\"587\">STNG Cola Cherry Max nikotinpuder leverer en dristig og fizzy fusion af klassisk cola og s\u00f8dt kirseb\u00e6rsmag, superladet med maksimal nikotinstyrke. Hver slank, alt-hvidt pude indeholder 27,5 mg nikotin, hvilket g\u00f8r den ideel til erfarne brugere, der s\u00f8ger en smagfuld men intens oplevelse. Designet til diskret brug passer puderne komfortabelt under l\u00e6ben og vil ikke plette t\u00e6nder. Produceret af STNG blender Cola Cherry Max nostalgisk smag med h\u00f8j-drevet ydeevne.<\/p>\n<table>\n<tbody>\n<tr>\n<td><b>Attribute<\/b><\/td>\n<td><b>Detaljer<\/b><\/td>\n<\/tr>\n<tr>\n<td><b>Indhold pr. d\u00e5se<\/b><\/td>\n<td><span style=\"font-weight: 400;\">11g (20 pouches)<\/span><\/td>\n<\/tr>\n<tr>\n<td><b>Nikotinindhold<\/b><\/td>\n<td><span style=\"font-weight: 400;\">50 mg\/g (27,5 mg pr. pose)<\/span><\/td>\n<\/tr>\n<tr>\n<td><b>Poseformat<\/b><\/td>\n<td><span style=\"font-weight: 400;\">Slim<\/span><\/td>\n<\/tr>\n<tr>\n<td><b>Producent<\/b><\/td>\n<td><span style=\"font-weight: 400;\">STNG<\/span><\/td>\n<\/tr>\n<tr>\n<td><b>Smag<\/b><\/td>\n<td><span style=\"font-weight: 400;\">Cola og Kirseb\u00e6r<\/span><\/td>\n<\/tr>\n<tr>\n<td><b>Type<\/b><\/td>\n<td><span style=\"font-weight: 400;\">Helt hvid pose<\/span><\/td>\n<\/tr>\n<\/tbody>\n<\/table>","protected":false},"excerpt":{"rendered":"<p>STNG Cola Cherry Max nikotinpuder leverer en dristig, fizzy <strong data-start=\"60\" data-end=\"75\">Cola Cherry<\/strong> smag med h\u00f8j-p\u00e5virkning intensitet. <strong data-start=\"111\" data-end=\"119\">Slim<\/strong>, helt hvidt format til diskret komfort under l\u00e6ben. Hver pose indeholder <strong data-start=\"194\" data-end=\"214\">27,5 mg nikotin<\/strong>. Rent, tobaksfrit hit til brugere, der \u00f8nsker maksimal styrke.<\/p>","protected":false},"featured_media":27184,"comment_status":"open","ping_status":"closed","template":"","format":[206],"meta":{"_acf_changed":false},"product_brand":[],"product_cat":[111],"product_tag":[16445,17003],"flavours":[193,196],"nicotine":[226,233],"class_list":{"0":"post-10491","1":"product","2":"type-product","3":"status-publish","4":"has-post-thumbnail","6":"product_cat-stng","7":"product_tag-20-off","8":"product_tag-27-5-mg-pouch","9":"pa_quantity-1-pack","10":"pa_quantity-10-pack","11":"pa_quantity-3-pack","12":"pa_quantity-30-pack","13":"pa_quantity-5-pack","14":"pa_quantity-60-pack","15":"flavours-cola","16":"flavours-fruits-berries","17":"format-slim","18":"nicotine-50-mg-g","19":"nicotine-extreme","21":"first","22":"instock","23":"sale","24":"taxable","25":"shipping-taxable","26":"purchasable","27":"product-type-variable","28":"has-default-attributes"},"acf":[],"_links":{"self":[{"href":"https:\/\/whitelip.com\/da\/wp-json\/wp\/v2\/product\/10491","targetHints":{"allow":["GET"]}}],"collection":[{"href":"https:\/\/whitelip.com\/da\/wp-json\/wp\/v2\/product"}],"about":[{"href":"https:\/\/whitelip.com\/da\/wp-json\/wp\/v2\/types\/product"}],"replies":[{"embeddable":true,"href":"https:\/\/whitelip.com\/da\/wp-json\/wp\/v2\/comments?post=10491"}],"wp:featuredmedia":[{"embeddable":true,"href":"https:\/\/whitelip.com\/da\/wp-json\/wp\/v2\/media\/27184"}],"wp:attachment":[{"href":"https:\/\/whitelip.com\/da\/wp-json\/wp\/v2\/media?parent=10491"}],"wp:term":[{"taxonomy":"product_brand","embeddable":true,"href":"https:\/\/whitelip.com\/da\/wp-json\/wp\/v2\/product_brand?post=10491"},{"taxonomy":"product_cat","embeddable":true,"href":"https:\/\/whitelip.com\/da\/wp-json\/wp\/v2\/product_cat?post=10491"},{"taxonomy":"product_tag","embeddable":true,"href":"https:\/\/whitelip.com\/da\/wp-json\/wp\/v2\/product_tag?post=10491"},{"taxonomy":"flavours","embeddable":true,"href":"https:\/\/whitelip.com\/da\/wp-json\/wp\/v2\/flavours?post=10491"},{"taxonomy":"format","embeddable":true,"href":"https:\/\/whitelip.com\/da\/wp-json\/wp\/v2\/format?post=10491"},{"taxonomy":"nicotine","embeddable":true,"href":"https:\/\/whitelip.com\/da\/wp-json\/wp\/v2\/nicotine?post=10491"}],"curies":[{"name":"wp","href":"https:\/\/api.w.org\/{rel}","templated":true}]}}