{"id":10320,"date":"2025-04-08T11:45:07","date_gmt":"2025-04-08T11:45:07","guid":{"rendered":"https:\/\/whitelip.com\/apres-tangerine-spritz-mini\/"},"modified":"2026-05-06T10:11:20","modified_gmt":"2026-05-06T10:11:20","slug":"apres-tangerine-spritz-mini","status":"publish","type":"product","link":"https:\/\/whitelip.com\/da\/apres\/apres-tangerine-spritz-mini\/","title":{"rendered":"APR\u00c8S Tangerine Spritz Mini"},"content":{"rendered":"<h2><strong>APR\u00c8S Tangerine Spritz Mini<\/strong><\/h2>\n<p><span style=\"font-weight: 400;\">APR\u00c8S Tangerine Spritz Mini nikotinposer fanger essensen af friskpresset mandarinjuice og leverer en naturlig og frugtig smagsprofil. Hver mini, helt hvid pose indeholder 3,2 mg nikotin og tilbyder en mild oplevelse velegnet til dem, der s\u00f8ger en blid nikotineffekt. Det diskrete design sikrer en komfortabel pasform under l\u00e6ben, hvilket tillader brug n\u00e5r som helst uden at farve t\u00e6nderne. Produceret af APR\u00c8S Nicotine AB, disse tobaksfrie poser eksemplificerer h\u00f8jkvalitetsstandarder og innovative smagskombinationer.<\/span><span style=\"font-weight: 400;\">\u00a0Lys, naturlig mandarin\/apelsin med en friskpresset, frugtig l\u00f8ft. De mini, helt hvide poser hviler diskret og behageligt under l\u00e6ben for ren, n\u00e5r som helst brug. Hver pose indeholder 3,2 mg nikotin og leverer en blid, afslappet oplevelse fra APR\u00c8S Nicotine AB.<\/span><\/p>\n<table>\n<tbody>\n<tr>\n<td><b>Attribute<\/b><\/td>\n<td><b>Detaljer<\/b><\/td>\n<\/tr>\n<tr>\n<td><b>Indhold pr. d\u00e5se<\/b><\/td>\n<td><span style=\"font-weight: 400;\">11g (20 pouches)<\/span><\/td>\n<\/tr>\n<tr>\n<td><b>Nikotinindhold<\/b><\/td>\n<td><span style=\"font-weight: 400;\">8 mg\/g (3,2 mg pr. pouch)<\/span><\/td>\n<\/tr>\n<tr>\n<td><b>Poseformat<\/b><\/td>\n<td><span style=\"font-weight: 400;\">Mini<\/span><\/td>\n<\/tr>\n<tr>\n<td><b>Producent<\/b><\/td>\n<td><span style=\"font-weight: 400;\">APR\u00c8S Nicotine AB<\/span><\/td>\n<\/tr>\n<tr>\n<td><b>Smag<\/b><\/td>\n<td><span style=\"font-weight: 400;\">Mandarin<\/span><\/td>\n<\/tr>\n<tr>\n<td><b>Type<\/b><\/td>\n<td><span style=\"font-weight: 400;\">Helt hvid pose<\/span><\/td>\n<\/tr>\n<\/tbody>\n<\/table>","protected":false},"excerpt":{"rendered":"<p>Lys, naturlig <strong data-start=\"16\" data-end=\"38\">mandarin\/apelsin<\/strong> med en friskpresset, frugtig l\u00f8ft. De <strong data-start=\"81\" data-end=\"100\">mini, <\/strong>helt hvide poser hviler diskret og behageligt under l\u00e6ben for ren, n\u00e5r som helst brug. Hver pose indeholder <strong data-start=\"199\" data-end=\"218\">3,2 mg nikotin<\/strong>og leverer en blid, afslappet oplevelse fra APR\u00c8S Nicotine AB.<\/p>","protected":false},"featured_media":10321,"comment_status":"open","ping_status":"closed","template":"","format":[205],"meta":{"_acf_changed":false},"product_brand":[],"product_cat":[41],"product_tag":[16555],"flavours":[190],"nicotine":[230,236],"class_list":{"0":"post-10320","1":"product","2":"type-product","3":"status-publish","4":"has-post-thumbnail","6":"product_cat-apres","7":"product_tag-3-2-mg-pouch","8":"pa_quantity-1-pack","9":"pa_quantity-10-pack","10":"pa_quantity-3-pack","11":"pa_quantity-30-pack","12":"pa_quantity-5-pack","13":"pa_quantity-60-pack","14":"flavours-citrus","15":"format-mini","16":"nicotine-8-mg-g","17":"nicotine-strong","19":"first","20":"instock","21":"taxable","22":"shipping-taxable","23":"purchasable","24":"product-type-variable"},"acf":[],"_links":{"self":[{"href":"https:\/\/whitelip.com\/da\/wp-json\/wp\/v2\/product\/10320","targetHints":{"allow":["GET"]}}],"collection":[{"href":"https:\/\/whitelip.com\/da\/wp-json\/wp\/v2\/product"}],"about":[{"href":"https:\/\/whitelip.com\/da\/wp-json\/wp\/v2\/types\/product"}],"replies":[{"embeddable":true,"href":"https:\/\/whitelip.com\/da\/wp-json\/wp\/v2\/comments?post=10320"}],"wp:featuredmedia":[{"embeddable":true,"href":"https:\/\/whitelip.com\/da\/wp-json\/wp\/v2\/media\/10321"}],"wp:attachment":[{"href":"https:\/\/whitelip.com\/da\/wp-json\/wp\/v2\/media?parent=10320"}],"wp:term":[{"taxonomy":"product_brand","embeddable":true,"href":"https:\/\/whitelip.com\/da\/wp-json\/wp\/v2\/product_brand?post=10320"},{"taxonomy":"product_cat","embeddable":true,"href":"https:\/\/whitelip.com\/da\/wp-json\/wp\/v2\/product_cat?post=10320"},{"taxonomy":"product_tag","embeddable":true,"href":"https:\/\/whitelip.com\/da\/wp-json\/wp\/v2\/product_tag?post=10320"},{"taxonomy":"flavours","embeddable":true,"href":"https:\/\/whitelip.com\/da\/wp-json\/wp\/v2\/flavours?post=10320"},{"taxonomy":"format","embeddable":true,"href":"https:\/\/whitelip.com\/da\/wp-json\/wp\/v2\/format?post=10320"},{"taxonomy":"nicotine","embeddable":true,"href":"https:\/\/whitelip.com\/da\/wp-json\/wp\/v2\/nicotine?post=10320"}],"curies":[{"name":"wp","href":"https:\/\/api.w.org\/{rel}","templated":true}]}}