{"id":10275,"date":"2025-04-08T10:01:36","date_gmt":"2025-04-08T10:01:36","guid":{"rendered":"https:\/\/whitelip.com\/chainpop-cherry-chili\/"},"modified":"2026-03-09T17:49:34","modified_gmt":"2026-03-09T17:49:34","slug":"chainpop-cherry-chili","status":"publish","type":"product","link":"https:\/\/whitelip.com\/da\/chainpop\/chainpop-cherry-chili\/","title":{"rendered":"CHAINPOP Cherry &amp; Chili"},"content":{"rendered":"<h2><strong>CHAINPOP Cherry &amp; Chili<\/strong><\/h2>\n<p class=\"\" data-start=\"112\" data-end=\"592\">Dristig kirseb\u00e6r-smag m\u00f8der et kick af krydret chili i denne rig og daring nikotinpose. Den s\u00f8de og krydret combo skaber en dyb, fyldig smag, der bliver h\u00e6ngende uden at overv\u00e6lde. Hver pose er bl\u00f8d, komfortabel under l\u00e6ben og leverer langvarende smag uden at dryppe. Fremstillet i Sverige med ingredienser af h\u00f8j kvalitet, det er det perfekte valg for dem, der tr\u00e6nger til noget dristigt, afbalanceret og lidt uventet. S\u00f8d varme, ekspertkraftv\u00e6rk for en virkelig unik oplevelse.<\/p>\n<table>\n<tbody>\n<tr>\n<td><b>Attribute<\/b><\/td>\n<td><b>Detaljer<\/b><\/td>\n<\/tr>\n<tr>\n<td><b>Indhold pr. d\u00e5se<\/b><\/td>\n<td><span style=\"font-weight: 400;\">10g (20 poser)<\/span><\/td>\n<\/tr>\n<tr>\n<td><b>Nikotinindhold<\/b><\/td>\n<td><span style=\"font-weight: 400;\">15 mg\/g (9 mg pr. pouch)<\/span><\/td>\n<\/tr>\n<tr>\n<td><b>Poseformat<\/b><\/td>\n<td><span style=\"font-weight: 400;\">Slim<\/span><\/td>\n<\/tr>\n<tr>\n<td><b>Producent<\/b><\/td>\n<td><span style=\"font-weight: 400;\">Chainpop AB<\/span><\/td>\n<\/tr>\n<tr>\n<td><b>Smag<\/b><\/td>\n<td><span style=\"font-weight: 400;\">Kirseb\u00e6r og chili<\/span><\/td>\n<\/tr>\n<tr>\n<td><b>Type<\/b><\/td>\n<td><span style=\"font-weight: 400;\">Helt hvid pose<\/span><\/td>\n<\/tr>\n<\/tbody>\n<\/table>","protected":false},"excerpt":{"rendered":"<p>Fed <strong data-start=\"5\" data-end=\"32\">kirseb\u00e6r <\/strong>med krydret chili for en s\u00f8dt-varm profil, der linjer uden at overv\u00e6lde. Den bl\u00f8de, lavdryppende pouch sidder komfortabelt under l\u00e6ben og frigiver smag glat. Hver pouch indeholder <strong data-start=\"203\" data-end=\"230\">9 mg nikotin pr. pouch<\/strong>, fremstillet i Sverige for en modig men afbalanceret, langvarig oplevelse.<\/p>","protected":false},"featured_media":3356,"comment_status":"open","ping_status":"closed","template":"","format":[206],"meta":{"_acf_changed":false},"product_brand":[],"product_cat":[106],"product_tag":[16563],"flavours":[187,196],"nicotine":[212,232],"class_list":{"0":"post-10275","1":"product","2":"type-product","3":"status-publish","4":"has-post-thumbnail","6":"product_cat-chainpop","7":"product_tag-9-mg-pouch","8":"pa_quantity-1-pack","9":"pa_quantity-10-pack","10":"pa_quantity-3-pack","11":"pa_quantity-30-pack","12":"pa_quantity-5-pack","13":"pa_quantity-60-pack","14":"flavours-chili","15":"flavours-fruits-berries","16":"format-slim","17":"nicotine-15-mg-g","18":"nicotine-extra-strong","20":"first","21":"outofstock","22":"taxable","23":"shipping-taxable","24":"purchasable","25":"product-type-variable"},"acf":[],"_links":{"self":[{"href":"https:\/\/whitelip.com\/da\/wp-json\/wp\/v2\/product\/10275","targetHints":{"allow":["GET"]}}],"collection":[{"href":"https:\/\/whitelip.com\/da\/wp-json\/wp\/v2\/product"}],"about":[{"href":"https:\/\/whitelip.com\/da\/wp-json\/wp\/v2\/types\/product"}],"replies":[{"embeddable":true,"href":"https:\/\/whitelip.com\/da\/wp-json\/wp\/v2\/comments?post=10275"}],"wp:featuredmedia":[{"embeddable":true,"href":"https:\/\/whitelip.com\/da\/wp-json\/wp\/v2\/media\/3356"}],"wp:attachment":[{"href":"https:\/\/whitelip.com\/da\/wp-json\/wp\/v2\/media?parent=10275"}],"wp:term":[{"taxonomy":"product_brand","embeddable":true,"href":"https:\/\/whitelip.com\/da\/wp-json\/wp\/v2\/product_brand?post=10275"},{"taxonomy":"product_cat","embeddable":true,"href":"https:\/\/whitelip.com\/da\/wp-json\/wp\/v2\/product_cat?post=10275"},{"taxonomy":"product_tag","embeddable":true,"href":"https:\/\/whitelip.com\/da\/wp-json\/wp\/v2\/product_tag?post=10275"},{"taxonomy":"flavours","embeddable":true,"href":"https:\/\/whitelip.com\/da\/wp-json\/wp\/v2\/flavours?post=10275"},{"taxonomy":"format","embeddable":true,"href":"https:\/\/whitelip.com\/da\/wp-json\/wp\/v2\/format?post=10275"},{"taxonomy":"nicotine","embeddable":true,"href":"https:\/\/whitelip.com\/da\/wp-json\/wp\/v2\/nicotine?post=10275"}],"curies":[{"name":"wp","href":"https:\/\/api.w.org\/{rel}","templated":true}]}}