{"id":10265,"date":"2025-04-08T09:53:07","date_gmt":"2025-04-08T09:53:07","guid":{"rendered":"https:\/\/whitelip.com\/chainpop-apple-cinnamon\/"},"modified":"2026-03-09T17:50:54","modified_gmt":"2026-03-09T17:50:54","slug":"chainpop-apple-cinnamon","status":"publish","type":"product","link":"https:\/\/whitelip.com\/da\/chainpop\/chainpop-apple-cinnamon\/","title":{"rendered":"CHAINPOP Apple &amp; Cinnamon"},"content":{"rendered":"<h2><strong>CHAINPOP Apple &amp; Cinnamon<\/strong><\/h2>\n<p class=\"\" data-start=\"123\" data-end=\"589\">Spr\u00f8d gr\u00f8n \u00e6ble m\u00f8der varm, krydret kanel i denne dristig og smagfuld nikotinpose. Surhedens fra \u00e6blet parres perfekt med kanelens varme, hvilket skaber en vibrant blanding, der pirrer behageligt under l\u00e6ben. Med langvarende smag og en bl\u00f8d, komfortabel f\u00f8lelse leverer denne pose en tilfredsstillende oplevelse fra start til slut. Fremstillet i Sverige med omhu og pr\u00e6cision, det er en krydret-s\u00f8d twist for dem, der tr\u00e6nger til noget med lidt ekstra kick.<\/p>\n<table>\n<tbody>\n<tr>\n<td><b>Attribute<\/b><\/td>\n<td><b>Detaljer<\/b><\/td>\n<\/tr>\n<tr>\n<td><b>Indhold pr. d\u00e5se<\/b><\/td>\n<td><span style=\"font-weight: 400;\">10g (20 poser)<\/span><\/td>\n<\/tr>\n<tr>\n<td><b>Nikotinindhold<\/b><\/td>\n<td><span style=\"font-weight: 400;\">15 mg\/g (9 mg pr. pouch)<\/span><\/td>\n<\/tr>\n<tr>\n<td><b>Poseformat<\/b><\/td>\n<td><span style=\"font-weight: 400;\">Slim<\/span><\/td>\n<\/tr>\n<tr>\n<td><b>Producent<\/b><\/td>\n<td><span style=\"font-weight: 400;\">Chainpop AB<\/span><\/td>\n<\/tr>\n<tr>\n<td><b>Smag<\/b><\/td>\n<td><span style=\"font-weight: 400;\">\u00c6ble og kanel<\/span><\/td>\n<\/tr>\n<tr>\n<td><b>Type<\/b><\/td>\n<td><span style=\"font-weight: 400;\">Helt hvid pose<\/span><\/td>\n<\/tr>\n<\/tbody>\n<\/table>","protected":false},"excerpt":{"rendered":"<p>Spr\u00f8d, krydret <strong data-start=\"13\" data-end=\"39\">\u00e6ble &amp; kanel<\/strong> for en vibrant s\u00f8dt-varmt profil, der pirrer behageligt. Den bl\u00f8de, lavdryppende pouch sidder komfortabelt under l\u00e6ben og leverer langvarig smag med j\u00e6vn frigivelse. Hver pouch indeholder <strong data-start=\"234\" data-end=\"261\">9 mg nikotin pr. pouch<\/strong>, fremstillet i Sverige for et modigt, tilfredsstillende finish.<\/p>","protected":false},"featured_media":3354,"comment_status":"open","ping_status":"closed","template":"","format":[206],"meta":{"_acf_changed":false},"product_brand":[],"product_cat":[106],"product_tag":[16563],"flavours":[189,196],"nicotine":[212,232],"class_list":{"0":"post-10265","1":"product","2":"type-product","3":"status-publish","4":"has-post-thumbnail","6":"product_cat-chainpop","7":"product_tag-9-mg-pouch","8":"pa_quantity-1-pack","9":"pa_quantity-10-pack","10":"pa_quantity-3-pack","11":"pa_quantity-30-pack","12":"pa_quantity-5-pack","13":"pa_quantity-60-pack","14":"flavours-cinnamon","15":"flavours-fruits-berries","16":"format-slim","17":"nicotine-15-mg-g","18":"nicotine-extra-strong","20":"first","21":"outofstock","22":"taxable","23":"shipping-taxable","24":"purchasable","25":"product-type-variable","26":"has-default-attributes"},"acf":[],"_links":{"self":[{"href":"https:\/\/whitelip.com\/da\/wp-json\/wp\/v2\/product\/10265","targetHints":{"allow":["GET"]}}],"collection":[{"href":"https:\/\/whitelip.com\/da\/wp-json\/wp\/v2\/product"}],"about":[{"href":"https:\/\/whitelip.com\/da\/wp-json\/wp\/v2\/types\/product"}],"replies":[{"embeddable":true,"href":"https:\/\/whitelip.com\/da\/wp-json\/wp\/v2\/comments?post=10265"}],"wp:featuredmedia":[{"embeddable":true,"href":"https:\/\/whitelip.com\/da\/wp-json\/wp\/v2\/media\/3354"}],"wp:attachment":[{"href":"https:\/\/whitelip.com\/da\/wp-json\/wp\/v2\/media?parent=10265"}],"wp:term":[{"taxonomy":"product_brand","embeddable":true,"href":"https:\/\/whitelip.com\/da\/wp-json\/wp\/v2\/product_brand?post=10265"},{"taxonomy":"product_cat","embeddable":true,"href":"https:\/\/whitelip.com\/da\/wp-json\/wp\/v2\/product_cat?post=10265"},{"taxonomy":"product_tag","embeddable":true,"href":"https:\/\/whitelip.com\/da\/wp-json\/wp\/v2\/product_tag?post=10265"},{"taxonomy":"flavours","embeddable":true,"href":"https:\/\/whitelip.com\/da\/wp-json\/wp\/v2\/flavours?post=10265"},{"taxonomy":"format","embeddable":true,"href":"https:\/\/whitelip.com\/da\/wp-json\/wp\/v2\/format?post=10265"},{"taxonomy":"nicotine","embeddable":true,"href":"https:\/\/whitelip.com\/da\/wp-json\/wp\/v2\/nicotine?post=10265"}],"curies":[{"name":"wp","href":"https:\/\/api.w.org\/{rel}","templated":true}]}}