{"id":10215,"date":"2025-03-31T11:32:48","date_gmt":"2025-03-31T11:32:48","guid":{"rendered":"https:\/\/whitelip.com\/iceberg-strawberry-mango-gum-extreme\/"},"modified":"2026-05-11T10:11:37","modified_gmt":"2026-05-11T10:11:37","slug":"iceberg-strawberry-mango-gum-extreme","status":"publish","type":"product","link":"https:\/\/whitelip.com\/da\/iceberg\/iceberg-strawberry-mango-gum-extreme\/","title":{"rendered":"ICEBERG Strawberry Mango Gum Extreme"},"content":{"rendered":"<h2><strong>ICEBERG Strawberry Mango Gum Extreme<\/strong><\/h2>\n<p class=\"\" data-start=\"95\" data-end=\"773\">ICEBERG Strawberry Mango Gum Extreme nikotinposer blender den saftig s\u00f8dme fra moden jordb\u00e6r med tropisk mango og en nostalgisk tyggegummi twist, hvilket skaber en vibrant og slikagtig smag eksplosion. Hver slim-format pose indeholder 50 mg nikotin pr. gram \u2013 cirka 35 mg pr. pose \u2013 perfekt for erfarne brugere, der s\u00f8ger et kraftfuldt og smagfuldt nikotinkick. Designet til diskret brug under l\u00e6ben uden at plettet t\u00e6nder, er de ideelle til tilfredsstillende \u00f8jeblikke p\u00e5 farten. Produceret af Neoptolem, en polsk producent kendt for at kombinere moderne innovation med traditionel kvalitet, tilbyder disse tobaksfrie poser ekstrem styrke med et legeligt, frugtagtigt flair.<\/p>\n<table>\n<tbody>\n<tr>\n<td><b>Attribute<\/b><\/td>\n<td><b>Detaljer<\/b><\/td>\n<\/tr>\n<tr>\n<td><b>Indhold pr. d\u00e5se<\/b><\/td>\n<td><span style=\"font-weight: 400;\">13g (20 poser)<\/span><\/td>\n<\/tr>\n<tr>\n<td><b>Nikotinindhold<\/b><\/td>\n<td><span style=\"font-weight: 400;\">50 mg\/g (35 mg pr. pose)<\/span><\/td>\n<\/tr>\n<tr>\n<td><b>Poseformat<\/b><\/td>\n<td><span style=\"font-weight: 400;\">Slim<\/span><\/td>\n<\/tr>\n<tr>\n<td><b>Producent<\/b><\/td>\n<td><span style=\"font-weight: 400;\">Neoptolem<\/span><\/td>\n<\/tr>\n<tr>\n<td><b>Smag<\/b><\/td>\n<td>Strawberry Mango Gum<\/td>\n<\/tr>\n<tr>\n<td><b>Type<\/b><\/td>\n<td><span style=\"font-weight: 400;\">Helt hvid pose<\/span><\/td>\n<\/tr>\n<\/tbody>\n<\/table>\n<p>\u00a0<\/p>","protected":false},"excerpt":{"rendered":"<p>ICEBERG Strawberry Mango Gum: <strong data-start=\"30\" data-end=\"82\">moden jordb\u00e6r, tropisk mango, tyggegummi twist<\/strong> for en vibrant, slikagtigt profil. <strong data-start=\"118\" data-end=\"126\">Slim<\/strong> hvide poser sidder diskret under l\u00e6ben uden at plettet. Ekstrem styrke p\u00e5 50 mg\/g; hver pose indeholder ~<strong>35 mg nikotin<\/strong>. Tobaksfri og ideel til kraftfuld, b\u00e6rbar tilfredshed. Produceret af Neoptolem i Polen.<\/p>","protected":false},"featured_media":10216,"comment_status":"open","ping_status":"closed","template":"","format":[206],"meta":{"_acf_changed":false},"product_brand":[],"product_cat":[50],"product_tag":[16603],"flavours":[196],"nicotine":[226,233],"class_list":{"0":"post-10215","1":"product","2":"type-product","3":"status-publish","4":"has-post-thumbnail","6":"product_cat-iceberg","7":"product_tag-35-mg-pouch","8":"pa_quantity-1-pack","9":"pa_quantity-10-pack","10":"pa_quantity-3-pack","11":"pa_quantity-30-pack","12":"pa_quantity-5-pack","13":"pa_quantity-60-pack","14":"flavours-fruits-berries","15":"format-slim","16":"nicotine-50-mg-g","17":"nicotine-extreme","19":"first","20":"instock","21":"taxable","22":"shipping-taxable","23":"purchasable","24":"product-type-variable","25":"has-default-attributes"},"acf":[],"_links":{"self":[{"href":"https:\/\/whitelip.com\/da\/wp-json\/wp\/v2\/product\/10215","targetHints":{"allow":["GET"]}}],"collection":[{"href":"https:\/\/whitelip.com\/da\/wp-json\/wp\/v2\/product"}],"about":[{"href":"https:\/\/whitelip.com\/da\/wp-json\/wp\/v2\/types\/product"}],"replies":[{"embeddable":true,"href":"https:\/\/whitelip.com\/da\/wp-json\/wp\/v2\/comments?post=10215"}],"wp:featuredmedia":[{"embeddable":true,"href":"https:\/\/whitelip.com\/da\/wp-json\/wp\/v2\/media\/10216"}],"wp:attachment":[{"href":"https:\/\/whitelip.com\/da\/wp-json\/wp\/v2\/media?parent=10215"}],"wp:term":[{"taxonomy":"product_brand","embeddable":true,"href":"https:\/\/whitelip.com\/da\/wp-json\/wp\/v2\/product_brand?post=10215"},{"taxonomy":"product_cat","embeddable":true,"href":"https:\/\/whitelip.com\/da\/wp-json\/wp\/v2\/product_cat?post=10215"},{"taxonomy":"product_tag","embeddable":true,"href":"https:\/\/whitelip.com\/da\/wp-json\/wp\/v2\/product_tag?post=10215"},{"taxonomy":"flavours","embeddable":true,"href":"https:\/\/whitelip.com\/da\/wp-json\/wp\/v2\/flavours?post=10215"},{"taxonomy":"format","embeddable":true,"href":"https:\/\/whitelip.com\/da\/wp-json\/wp\/v2\/format?post=10215"},{"taxonomy":"nicotine","embeddable":true,"href":"https:\/\/whitelip.com\/da\/wp-json\/wp\/v2\/nicotine?post=10215"}],"curies":[{"name":"wp","href":"https:\/\/api.w.org\/{rel}","templated":true}]}}