{"id":10205,"date":"2025-03-31T11:27:09","date_gmt":"2025-03-31T11:27:09","guid":{"rendered":"https:\/\/whitelip.com\/iceberg-energy-medium\/"},"modified":"2026-05-09T10:11:09","modified_gmt":"2026-05-09T10:11:09","slug":"iceberg-energy-medium","status":"publish","type":"product","link":"https:\/\/whitelip.com\/da\/iceberg\/iceberg-energy-medium\/","title":{"rendered":"ICEBERG Energy Medium"},"content":{"rendered":"<h2><strong>ICEBERG Energy Medium<\/strong><\/h2>\n<p class=\"\" data-start=\"75\" data-end=\"749\">ICEBERG Energy Medium nikotinpoucher tilbyder den dristige, perlende smag af klassisk energidrikke, der leverer en vibrant og s\u00f8d profil, der er b\u00e5de forfriskende og tilfredsstillende. Med en nikotinstyrke p\u00e5 20 mg pr. gram\u2014cirka 12 mg pr. pouch\u2014er disse slim-format poucher designet til erfarne brugere, der s\u00f8ger et balanceret, men smagsfuldt kick. Diskrete og komfortable under l\u00e6ben efterlader de ingen pletter p\u00e5 t\u00e6nderne, hvilket g\u00f8r dem ideelle til brug p\u00e5 farten. Produceret af Neoptolem, en polsk producent kendt for at kombinere moderne teknikker med traditionel kvalitet, bringer disse tobaksfrie poucher energi og smag sammen i et glat, medium-styrke format.<\/p>\n<table>\n<tbody>\n<tr>\n<td><b>Attribute<\/b><\/td>\n<td><b>Detaljer<\/b><\/td>\n<\/tr>\n<tr>\n<td><b>Indhold pr. d\u00e5se<\/b><\/td>\n<td><span style=\"font-weight: 400;\">12g (20 poser)<\/span><\/td>\n<\/tr>\n<tr>\n<td><b>Nikotinindhold<\/b><\/td>\n<td><span style=\"font-weight: 400;\">20 mg\/g (12 mg pr. pose)<\/span><\/td>\n<\/tr>\n<tr>\n<td><b>Poseformat<\/b><\/td>\n<td><span style=\"font-weight: 400;\">Slim<\/span><\/td>\n<\/tr>\n<tr>\n<td><b>Producent<\/b><\/td>\n<td><span style=\"font-weight: 400;\">Neoptolem<\/span><\/td>\n<\/tr>\n<tr>\n<td><b>Smag<\/b><\/td>\n<td>Energidrik<\/td>\n<\/tr>\n<tr>\n<td><b>Type<\/b><\/td>\n<td><span style=\"font-weight: 400;\">Helt hvid pose<\/span><\/td>\n<\/tr>\n<\/tbody>\n<\/table>\n<p>\u00a0<\/p>","protected":false},"excerpt":{"rendered":"<article class=\"text-token-text-primary w-full focus:outline-none [--shadow-height:45px] has-data-writing-block:pointer-events-none has-data-writing-block:-mt-(--shadow-height) has-data-writing-block:pt-(--shadow-height) [&amp;:has([data-writing-block])&gt;*]:pointer-events-auto [content-visibility:auto] supports-[content-visibility:auto]:[contain-intrinsic-size:auto_100lvh] scroll-mt-[calc(var(--header-height)+min(200px,max(70px,20svh)))]\" dir=\"auto\" tabindex=\"-1\" data-turn-id=\"622035f5-c4d2-4912-bd4d-b6b80aa4b2ef\" data-testid=\"conversation-turn-10\" data-scroll-anchor=\"true\" data-turn=\"assistant\">\n<div class=\"text-base my-auto mx-auto pb-10 [--thread-content-margin:--spacing(4)] thread-sm:[--thread-content-margin:--spacing(6)] thread-lg:[--thread-content-margin:--spacing(16)] px-(--thread-content-margin)\">\n<div class=\"[--thread-content-max-width:40rem] thread-lg:[--thread-content-max-width:48rem] mx-auto max-w-(--thread-content-max-width) flex-1 group\/turn-messages focus-visible:outline-hidden relative flex w-full min-w-0 flex-col agent-turn\" tabindex=\"-1\">\n<div class=\"flex max-w-full flex-col grow\">\n<div class=\"min-h-8 text-message relative flex w-full flex-col items-end gap-2 text-start break-words whitespace-normal [.text-message+&amp;]:mt-1\" dir=\"auto\" data-message-author-role=\"assistant\" data-message-id=\"e62114bc-fda3-400a-bbda-8d60821450a5\" data-message-model-slug=\"gpt-5-thinking\">\n<div class=\"flex w-full flex-col gap-1 empty:hidden first:pt-[1px]\">\n<div class=\"streaming-animation markdown prose dark:prose-invert w-full break-words dark markdown-new-styling\">\n<p data-start=\"0\" data-end=\"301\" data-is-last-node=\"\" data-is-only-node=\"\">ICEBERG Energy offers the bold, fizzy taste of classic <strong data-start=\"15\" data-end=\"71\">energy drink<\/strong> in a vibrant, sweet profile that\u2019s refreshing and satisfying. <strong data-start=\"134\" data-end=\"142\">Slim<\/strong> all-white pouches sit discreetly under the lip without staining. Medium strength at 20 mg\/g; each pouch contains ~<strong>12 mg nicotine<\/strong>. Tobacco-free and ideal for on-the-go use. Produced by Neoptolem in Poland.<\/p>\n<\/div>\n<\/div>\n<\/div>\n<\/div>\n<\/div>\n<\/div>\n<\/article>\n<div class=\"pointer-events-none h-px w-px\" aria-hidden=\"true\" data-edge=\"true\"><\/div>\n","protected":false},"featured_media":10206,"comment_status":"open","ping_status":"closed","template":"","format":[206],"meta":{"_acf_changed":false},"product_brand":[],"product_cat":[50],"product_tag":[16561],"flavours":[194],"nicotine":[218,232],"class_list":{"0":"post-10205","1":"product","2":"type-product","3":"status-publish","4":"has-post-thumbnail","6":"product_cat-iceberg","7":"product_tag-12-mg-pouch","8":"pa_quantity-1-pack","9":"pa_quantity-10-pack","10":"pa_quantity-3-pack","11":"pa_quantity-30-pack","12":"pa_quantity-5-pack","13":"pa_quantity-60-pack","14":"flavours-energy-drink","15":"format-slim","16":"nicotine-20-mg-g","17":"nicotine-extra-strong","19":"first","20":"outofstock","21":"taxable","22":"shipping-taxable","23":"purchasable","24":"product-type-variable","25":"has-default-attributes"},"acf":[],"_links":{"self":[{"href":"https:\/\/whitelip.com\/da\/wp-json\/wp\/v2\/product\/10205","targetHints":{"allow":["GET"]}}],"collection":[{"href":"https:\/\/whitelip.com\/da\/wp-json\/wp\/v2\/product"}],"about":[{"href":"https:\/\/whitelip.com\/da\/wp-json\/wp\/v2\/types\/product"}],"replies":[{"embeddable":true,"href":"https:\/\/whitelip.com\/da\/wp-json\/wp\/v2\/comments?post=10205"}],"wp:featuredmedia":[{"embeddable":true,"href":"https:\/\/whitelip.com\/da\/wp-json\/wp\/v2\/media\/10206"}],"wp:attachment":[{"href":"https:\/\/whitelip.com\/da\/wp-json\/wp\/v2\/media?parent=10205"}],"wp:term":[{"taxonomy":"product_brand","embeddable":true,"href":"https:\/\/whitelip.com\/da\/wp-json\/wp\/v2\/product_brand?post=10205"},{"taxonomy":"product_cat","embeddable":true,"href":"https:\/\/whitelip.com\/da\/wp-json\/wp\/v2\/product_cat?post=10205"},{"taxonomy":"product_tag","embeddable":true,"href":"https:\/\/whitelip.com\/da\/wp-json\/wp\/v2\/product_tag?post=10205"},{"taxonomy":"flavours","embeddable":true,"href":"https:\/\/whitelip.com\/da\/wp-json\/wp\/v2\/flavours?post=10205"},{"taxonomy":"format","embeddable":true,"href":"https:\/\/whitelip.com\/da\/wp-json\/wp\/v2\/format?post=10205"},{"taxonomy":"nicotine","embeddable":true,"href":"https:\/\/whitelip.com\/da\/wp-json\/wp\/v2\/nicotine?post=10205"}],"curies":[{"name":"wp","href":"https:\/\/api.w.org\/{rel}","templated":true}]}}