{"id":10195,"date":"2025-03-31T11:23:02","date_gmt":"2025-03-31T11:23:02","guid":{"rendered":"https:\/\/whitelip.com\/iceberg-dragonfire-extreme\/"},"modified":"2026-05-09T10:11:08","modified_gmt":"2026-05-09T10:11:08","slug":"iceberg-dragonfire-extreme","status":"publish","type":"product","link":"https:\/\/whitelip.com\/da\/iceberg\/iceberg-dragonfire-extreme\/","title":{"rendered":"ICEBERG Dragonfire Extreme"},"content":{"rendered":"<h2><strong>ICEBERG Dragonfire Extreme<\/strong><\/h2>\n<p class=\"\" data-start=\"85\" data-end=\"754\">ICEBERG Dragonfire Extreme nikotinpoucher t\u00e6nder sanserne med en ildfuld og eksotisk smag blanding, der indeholder noter af tropical frugt og en subtil pikant twist til en dristig, uforglemmelig oplevelse. Hver slim-format pouch indeholder 50 mg nikotin pr. gram\u2014cirka 35 mg pr. pouch\u2014skr\u00e6ddersyet til erfarne brugere, der s\u00f8ger et intensivt og eventyrligt nikotinkick. Designet til diskret brug under l\u00e6ben uden at plette t\u00e6nderne, er de ideelle til kraftfuld brug p\u00e5 farten. Produceret af Neoptolem, en polsk producent kendt for at fusionere banebrydende innovation med traditionel kvalitet, leverer disse tobaksfrie poucher eksplosiv smag og ekstrem styrke.<\/p>\n<table>\n<tbody>\n<tr>\n<td><b>Attribute<\/b><\/td>\n<td><b>Detaljer<\/b><\/td>\n<\/tr>\n<tr>\n<td><b>Indhold pr. d\u00e5se<\/b><\/td>\n<td><span style=\"font-weight: 400;\">13g (20 poser)<\/span><\/td>\n<\/tr>\n<tr>\n<td><b>Nikotinindhold<\/b><\/td>\n<td><span style=\"font-weight: 400;\">50 mg\/g (35 mg pr. pose)<\/span><\/td>\n<\/tr>\n<tr>\n<td><b>Poseformat<\/b><\/td>\n<td><span style=\"font-weight: 400;\">Slim<\/span><\/td>\n<\/tr>\n<tr>\n<td><b>Producent<\/b><\/td>\n<td><span style=\"font-weight: 400;\">Neoptolem<\/span><\/td>\n<\/tr>\n<tr>\n<td><b>Smag<\/b><\/td>\n<td>Frugter<\/td>\n<\/tr>\n<tr>\n<td><b>Type<\/b><\/td>\n<td><span style=\"font-weight: 400;\">Helt hvid pose<\/span><\/td>\n<\/tr>\n<\/tbody>\n<\/table>\n<p>\u00a0<\/p>","protected":false},"excerpt":{"rendered":"<p>ICEBERG Dragonfire ildflamme <strong>tropical frugt<\/strong> med en subtil pikant twist til en dristig, mindev\u00e6rdig smag. <strong>Slim<\/strong> hvide poucher sidder diskret under l\u00e6ben uden at plette. Ekstrem styrke 50 mg\/g; hver pouch indeholder <strong data-start=\"212\" data-end=\"231\">~35 mg nikotin<\/strong>. Tobaksfrit og perfekt til kraftfuld brug p\u00e5 farten. Produceret af Neoptolem i Polen.<\/p>","protected":false},"featured_media":10196,"comment_status":"open","ping_status":"closed","template":"","format":[206],"meta":{"_acf_changed":false},"product_brand":[],"product_cat":[50],"product_tag":[16603],"flavours":[196],"nicotine":[226,233],"class_list":{"0":"post-10195","1":"product","2":"type-product","3":"status-publish","4":"has-post-thumbnail","6":"product_cat-iceberg","7":"product_tag-35-mg-pouch","8":"pa_quantity-1-pack","9":"pa_quantity-10-pack","10":"pa_quantity-3-pack","11":"pa_quantity-30-pack","12":"pa_quantity-5-pack","13":"pa_quantity-60-pack","14":"flavours-fruits-berries","15":"format-slim","16":"nicotine-50-mg-g","17":"nicotine-extreme","19":"first","20":"instock","21":"taxable","22":"shipping-taxable","23":"purchasable","24":"product-type-variable","25":"has-default-attributes"},"acf":[],"_links":{"self":[{"href":"https:\/\/whitelip.com\/da\/wp-json\/wp\/v2\/product\/10195","targetHints":{"allow":["GET"]}}],"collection":[{"href":"https:\/\/whitelip.com\/da\/wp-json\/wp\/v2\/product"}],"about":[{"href":"https:\/\/whitelip.com\/da\/wp-json\/wp\/v2\/types\/product"}],"replies":[{"embeddable":true,"href":"https:\/\/whitelip.com\/da\/wp-json\/wp\/v2\/comments?post=10195"}],"wp:featuredmedia":[{"embeddable":true,"href":"https:\/\/whitelip.com\/da\/wp-json\/wp\/v2\/media\/10196"}],"wp:attachment":[{"href":"https:\/\/whitelip.com\/da\/wp-json\/wp\/v2\/media?parent=10195"}],"wp:term":[{"taxonomy":"product_brand","embeddable":true,"href":"https:\/\/whitelip.com\/da\/wp-json\/wp\/v2\/product_brand?post=10195"},{"taxonomy":"product_cat","embeddable":true,"href":"https:\/\/whitelip.com\/da\/wp-json\/wp\/v2\/product_cat?post=10195"},{"taxonomy":"product_tag","embeddable":true,"href":"https:\/\/whitelip.com\/da\/wp-json\/wp\/v2\/product_tag?post=10195"},{"taxonomy":"flavours","embeddable":true,"href":"https:\/\/whitelip.com\/da\/wp-json\/wp\/v2\/flavours?post=10195"},{"taxonomy":"format","embeddable":true,"href":"https:\/\/whitelip.com\/da\/wp-json\/wp\/v2\/format?post=10195"},{"taxonomy":"nicotine","embeddable":true,"href":"https:\/\/whitelip.com\/da\/wp-json\/wp\/v2\/nicotine?post=10195"}],"curies":[{"name":"wp","href":"https:\/\/api.w.org\/{rel}","templated":true}]}}