{"id":10155,"date":"2025-03-31T10:55:23","date_gmt":"2025-03-31T10:55:23","guid":{"rendered":"https:\/\/whitelip.com\/iceberg-cherry-extreme\/"},"modified":"2026-05-11T10:11:36","modified_gmt":"2026-05-11T10:11:36","slug":"iceberg-cherry-extreme","status":"publish","type":"product","link":"https:\/\/whitelip.com\/da\/iceberg\/iceberg-cherry-extreme\/","title":{"rendered":"ICEBERG Cherry Extreme"},"content":{"rendered":"<h2><strong>ICEBERG Cherry Extreme<\/strong><\/h2>\n<p class=\"\" data-start=\"80\" data-end=\"707\">ICEBERG Cherry Extreme nikotinposer leverer en dristig og saftig kirseb\u00e6rsmag med en s\u00f8d men let sur profil, der tilbyder en rig og frugtbar oplevelse. Hver slim-format pose indeholder 50 mg nikotin pr. gram \u2013 cirka 35 mg pr. pose \u2013 hvilket g\u00f8r dem ideelle for erfarne brugere, der s\u00f8ger et kraftfuldt og smagfuldt nikotinkick. Designet til diskret brug under l\u00e6ben uden at plette t\u00e6nderne, er de perfekte til \u00f8jeblikke p\u00e5 farten. Produceret af Neoptolem, en polsk producent kendt for at kombinere moderne innovation med traditionel h\u00e5ndv\u00e6rk, disse tobaksfri poser viser intens smag og premium kvalitet.<\/p>\n<table>\n<tbody>\n<tr>\n<td><b>Attribute<\/b><\/td>\n<td><b>Detaljer<\/b><\/td>\n<\/tr>\n<tr>\n<td><b>Indhold pr. d\u00e5se<\/b><\/td>\n<td><span style=\"font-weight: 400;\">13g (20 poser)<\/span><\/td>\n<\/tr>\n<tr>\n<td><b>Nikotinindhold<\/b><\/td>\n<td><span style=\"font-weight: 400;\">50 mg\/g (35 mg pr. pose)<\/span><\/td>\n<\/tr>\n<tr>\n<td><b>Poseformat<\/b><\/td>\n<td><span style=\"font-weight: 400;\">Slim<\/span><\/td>\n<\/tr>\n<tr>\n<td><b>Producent<\/b><\/td>\n<td><span style=\"font-weight: 400;\">Neoptolem<\/span><\/td>\n<\/tr>\n<tr>\n<td><b>Smag<\/b><\/td>\n<td>Kirseb\u00e6r<\/td>\n<\/tr>\n<tr>\n<td><b>Type<\/b><\/td>\n<td><span style=\"font-weight: 400;\">Helt hvid pose<\/span><\/td>\n<\/tr>\n<\/tbody>\n<\/table>\n<p>\u00a0<\/p>","protected":false},"excerpt":{"rendered":"<p>ICEBERG Cherry leverer en dristig, saftfuld <strong data-start=\"38\" data-end=\"48\">kirseb\u00e6r<\/strong> smag med en s\u00f8d, let sur profil for en rig, frugtbar oplevelse. <strong data-start=\"123\" data-end=\"131\">Slim<\/strong> helt hvide poser sidder diskret under l\u00e6ben uden at plette. Hver pose indeholder <strong data-start=\"217\" data-end=\"235\">35 mg nikotin<\/strong>, ideel for erfarne brugere, der s\u00f8ger et kraftfuldt, smagfuldt kick. Tobaksfri. Produceret af Neoptolem i Polen.<\/p>","protected":false},"featured_media":10156,"comment_status":"open","ping_status":"closed","template":"","format":[206],"meta":{"_acf_changed":false},"product_brand":[],"product_cat":[50],"product_tag":[16603],"flavours":[196],"nicotine":[226,233],"class_list":{"0":"post-10155","1":"product","2":"type-product","3":"status-publish","4":"has-post-thumbnail","6":"product_cat-iceberg","7":"product_tag-35-mg-pouch","8":"pa_quantity-1-pack","9":"pa_quantity-10-pack","10":"pa_quantity-3-pack","11":"pa_quantity-30-pack","12":"pa_quantity-5-pack","13":"pa_quantity-60-pack","14":"flavours-fruits-berries","15":"format-slim","16":"nicotine-50-mg-g","17":"nicotine-extreme","19":"first","20":"instock","21":"taxable","22":"shipping-taxable","23":"purchasable","24":"product-type-variable","25":"has-default-attributes"},"acf":[],"_links":{"self":[{"href":"https:\/\/whitelip.com\/da\/wp-json\/wp\/v2\/product\/10155","targetHints":{"allow":["GET"]}}],"collection":[{"href":"https:\/\/whitelip.com\/da\/wp-json\/wp\/v2\/product"}],"about":[{"href":"https:\/\/whitelip.com\/da\/wp-json\/wp\/v2\/types\/product"}],"replies":[{"embeddable":true,"href":"https:\/\/whitelip.com\/da\/wp-json\/wp\/v2\/comments?post=10155"}],"wp:featuredmedia":[{"embeddable":true,"href":"https:\/\/whitelip.com\/da\/wp-json\/wp\/v2\/media\/10156"}],"wp:attachment":[{"href":"https:\/\/whitelip.com\/da\/wp-json\/wp\/v2\/media?parent=10155"}],"wp:term":[{"taxonomy":"product_brand","embeddable":true,"href":"https:\/\/whitelip.com\/da\/wp-json\/wp\/v2\/product_brand?post=10155"},{"taxonomy":"product_cat","embeddable":true,"href":"https:\/\/whitelip.com\/da\/wp-json\/wp\/v2\/product_cat?post=10155"},{"taxonomy":"product_tag","embeddable":true,"href":"https:\/\/whitelip.com\/da\/wp-json\/wp\/v2\/product_tag?post=10155"},{"taxonomy":"flavours","embeddable":true,"href":"https:\/\/whitelip.com\/da\/wp-json\/wp\/v2\/flavours?post=10155"},{"taxonomy":"format","embeddable":true,"href":"https:\/\/whitelip.com\/da\/wp-json\/wp\/v2\/format?post=10155"},{"taxonomy":"nicotine","embeddable":true,"href":"https:\/\/whitelip.com\/da\/wp-json\/wp\/v2\/nicotine?post=10155"}],"curies":[{"name":"wp","href":"https:\/\/api.w.org\/{rel}","templated":true}]}}