{"id":10145,"date":"2025-03-31T09:43:56","date_gmt":"2025-03-31T09:43:56","guid":{"rendered":"https:\/\/whitelip.com\/iceberg-black-currant-extreme\/"},"modified":"2026-05-11T10:11:36","modified_gmt":"2026-05-11T10:11:36","slug":"iceberg-black-currant-extreme","status":"publish","type":"product","link":"https:\/\/whitelip.com\/da\/iceberg\/iceberg-black-currant-extreme\/","title":{"rendered":"ICEBERG Black Currant Extreme"},"content":{"rendered":"<h2><strong>ICEBERG Black Currant Extreme<\/strong><\/h2>\n<p class=\"\" data-start=\"86\" data-end=\"720\">ICEBERG Solb\u00e6r Ekstrem nikotinpouches leverer en dristig og syrlig solb\u00e6r-smag med dybe, frugtnoter og en let syrlig finish. Med h\u00f8jt nikotinindhold p\u00e5 50 mg pr. gram \u2013 cirka 35 mg pr. pouch \u2013 er disse slanke pouches tilrettelagt for erfarne brugere, der s\u00f8ger en intens og smagfuld nikotinoplevelse. Designet til diskret brug under l\u00e6ben og uden tandmisfarvning, er de perfekte til on-the-go \u00f8jeblikke. Produceret af Neoptolem, en polsk producent kendt for at sammensmelte moderne innovation med traditionel kvalitet, skiller disse tobaksfri pouches sig ud for deres rige smag og kraftfulde kick.<\/p>\n<table>\n<tbody>\n<tr>\n<td><b>Attribute<\/b><\/td>\n<td><b>Detaljer<\/b><\/td>\n<\/tr>\n<tr>\n<td><b>Indhold pr. d\u00e5se<\/b><\/td>\n<td><span style=\"font-weight: 400;\">13g (20 poser)<\/span><\/td>\n<\/tr>\n<tr>\n<td><b>Nikotinindhold<\/b><\/td>\n<td><span style=\"font-weight: 400;\">50 mg\/g (35 mg pr. pose)<\/span><\/td>\n<\/tr>\n<tr>\n<td><b>Poseformat<\/b><\/td>\n<td><span style=\"font-weight: 400;\">Slim<\/span><\/td>\n<\/tr>\n<tr>\n<td><b>Producent<\/b><\/td>\n<td><span style=\"font-weight: 400;\">Neoptolem<\/span><\/td>\n<\/tr>\n<tr>\n<td><b>Smag<\/b><\/td>\n<td>Solb\u00e6r<\/td>\n<\/tr>\n<tr>\n<td><b>Type<\/b><\/td>\n<td><span style=\"font-weight: 400;\">Helt hvid pose<\/span><\/td>\n<\/tr>\n<\/tbody>\n<\/table>\n<p>\u00a0<\/p>","protected":false},"excerpt":{"rendered":"<p>ICEBERG Solb\u00e6r leverer en dristig, syrlig <strong data-start=\"45\" data-end=\"62\">solb\u00e6r<\/strong> smag med dybe frugtnoter og en let syrlig finish. <strong data-start=\"121\" data-end=\"129\">Slim<\/strong> helt hvide poser sidder diskret under l\u00e6ben uden at plette. Hver pose indeholder <strong data-start=\"215\" data-end=\"233\">35 mg nikotin<\/strong>og tilbyder en intens, smagfuld hit. Tobaksfri. Produceret af Neoptolem i Polen.<\/p>","protected":false},"featured_media":10146,"comment_status":"open","ping_status":"closed","template":"","format":[206],"meta":{"_acf_changed":false},"product_brand":[],"product_cat":[50],"product_tag":[16603],"flavours":[196],"nicotine":[226,233],"class_list":{"0":"post-10145","1":"product","2":"type-product","3":"status-publish","4":"has-post-thumbnail","6":"product_cat-iceberg","7":"product_tag-35-mg-pouch","8":"pa_quantity-1-pack","9":"pa_quantity-10-pack","10":"pa_quantity-3-pack","11":"pa_quantity-30-pack","12":"pa_quantity-5-pack","13":"pa_quantity-60-pack","14":"flavours-fruits-berries","15":"format-slim","16":"nicotine-50-mg-g","17":"nicotine-extreme","19":"first","20":"instock","21":"taxable","22":"shipping-taxable","23":"purchasable","24":"product-type-variable","25":"has-default-attributes"},"acf":[],"_links":{"self":[{"href":"https:\/\/whitelip.com\/da\/wp-json\/wp\/v2\/product\/10145","targetHints":{"allow":["GET"]}}],"collection":[{"href":"https:\/\/whitelip.com\/da\/wp-json\/wp\/v2\/product"}],"about":[{"href":"https:\/\/whitelip.com\/da\/wp-json\/wp\/v2\/types\/product"}],"replies":[{"embeddable":true,"href":"https:\/\/whitelip.com\/da\/wp-json\/wp\/v2\/comments?post=10145"}],"wp:featuredmedia":[{"embeddable":true,"href":"https:\/\/whitelip.com\/da\/wp-json\/wp\/v2\/media\/10146"}],"wp:attachment":[{"href":"https:\/\/whitelip.com\/da\/wp-json\/wp\/v2\/media?parent=10145"}],"wp:term":[{"taxonomy":"product_brand","embeddable":true,"href":"https:\/\/whitelip.com\/da\/wp-json\/wp\/v2\/product_brand?post=10145"},{"taxonomy":"product_cat","embeddable":true,"href":"https:\/\/whitelip.com\/da\/wp-json\/wp\/v2\/product_cat?post=10145"},{"taxonomy":"product_tag","embeddable":true,"href":"https:\/\/whitelip.com\/da\/wp-json\/wp\/v2\/product_tag?post=10145"},{"taxonomy":"flavours","embeddable":true,"href":"https:\/\/whitelip.com\/da\/wp-json\/wp\/v2\/flavours?post=10145"},{"taxonomy":"format","embeddable":true,"href":"https:\/\/whitelip.com\/da\/wp-json\/wp\/v2\/format?post=10145"},{"taxonomy":"nicotine","embeddable":true,"href":"https:\/\/whitelip.com\/da\/wp-json\/wp\/v2\/nicotine?post=10145"}],"curies":[{"name":"wp","href":"https:\/\/api.w.org\/{rel}","templated":true}]}}