{"id":10135,"date":"2025-03-31T09:36:00","date_gmt":"2025-03-31T09:36:00","guid":{"rendered":"https:\/\/whitelip.com\/iceberg-apple-lemon-pineapple-extreme\/"},"modified":"2026-05-11T10:11:36","modified_gmt":"2026-05-11T10:11:36","slug":"iceberg-apple-lemon-pineapple-extreme","status":"publish","type":"product","link":"https:\/\/whitelip.com\/da\/iceberg\/iceberg-apple-lemon-pineapple-extreme\/","title":{"rendered":"ICEBERG Apple Lemon Pineapple Extreme"},"content":{"rendered":"<h2><strong>ICEBERG Apple Lemon Pineapple Extreme<\/strong><\/h2>\n<p class=\"\" data-start=\"89\" data-end=\"754\">ICEBERG Apple Lemon Pineapple Extreme nikotinposer leverer en dristig og eksotisk frugtfusion, der kombinerer spr\u00f8dheden af gr\u00f8nt \u00e6ble, det pepret spark af citron og den tropiske s\u00f8dme fra ananas. Med et h\u00f8jt nikotinindhold p\u00e5 50 mg pr. gram\u2014cirka 35 mg pr. pose\u2014er disse slim-format poser fremstillet til erfarne brugere, som s\u00f8ger en kraftfuld og smagfuld oplevelse. Diskrete og komfortable under l\u00e6ben, er de designet til at undg\u00e5 at plette t\u00e6nderne og er perfekte til brug n\u00e5r som helst, hvor som helst. Produceret af Neoptolem, en polsk producent kendt for innovation og kvalitet, er disse tobakssfrie poser skubber gr\u00e6nserne for dristig smag og styrke.<\/p>\n<table>\n<tbody>\n<tr>\n<td><b>Attribute<\/b><\/td>\n<td><b>Detaljer<\/b><\/td>\n<\/tr>\n<tr>\n<td><b>Indhold pr. d\u00e5se<\/b><\/td>\n<td><span style=\"font-weight: 400;\">13g (20 poser)<\/span><\/td>\n<\/tr>\n<tr>\n<td><b>Nikotinindhold<\/b><\/td>\n<td><span style=\"font-weight: 400;\">50 mg\/g (35 mg pr. pose)<\/span><\/td>\n<\/tr>\n<tr>\n<td><b>Poseformat<\/b><\/td>\n<td><span style=\"font-weight: 400;\">Slim<\/span><\/td>\n<\/tr>\n<tr>\n<td><b>Producent<\/b><\/td>\n<td><span style=\"font-weight: 400;\">Neoptolem<\/span><\/td>\n<\/tr>\n<tr>\n<td><b>Smag<\/b><\/td>\n<td><span style=\"font-weight: 400;\">\u00c6ble, citron, ananas<\/span><\/td>\n<\/tr>\n<tr>\n<td><b>Type<\/b><\/td>\n<td><span style=\"font-weight: 400;\">Helt hvid pose<\/span><\/td>\n<\/tr>\n<\/tbody>\n<\/table>\n<p>\u00a0<\/p>","protected":false},"excerpt":{"rendered":"<p>ICEBERG Apple Lemon Pineapple leverer en dristig, eksotisk <strong data-start=\"54\" data-end=\"79\">\u00e6ble citron ananas<\/strong> blanding med spr\u00f8dt \u00e6ble, pepret citronsyrlighed og tropisk ananas. <strong data-start=\"141\" data-end=\"149\">Slim<\/strong> helt hvide poser sidder diskret under l\u00e6ben uden at plette. Hver pose indeholder <strong data-start=\"235\" data-end=\"253\">35 mg nikotin<\/strong>, hvilket giver et kraftfuldt, smagfuldt hit. Tobakssfri. Produceret af Neoptolem i Polen.<\/p>","protected":false},"featured_media":10136,"comment_status":"open","ping_status":"closed","template":"","format":[206],"meta":{"_acf_changed":false},"product_brand":[],"product_cat":[50],"product_tag":[16603],"flavours":[196],"nicotine":[226,233],"class_list":{"0":"post-10135","1":"product","2":"type-product","3":"status-publish","4":"has-post-thumbnail","6":"product_cat-iceberg","7":"product_tag-35-mg-pouch","8":"pa_quantity-1-pack","9":"pa_quantity-10-pack","10":"pa_quantity-3-pack","11":"pa_quantity-30-pack","12":"pa_quantity-5-pack","13":"pa_quantity-60-pack","14":"flavours-fruits-berries","15":"format-slim","16":"nicotine-50-mg-g","17":"nicotine-extreme","19":"first","20":"instock","21":"taxable","22":"shipping-taxable","23":"purchasable","24":"product-type-variable","25":"has-default-attributes"},"acf":[],"_links":{"self":[{"href":"https:\/\/whitelip.com\/da\/wp-json\/wp\/v2\/product\/10135","targetHints":{"allow":["GET"]}}],"collection":[{"href":"https:\/\/whitelip.com\/da\/wp-json\/wp\/v2\/product"}],"about":[{"href":"https:\/\/whitelip.com\/da\/wp-json\/wp\/v2\/types\/product"}],"replies":[{"embeddable":true,"href":"https:\/\/whitelip.com\/da\/wp-json\/wp\/v2\/comments?post=10135"}],"wp:featuredmedia":[{"embeddable":true,"href":"https:\/\/whitelip.com\/da\/wp-json\/wp\/v2\/media\/10136"}],"wp:attachment":[{"href":"https:\/\/whitelip.com\/da\/wp-json\/wp\/v2\/media?parent=10135"}],"wp:term":[{"taxonomy":"product_brand","embeddable":true,"href":"https:\/\/whitelip.com\/da\/wp-json\/wp\/v2\/product_brand?post=10135"},{"taxonomy":"product_cat","embeddable":true,"href":"https:\/\/whitelip.com\/da\/wp-json\/wp\/v2\/product_cat?post=10135"},{"taxonomy":"product_tag","embeddable":true,"href":"https:\/\/whitelip.com\/da\/wp-json\/wp\/v2\/product_tag?post=10135"},{"taxonomy":"flavours","embeddable":true,"href":"https:\/\/whitelip.com\/da\/wp-json\/wp\/v2\/flavours?post=10135"},{"taxonomy":"format","embeddable":true,"href":"https:\/\/whitelip.com\/da\/wp-json\/wp\/v2\/format?post=10135"},{"taxonomy":"nicotine","embeddable":true,"href":"https:\/\/whitelip.com\/da\/wp-json\/wp\/v2\/nicotine?post=10135"}],"curies":[{"name":"wp","href":"https:\/\/api.w.org\/{rel}","templated":true}]}}