{"id":10130,"date":"2025-03-31T09:14:02","date_gmt":"2025-03-31T09:14:02","guid":{"rendered":"https:\/\/whitelip.com\/cuba-white-ice-spearmint\/"},"modified":"2026-05-11T10:11:51","modified_gmt":"2026-05-11T10:11:51","slug":"cuba-white-ice-spearmint","status":"publish","type":"product","link":"https:\/\/whitelip.com\/da\/cuba\/cuba-white-ice-spearmint\/","title":{"rendered":"CUBA White Ice Spearmint"},"content":{"rendered":"<h2><strong>CUBA White Ice Spearmint<\/strong><\/h2>\n<p class=\"\" data-start=\"82\" data-end=\"712\">CUBA White Ice Spearmint nikotinposer leverer en knasende og inspirerende mynte-smag med en k\u00f8lig isende finish, hvilket giver en frisk og langvarig smagsoplevelse. Hver smal, helt hvid pose indeholder 16 mg nikotin, hvilket giver et st\u00e6rkt og tilfredsstillende kick egnet til erfarne brugere. Designet til diskret og behagelig brug under l\u00e6ben, vil disse poser ikke plette t\u00e6nderne og er ideale til on-the-go brug. Disse tobaksfri poser udm\u00e6rker sig ved deres premium kvalitet og erfriskende smagsprofil.<\/p>\n<table>\n<tbody>\n<tr>\n<td><b>Attribute<\/b><\/td>\n<td><b>Detaljer<\/b><\/td>\n<\/tr>\n<tr>\n<td><b>Indhold pr. d\u00e5se<\/b><\/td>\n<td><span style=\"font-weight: 400;\">13g (20 poser)<\/span><\/td>\n<\/tr>\n<tr>\n<td><b>Nikotinindhold<\/b><\/td>\n<td><span style=\"font-weight: 400;\">16 mg\/g (16 mg per pose)<\/span><\/td>\n<\/tr>\n<tr>\n<td><b>Poseformat<\/b><\/td>\n<td><span style=\"font-weight: 400;\">Slim<\/span><\/td>\n<\/tr>\n<tr>\n<td><b>Producent<\/b><\/td>\n<td><span style=\"font-weight: 400;\">CUBA<\/span><\/td>\n<\/tr>\n<tr>\n<td><b>Smag<\/b><\/td>\n<td><span style=\"font-weight: 400;\">Spearmint<\/span><\/td>\n<\/tr>\n<tr>\n<td><b>Type<\/b><\/td>\n<td><span style=\"font-weight: 400;\">Helt hvid pose<\/span><\/td>\n<\/tr>\n<\/tbody>\n<\/table>","protected":false},"excerpt":{"rendered":"<p>Krydret, opstemtende <strong data-start=\"20\" data-end=\"52\">gr\u00f8n mynte <\/strong>med en isende finish for en frisk, langvarig smag. De <strong data-start=\"90\" data-end=\"109\">smalle, <\/strong>helt hvide poser sidder diskret og behageligt under l\u00e6ben til ren, on-the-go brug. Hver pose indeholder <strong data-start=\"209\" data-end=\"237\">16 mg nikotin per pose<\/strong>, hvilket giver et st\u00e6rkt, tilfredsstillende kick fra CUBAs premium, tobaksfri sortiment.<\/p>","protected":false},"featured_media":10131,"comment_status":"open","ping_status":"closed","template":"","format":[206],"meta":{"_acf_changed":false},"product_brand":[],"product_cat":[46],"product_tag":[16569],"flavours":[199],"nicotine":[213,232],"class_list":{"0":"post-10130","1":"product","2":"type-product","3":"status-publish","4":"has-post-thumbnail","6":"product_cat-cuba","7":"product_tag-16-mg-pouch","8":"pa_quantity-1-pack","9":"pa_quantity-10-pack","10":"pa_quantity-3-pack","11":"pa_quantity-30-pack","12":"pa_quantity-5-pack","13":"pa_quantity-60-pack","14":"flavours-mint","15":"format-slim","16":"nicotine-16-mg-g","17":"nicotine-extra-strong","19":"first","20":"outofstock","21":"taxable","22":"shipping-taxable","23":"purchasable","24":"product-type-variable","25":"has-default-attributes"},"acf":[],"_links":{"self":[{"href":"https:\/\/whitelip.com\/da\/wp-json\/wp\/v2\/product\/10130","targetHints":{"allow":["GET"]}}],"collection":[{"href":"https:\/\/whitelip.com\/da\/wp-json\/wp\/v2\/product"}],"about":[{"href":"https:\/\/whitelip.com\/da\/wp-json\/wp\/v2\/types\/product"}],"replies":[{"embeddable":true,"href":"https:\/\/whitelip.com\/da\/wp-json\/wp\/v2\/comments?post=10130"}],"wp:featuredmedia":[{"embeddable":true,"href":"https:\/\/whitelip.com\/da\/wp-json\/wp\/v2\/media\/10131"}],"wp:attachment":[{"href":"https:\/\/whitelip.com\/da\/wp-json\/wp\/v2\/media?parent=10130"}],"wp:term":[{"taxonomy":"product_brand","embeddable":true,"href":"https:\/\/whitelip.com\/da\/wp-json\/wp\/v2\/product_brand?post=10130"},{"taxonomy":"product_cat","embeddable":true,"href":"https:\/\/whitelip.com\/da\/wp-json\/wp\/v2\/product_cat?post=10130"},{"taxonomy":"product_tag","embeddable":true,"href":"https:\/\/whitelip.com\/da\/wp-json\/wp\/v2\/product_tag?post=10130"},{"taxonomy":"flavours","embeddable":true,"href":"https:\/\/whitelip.com\/da\/wp-json\/wp\/v2\/flavours?post=10130"},{"taxonomy":"format","embeddable":true,"href":"https:\/\/whitelip.com\/da\/wp-json\/wp\/v2\/format?post=10130"},{"taxonomy":"nicotine","embeddable":true,"href":"https:\/\/whitelip.com\/da\/wp-json\/wp\/v2\/nicotine?post=10130"}],"curies":[{"name":"wp","href":"https:\/\/api.w.org\/{rel}","templated":true}]}}