{"id":10115,"date":"2025-03-31T09:02:17","date_gmt":"2025-03-31T09:02:17","guid":{"rendered":"https:\/\/whitelip.com\/77-ghost-cola-ice-mini\/"},"modified":"2026-05-06T10:11:33","modified_gmt":"2026-05-06T10:11:33","slug":"77-ghost-cola-ice-mini","status":"publish","type":"product","link":"https:\/\/whitelip.com\/da\/77\/77-ghost-cola-ice-mini\/","title":{"rendered":"77 Ghost Cola Ice Mini"},"content":{"rendered":"<h2><strong>77 Ghost Cola Ice Mini<\/strong><\/h2>\n<p class=\"\" data-start=\"89\" data-end=\"694\">77 Ghost Cola Ice Mini nikotinpuderne kombinerer den dristige, nostalgiske smag af klassisk cola med en islig mentol-twist for en friskende og stimulerende oplevelse. Hver mini, helt hvid pude leverer et potent 20 mg nikotin, hvilket g\u00f8r det til en kraftfuld mulighed skr\u00e6ddersyet til meget erfarne brugere. Designet til diskret brug passer pudderne komfortabelt under l\u00e6ben uden at blive tandplettet, hvilket sikrer en ren og bekvem oplevelse n\u00e5r som helst. Produceret af 77 Group udm\u00e6rker disse tobaksfrije pladser sig med deres intense smag og ekstra-st\u00e6rkt kick, der viser innovation og h\u00f8j h\u00e5ndv\u00e6rkskvalitet.<\/p>\n<table>\n<tbody>\n<tr>\n<td><b>Attribute<\/b><\/td>\n<td><b>Detaljer<\/b><\/td>\n<\/tr>\n<tr>\n<td><b>Indhold pr. d\u00e5se<\/b><\/td>\n<td><span style=\"font-weight: 400;\">13g (20 poser)<\/span><\/td>\n<\/tr>\n<tr>\n<td><b>Nikotinindhold<\/b><\/td>\n<td><span style=\"font-weight: 400;\">40 mg\/g (20 mg pr. pude)<\/span><\/td>\n<\/tr>\n<tr>\n<td><b>Poseformat<\/b><\/td>\n<td><span style=\"font-weight: 400;\">Mini<\/span><\/td>\n<\/tr>\n<tr>\n<td><b>Producent<\/b><\/td>\n<td><span style=\"font-weight: 400;\">77 Group<\/span><\/td>\n<\/tr>\n<tr>\n<td><b>Smag<\/b><\/td>\n<td><span style=\"font-weight: 400;\">Cola<\/span><\/td>\n<\/tr>\n<tr>\n<td><b>Type<\/b><\/td>\n<td><span style=\"font-weight: 400;\">Helt hvid pose<\/span><\/td>\n<\/tr>\n<\/tbody>\n<\/table>","protected":false},"excerpt":{"rendered":"<p>Dristig, nostalgisk <strong data-start=\"16\" data-end=\"41\">cola med islig mentol<\/strong> til et spr\u00f8dt, friskende hit. Den <strong data-start=\"75\" data-end=\"94\">mini,<\/strong> helt hvide pladser sidder diskret under l\u00e6ben til ren, brug n\u00e5r som helst. Hver pude indeholder <strong data-start=\"176\" data-end=\"194\">20 mg nikotin<\/strong>, der leverer et ekstra st\u00e6rkt, stimulerende kick til erfarne brugere.<\/p>","protected":false},"featured_media":10116,"comment_status":"open","ping_status":"closed","template":"","format":[205],"meta":{"_acf_changed":false},"product_brand":[],"product_cat":[23],"product_tag":[16545],"flavours":[193,199],"nicotine":[225,233],"class_list":{"0":"post-10115","1":"product","2":"type-product","3":"status-publish","4":"has-post-thumbnail","6":"product_cat-23","7":"product_tag-20-mg-pouch","8":"pa_quantity-1-pack","9":"pa_quantity-10-pack","10":"pa_quantity-3-pack","11":"pa_quantity-30-pack","12":"pa_quantity-5-pack","13":"pa_quantity-60-pack","14":"flavours-cola","15":"flavours-mint","16":"format-mini","17":"nicotine-40-mg-g","18":"nicotine-extreme","20":"first","21":"instock","22":"taxable","23":"shipping-taxable","24":"purchasable","25":"product-type-variable","26":"has-default-attributes"},"acf":[],"_links":{"self":[{"href":"https:\/\/whitelip.com\/da\/wp-json\/wp\/v2\/product\/10115","targetHints":{"allow":["GET"]}}],"collection":[{"href":"https:\/\/whitelip.com\/da\/wp-json\/wp\/v2\/product"}],"about":[{"href":"https:\/\/whitelip.com\/da\/wp-json\/wp\/v2\/types\/product"}],"replies":[{"embeddable":true,"href":"https:\/\/whitelip.com\/da\/wp-json\/wp\/v2\/comments?post=10115"}],"wp:featuredmedia":[{"embeddable":true,"href":"https:\/\/whitelip.com\/da\/wp-json\/wp\/v2\/media\/10116"}],"wp:attachment":[{"href":"https:\/\/whitelip.com\/da\/wp-json\/wp\/v2\/media?parent=10115"}],"wp:term":[{"taxonomy":"product_brand","embeddable":true,"href":"https:\/\/whitelip.com\/da\/wp-json\/wp\/v2\/product_brand?post=10115"},{"taxonomy":"product_cat","embeddable":true,"href":"https:\/\/whitelip.com\/da\/wp-json\/wp\/v2\/product_cat?post=10115"},{"taxonomy":"product_tag","embeddable":true,"href":"https:\/\/whitelip.com\/da\/wp-json\/wp\/v2\/product_tag?post=10115"},{"taxonomy":"flavours","embeddable":true,"href":"https:\/\/whitelip.com\/da\/wp-json\/wp\/v2\/flavours?post=10115"},{"taxonomy":"format","embeddable":true,"href":"https:\/\/whitelip.com\/da\/wp-json\/wp\/v2\/format?post=10115"},{"taxonomy":"nicotine","embeddable":true,"href":"https:\/\/whitelip.com\/da\/wp-json\/wp\/v2\/nicotine?post=10115"}],"curies":[{"name":"wp","href":"https:\/\/api.w.org\/{rel}","templated":true}]}}