{"id":10100,"date":"2025-03-27T09:20:22","date_gmt":"2025-03-27T09:20:22","guid":{"rendered":"https:\/\/whitelip.com\/pablo-exclusive-dark-cherry-50mg\/"},"modified":"2026-04-16T05:43:33","modified_gmt":"2026-04-16T05:43:33","slug":"pablo-exclusive-dark-cherry-50mg","status":"publish","type":"product","link":"https:\/\/whitelip.com\/da\/pablo\/pablo-exclusive-dark-cherry-50mg\/","title":{"rendered":"PABLO Exclusive Dark Cherry 50mg"},"content":{"rendered":"<h2><strong>PABLO Exclusive Dark Cherry 50mg<\/strong><\/h2>\n<p><span style=\"font-weight: 400;\">PABLO Exclusive Dark Cherry 50mg nikotinposer leverer en dristig fusion af s\u00f8d og saftig kirseb\u00e6rsmag med en frisk isy mint-finish, kombineret med en ekstremt h\u00f8j nikotinstyrke for en kraftfuld oplevelse. Disse slanke, tobakssfrie poser er designet til diskret og komfortabel brug, der passer perfekt under l\u00e6ben. Fremstillet til erfarne brugere, leverer PABLO Exclusive Dark Cherry en konsekvent frigivelse af smag og nikotin og tilbyder en unik og oplivende fornemmelse.<\/span><\/p>\n<table>\n<tbody>\n<tr>\n<td><b>Attribute<\/b><\/td>\n<td><b>Detaljer<\/b><\/td>\n<\/tr>\n<tr>\n<td><span style=\"font-weight: 400;\">Indhold pr. D\u00e5se<\/span><\/td>\n<td><span style=\"font-weight: 400;\">15g (20 poser)<\/span><\/td>\n<\/tr>\n<tr>\n<td><span style=\"font-weight: 400;\">Nikotin Indhold<\/span><\/td>\n<td><span style=\"font-weight: 400;\">50 mg\/g (30 mg pr. pouch)<\/span><\/td>\n<\/tr>\n<tr>\n<td><span style=\"font-weight: 400;\">Pouch Format<\/span><\/td>\n<td><span style=\"font-weight: 400;\">Slim<\/span><\/td>\n<\/tr>\n<tr>\n<td><span style=\"font-weight: 400;\">Producent<\/span><\/td>\n<td><span style=\"font-weight: 400;\">N.G.P Empire<\/span><\/td>\n<\/tr>\n<tr>\n<td><span style=\"font-weight: 400;\">Smag<\/span><\/td>\n<td><span style=\"font-weight: 400;\">Kirseb\u00e6r med Isy Mint<\/span><\/td>\n<\/tr>\n<tr>\n<td><span style=\"font-weight: 400;\">Type<\/span><\/td>\n<td><span style=\"font-weight: 400;\">Alt hvid pouch, Tobaksri<\/span><\/td>\n<\/tr>\n<\/tbody>\n<\/table>","protected":false},"excerpt":{"rendered":"<p>PABLO Exclusive Dark Cherry 50mg nikotinposer leverer en dristig, saftig <strong data-start=\"72\" data-end=\"87\">Dark Cherry<\/strong> -smag med en frisk isy mint-finish. <strong data-start=\"130\" data-end=\"138\">Slim<\/strong>, tobaksfri format til diskret, behagelig brug og en ren, stabil frigivelse. Hver pude indeholder <strong data-start=\"239\" data-end=\"259\">30 mg nikotin<\/strong>.<\/p>","protected":false},"featured_media":10101,"comment_status":"open","ping_status":"closed","template":"","format":[206],"meta":{"_acf_changed":false},"product_brand":[],"product_cat":[44],"product_tag":[16605],"flavours":[196],"nicotine":[226,233],"class_list":{"0":"post-10100","1":"product","2":"type-product","3":"status-publish","4":"has-post-thumbnail","6":"product_cat-pablo","7":"product_tag-30-mg-pouch","8":"pa_quantity-1-pack","9":"pa_quantity-10-pack","10":"pa_quantity-3-pack","11":"pa_quantity-30-pack","12":"pa_quantity-5-pack","13":"pa_quantity-60-pack","14":"flavours-fruits-berries","15":"format-slim","16":"nicotine-50-mg-g","17":"nicotine-extreme","19":"first","20":"instock","21":"taxable","22":"shipping-taxable","23":"purchasable","24":"product-type-variable","25":"has-default-attributes"},"acf":[],"_links":{"self":[{"href":"https:\/\/whitelip.com\/da\/wp-json\/wp\/v2\/product\/10100","targetHints":{"allow":["GET"]}}],"collection":[{"href":"https:\/\/whitelip.com\/da\/wp-json\/wp\/v2\/product"}],"about":[{"href":"https:\/\/whitelip.com\/da\/wp-json\/wp\/v2\/types\/product"}],"replies":[{"embeddable":true,"href":"https:\/\/whitelip.com\/da\/wp-json\/wp\/v2\/comments?post=10100"}],"wp:featuredmedia":[{"embeddable":true,"href":"https:\/\/whitelip.com\/da\/wp-json\/wp\/v2\/media\/10101"}],"wp:attachment":[{"href":"https:\/\/whitelip.com\/da\/wp-json\/wp\/v2\/media?parent=10100"}],"wp:term":[{"taxonomy":"product_brand","embeddable":true,"href":"https:\/\/whitelip.com\/da\/wp-json\/wp\/v2\/product_brand?post=10100"},{"taxonomy":"product_cat","embeddable":true,"href":"https:\/\/whitelip.com\/da\/wp-json\/wp\/v2\/product_cat?post=10100"},{"taxonomy":"product_tag","embeddable":true,"href":"https:\/\/whitelip.com\/da\/wp-json\/wp\/v2\/product_tag?post=10100"},{"taxonomy":"flavours","embeddable":true,"href":"https:\/\/whitelip.com\/da\/wp-json\/wp\/v2\/flavours?post=10100"},{"taxonomy":"format","embeddable":true,"href":"https:\/\/whitelip.com\/da\/wp-json\/wp\/v2\/format?post=10100"},{"taxonomy":"nicotine","embeddable":true,"href":"https:\/\/whitelip.com\/da\/wp-json\/wp\/v2\/nicotine?post=10100"}],"curies":[{"name":"wp","href":"https:\/\/api.w.org\/{rel}","templated":true}]}}