{"id":7540,"date":"2024-11-29T19:26:30","date_gmt":"2024-11-29T19:26:30","guid":{"rendered":"https:\/\/whitelip.com\/about-us\/"},"modified":"2025-10-01T13:10:02","modified_gmt":"2025-10-01T13:10:02","slug":"about-us","status":"publish","type":"page","link":"https:\/\/whitelip.com\/da\/about-us\/","title":{"rendered":"Om os"},"content":{"rendered":"<div class=\"wp-block-group container\"><div class=\"wp-block-group__inner-container is-layout-constrained wp-block-group-is-layout-constrained\">\n<h1 class=\"wp-block-heading has-text-align-center\">OM OS<\/h1>\n\n\n<section class=\"block--title_aside\">\n    <aside class=\"block_aside\">\n        <p><strong>Whitelip AB<\/strong><\/p>\n\n    <\/aside>\n\n    <main class=\"block_main\">\n        \n\n<p>Whitelip.com blev etableret for at tilbyde et omfattende og dynamisk udvalg af all-white nikotinposer til meget konkurrencedygtige priser. Vi identificerede et hul i markedet og forestillede os en platform, der im\u00f8dekommer alle pr\u00e6ferencer \u2013 fra de mest prisvenlige til premium-muligheder, og fra de mildeste til de mest intense produkter. I mods\u00e6tning til mange store forhandlere, der prim\u00e6rt fokuserer p\u00e5 etablerede, mainstream-m\u00e6rker, str\u00e6ber vi efter at g\u00e5 ud over det s\u00e6dvanlige ved at tilbyde unikke og s\u00e6rpr\u00e6gede produkter. Vores mission er at inspirere vores kunder til at udforske nye smagsvarianter og sorter og hj\u00e6lpe dem med at opdage deres n\u00e6ste favoritter. Som en del af vores forpligtelse til ekspertise udvider vi l\u00f8bende vores produktsortiment for at sikre, at der er noget for enhver.<\/p>\n\n\n    <\/main>\n<\/section>\n<\/div><\/div>\n\n\n<section class=\"tbs-image_cards\">\n  \n  <div class=\"wrapper centered_cards\">\n          <div class=\"card_wrapper\">\n        <div class=\"image-wrapper\">\n          <img decoding=\"async\" src=\"https:\/\/spcdn.shortpixel.ai\/spio\/ret_img,q_cdnize,to_avif,s_avif\/whitelip.com\/wp-content\/uploads\/2025\/07\/Daniel.webp\" alt=\"\" loading=\"lazy\" width=\"200\" height=\"200\" title=\"\">\n        <\/div>\n\n        <div class=\"info\">\n          <span class=\"name\">Daniel Holgersson<\/span>\n          <span class=\"title\">Administrerende direkt\u00f8r<\/span>\n        <\/div>\n\n        <div class=\"wrapper-buttons\">\n                      <a href=\"mailto:daniel@whitelip.com\"><img decoding=\"async\" src=\"https:\/\/spcdn.shortpixel.ai\/spio\/ret_img,q_cdnize,to_avif,s_avif\/whitelip.com\/wp-content\/themes\/whitelip\/static\/img\/envelope-solid-full.svg\" alt=\"\" title=\"\"><\/a>\n          \n                      <a href=\"tel:+46707907751\"><img decoding=\"async\" src=\"https:\/\/spcdn.shortpixel.ai\/spio\/ret_img,q_cdnize,to_avif,s_avif\/whitelip.com\/wp-content\/themes\/whitelip\/static\/img\/phone-solid-full.svg\" alt=\"\" title=\"\"><\/a>\n          \n                      <a href=\"\"><img decoding=\"async\" src=\"https:\/\/spcdn.shortpixel.ai\/spio\/ret_img,q_cdnize,to_avif,s_avif\/whitelip.com\/wp-content\/themes\/whitelip\/static\/img\/linkedin-brands-solid-full.svg\" alt=\"\" title=\"\"><\/a>\n                  <\/div>\n      <\/div>\n          <div class=\"card_wrapper\">\n        <div class=\"image-wrapper\">\n          <img decoding=\"async\" src=\"https:\/\/spcdn.shortpixel.ai\/spio\/ret_img,q_cdnize,to_avif,s_avif\/whitelip.com\/wp-content\/uploads\/2025\/07\/Albin.webp\" alt=\"\" loading=\"lazy\" width=\"200\" height=\"200\" title=\"\">\n        <\/div>\n\n        <div class=\"info\">\n          <span class=\"name\">Albin Dahlin<\/span>\n          <span class=\"title\">Finansdirekt\u00f8r<\/span>\n        <\/div>\n\n        <div class=\"wrapper-buttons\">\n                      <a href=\"mailto:albin@whitelip.com\"><img decoding=\"async\" src=\"https:\/\/spcdn.shortpixel.ai\/spio\/ret_img,q_cdnize,to_avif,s_avif\/whitelip.com\/wp-content\/themes\/whitelip\/static\/img\/envelope-solid-full.svg\" alt=\"\" title=\"\"><\/a>\n          \n                      <a href=\"tel:+46708302150\"><img decoding=\"async\" src=\"https:\/\/spcdn.shortpixel.ai\/spio\/ret_img,q_cdnize,to_avif,s_avif\/whitelip.com\/wp-content\/themes\/whitelip\/static\/img\/phone-solid-full.svg\" alt=\"\" title=\"\"><\/a>\n          \n                      <a href=\"\"><img decoding=\"async\" src=\"https:\/\/spcdn.shortpixel.ai\/spio\/ret_img,q_cdnize,to_avif,s_avif\/whitelip.com\/wp-content\/themes\/whitelip\/static\/img\/linkedin-brands-solid-full.svg\" alt=\"\" title=\"\"><\/a>\n                  <\/div>\n      <\/div>\n          <div class=\"card_wrapper\">\n        <div class=\"image-wrapper\">\n          <img decoding=\"async\" src=\"https:\/\/spcdn.shortpixel.ai\/spio\/ret_img,q_cdnize,to_avif,s_avif\/whitelip.com\/wp-content\/uploads\/2025\/07\/Max.webp\" alt=\"\" loading=\"lazy\" width=\"200\" height=\"200\" title=\"\">\n        <\/div>\n\n        <div class=\"info\">\n          <span class=\"name\">Max Juserius<\/span>\n          <span class=\"title\">Marketingdirekt\u00f8r<\/span>\n        <\/div>\n\n        <div class=\"wrapper-buttons\">\n                      <a href=\"mailto:max@whitelip.com\"><img decoding=\"async\" src=\"https:\/\/spcdn.shortpixel.ai\/spio\/ret_img,q_cdnize,to_avif,s_avif\/whitelip.com\/wp-content\/themes\/whitelip\/static\/img\/envelope-solid-full.svg\" alt=\"\" title=\"\"><\/a>\n          \n                      <a href=\"tel:+46707484475\"><img decoding=\"async\" src=\"https:\/\/spcdn.shortpixel.ai\/spio\/ret_img,q_cdnize,to_avif,s_avif\/whitelip.com\/wp-content\/themes\/whitelip\/static\/img\/phone-solid-full.svg\" alt=\"\" title=\"\"><\/a>\n          \n                      <a href=\"\"><img decoding=\"async\" src=\"https:\/\/spcdn.shortpixel.ai\/spio\/ret_img,q_cdnize,to_avif,s_avif\/whitelip.com\/wp-content\/themes\/whitelip\/static\/img\/linkedin-brands-solid-full.svg\" alt=\"\" title=\"\"><\/a>\n                  <\/div>\n      <\/div>\n          <div class=\"card_wrapper\">\n        <div class=\"image-wrapper\">\n          <img decoding=\"async\" src=\"https:\/\/spcdn.shortpixel.ai\/spio\/ret_img,q_cdnize,to_avif,s_avif\/whitelip.com\/wp-content\/uploads\/2025\/07\/1699907329647.webp\" alt=\"\" loading=\"lazy\" width=\"800\" height=\"800\" title=\"\">\n        <\/div>\n\n        <div class=\"info\">\n          <span class=\"name\">Edvin Andersson<\/span>\n          <span class=\"title\">ENGROS<\/span>\n        <\/div>\n\n        <div class=\"wrapper-buttons\">\n                      <a href=\"mailto:edvin@whitelip.com\"><img decoding=\"async\" src=\"https:\/\/spcdn.shortpixel.ai\/spio\/ret_img,q_cdnize,to_avif,s_avif\/whitelip.com\/wp-content\/themes\/whitelip\/static\/img\/envelope-solid-full.svg\" alt=\"\" title=\"\"><\/a>\n          \n                      <a href=\"tel:+46722070808\"><img decoding=\"async\" src=\"https:\/\/spcdn.shortpixel.ai\/spio\/ret_img,q_cdnize,to_avif,s_avif\/whitelip.com\/wp-content\/themes\/whitelip\/static\/img\/phone-solid-full.svg\" alt=\"\" title=\"\"><\/a>\n          \n                      <a href=\"\"><img decoding=\"async\" src=\"https:\/\/spcdn.shortpixel.ai\/spio\/ret_img,q_cdnize,to_avif,s_avif\/whitelip.com\/wp-content\/themes\/whitelip\/static\/img\/linkedin-brands-solid-full.svg\" alt=\"\" title=\"\"><\/a>\n                  <\/div>\n      <\/div>\n      <\/div>\n<\/section>\n\n\n\n<p><\/p>","protected":false},"excerpt":{"rendered":"<p>OM OS<\/p>","protected":false},"author":8456,"featured_media":0,"parent":0,"menu_order":0,"comment_status":"open","ping_status":"open","template":"text.php","meta":{"_acf_changed":false,"footnotes":""},"class_list":["post-7540","page","type-page","status-publish","hentry"],"acf":[],"_links":{"self":[{"href":"https:\/\/whitelip.com\/da\/wp-json\/wp\/v2\/pages\/7540","targetHints":{"allow":["GET"]}}],"collection":[{"href":"https:\/\/whitelip.com\/da\/wp-json\/wp\/v2\/pages"}],"about":[{"href":"https:\/\/whitelip.com\/da\/wp-json\/wp\/v2\/types\/page"}],"author":[{"embeddable":true,"href":"https:\/\/whitelip.com\/da\/wp-json\/wp\/v2\/users\/8456"}],"replies":[{"embeddable":true,"href":"https:\/\/whitelip.com\/da\/wp-json\/wp\/v2\/comments?post=7540"}],"version-history":[{"count":0,"href":"https:\/\/whitelip.com\/da\/wp-json\/wp\/v2\/pages\/7540\/revisions"}],"wp:attachment":[{"href":"https:\/\/whitelip.com\/da\/wp-json\/wp\/v2\/media?parent=7540"}],"curies":[{"name":"wp","href":"https:\/\/api.w.org\/{rel}","templated":true}]}}