{"id":9997,"date":"2025-03-25T13:43:09","date_gmt":"2025-03-25T13:43:09","guid":{"rendered":"https:\/\/whitelip.com\/garant-extreme-edition-ice-peach-50mg\/"},"modified":"2026-05-01T10:10:40","modified_gmt":"2026-05-01T10:10:40","slug":"garant-extreme-edition-ice-peach-50mg","status":"publish","type":"product","link":"https:\/\/whitelip.com\/cs\/garant\/garant-extreme-edition-ice-peach-50mg\/","title":{"rendered":"Garant Extreme Edition Ice Peach 50mg"},"content":{"rendered":"<h2><strong>Garant Extreme Edition Ice Peach 50mg<\/strong><\/h2>\n<p>Nikotinov\u00e9 s\u00e1\u010dky Garant Extreme Ice Peach nab\u00edzej\u00ed dokonal\u00fd letn\u00ed z\u00e1\u017eitek se \u0161\u0165avnatou sladkost\u00ed pln\u011b zral\u00fdch broskv\u00ed v kombinaci s osv\u011b\u017euj\u00edc\u00edm ledov\u00fdm n\u00e1dechem. P\u0159\u00edrodn\u00ed, sluncem pol\u00edben\u00e1 broskvov\u00e1 chu\u0165 je \u017eiv\u00e1 a bohat\u00e1, zat\u00edmco charakteristick\u00fd ledov\u00fd pocit dod\u00e1v\u00e1 osv\u011b\u017euj\u00edc\u00ed n\u00e1dech a p\u0159in\u00e1\u0161\u00ed chladiv\u00fd, sv\u011b\u017e\u00ed z\u00e1v\u011br. Ka\u017ed\u00fd tenk\u00fd, celob\u00edl\u00fd s\u00e1\u010dek obsahuje 25 mg nikotinu, celkem 50 mg nikotinu na gram, co\u017e zaji\u0161\u0165uje siln\u00fd a dlouhotrvaj\u00edc\u00ed \u00fa\u010dinek. Tyto beztab\u00e1kov\u00e9 s\u00e1\u010dky jsou navr\u017eeny pro diskr\u00e9tn\u00ed pou\u017eit\u00ed, poskytuj\u00ed hladkou, osv\u011b\u017euj\u00edc\u00ed d\u00e1vku nikotinu a zachycuj\u00ed esenci l\u00e9ta v ka\u017ed\u00e9m s\u00e1\u010dku.<\/p>\n<table>\n<tbody>\n<tr>\n<td><b>Atribut<\/b><\/td>\n<td><b>Podrobnosti na<\/b><\/td>\n<\/tr>\n<tr>\n<td><span style=\"font-weight: 400;\">Obsah na plechovku<\/span><\/td>\n<td>27 s\u00e1\u010dk\u016f<\/td>\n<\/tr>\n<tr>\n<td><span style=\"font-weight: 400;\">Obsah nikotinu<\/span><\/td>\n<td><span style=\"font-weight: 400;\">50 mg\/g (25 mg na s\u00e1\u010dek)<\/span><\/td>\n<\/tr>\n<tr>\n<td><span style=\"font-weight: 400;\">Form\u00e1t pouzdra<\/span><\/td>\n<td><span style=\"font-weight: 400;\">Slim<\/span><\/td>\n<\/tr>\n<tr>\n<td><span style=\"font-weight: 400;\">V\u00fdrobce<\/span><\/td>\n<td><span style=\"font-weight: 400;\">Garant<\/span><\/td>\n<\/tr>\n<tr>\n<td><span style=\"font-weight: 400;\">P\u0159\u00edchu\u0165<\/span><\/td>\n<td>broskev, m\u00e1ta<\/td>\n<\/tr>\n<tr>\n<td><span style=\"font-weight: 400;\">Typ<\/span><\/td>\n<td><span style=\"font-weight: 400;\">Celob\u00edl\u00fd s\u00e1\u010dek, bez tab\u00e1ku<\/span><\/td>\n<\/tr>\n<\/tbody>\n<\/table>","protected":false},"excerpt":{"rendered":"<p>\u0160\u0165avnat\u00e9, osv\u011b\u017euj\u00edc\u00ed <strong data-start=\"18\" data-end=\"31\">ledov\u00e1 broskev<\/strong> se zralou sladkost\u00ed a chladn\u00fdm, sv\u011b\u017e\u00ed z\u00e1v\u011brem. <strong data-start=\"78\" data-end=\"86\">Slim<\/strong>, zcela b\u00edl\u00e9, beztab\u00e1kov\u00e9 s\u00e1\u010dky diskr\u00e9tn\u011b sed\u00ed pod rty a umo\u017e\u0148uj\u00ed pohodln\u00e9 pou\u017e\u00edv\u00e1n\u00ed. Ka\u017ed\u00fd s\u00e1\u010dek obsahuje <strong data-start=\"190\" data-end=\"208\">25 mg nikotinu<\/strong> (50 mg\/g), co\u017e p\u0159in\u00e1\u0161\u00ed siln\u00fd a dlouhotrvaj\u00edc\u00ed \u00fa\u010dinek.<\/p>","protected":false},"featured_media":9998,"comment_status":"open","ping_status":"closed","template":"","format":[206],"meta":{"_acf_changed":false},"product_brand":[],"product_cat":[102],"product_tag":[16510,16589],"flavours":[196,199],"nicotine":[226,233],"class_list":{"0":"post-9997","1":"product","2":"type-product","3":"status-publish","4":"has-post-thumbnail","6":"product_cat-garant","7":"product_tag-12-off","8":"product_tag-25-mg-pouch","9":"pa_quantity-1-pack","10":"pa_quantity-10-pack","11":"pa_quantity-3-pack","12":"pa_quantity-30-pack","13":"pa_quantity-5-pack","14":"pa_quantity-60-pack","15":"flavours-fruits-berries","16":"flavours-mint","17":"format-slim","18":"nicotine-50-mg-g","19":"nicotine-extreme","21":"first","22":"instock","23":"sale","24":"taxable","25":"shipping-taxable","26":"purchasable","27":"product-type-variable","28":"has-default-attributes"},"acf":[],"_links":{"self":[{"href":"https:\/\/whitelip.com\/cs\/wp-json\/wp\/v2\/product\/9997","targetHints":{"allow":["GET"]}}],"collection":[{"href":"https:\/\/whitelip.com\/cs\/wp-json\/wp\/v2\/product"}],"about":[{"href":"https:\/\/whitelip.com\/cs\/wp-json\/wp\/v2\/types\/product"}],"replies":[{"embeddable":true,"href":"https:\/\/whitelip.com\/cs\/wp-json\/wp\/v2\/comments?post=9997"}],"wp:featuredmedia":[{"embeddable":true,"href":"https:\/\/whitelip.com\/cs\/wp-json\/wp\/v2\/media\/9998"}],"wp:attachment":[{"href":"https:\/\/whitelip.com\/cs\/wp-json\/wp\/v2\/media?parent=9997"}],"wp:term":[{"taxonomy":"product_brand","embeddable":true,"href":"https:\/\/whitelip.com\/cs\/wp-json\/wp\/v2\/product_brand?post=9997"},{"taxonomy":"product_cat","embeddable":true,"href":"https:\/\/whitelip.com\/cs\/wp-json\/wp\/v2\/product_cat?post=9997"},{"taxonomy":"product_tag","embeddable":true,"href":"https:\/\/whitelip.com\/cs\/wp-json\/wp\/v2\/product_tag?post=9997"},{"taxonomy":"flavours","embeddable":true,"href":"https:\/\/whitelip.com\/cs\/wp-json\/wp\/v2\/flavours?post=9997"},{"taxonomy":"format","embeddable":true,"href":"https:\/\/whitelip.com\/cs\/wp-json\/wp\/v2\/format?post=9997"},{"taxonomy":"nicotine","embeddable":true,"href":"https:\/\/whitelip.com\/cs\/wp-json\/wp\/v2\/nicotine?post=9997"}],"curies":[{"name":"wp","href":"https:\/\/api.w.org\/{rel}","templated":true}]}}