{"id":9962,"date":"2025-03-25T13:43:36","date_gmt":"2025-03-25T13:43:36","guid":{"rendered":"https:\/\/whitelip.com\/garant-extreme-edition-citrus-50-mg\/"},"modified":"2026-03-09T18:15:03","modified_gmt":"2026-03-09T18:15:03","slug":"garant-extreme-edition-citrus-50-mg","status":"publish","type":"product","link":"https:\/\/whitelip.com\/cs\/garant\/garant-extreme-edition-citrus-50-mg\/","title":{"rendered":"Garant Extreme Edition Citrus 50 mg"},"content":{"rendered":"<h2><strong>Garant Extreme Edition Citrus 50 mg<\/strong><\/h2>\n<p>Nikotinov\u00e9 s\u00e1\u010dky Garant Extreme Citrus nab\u00edzej\u00ed \u017eiv\u00fd, pikantn\u00ed p\u0159\u00edval citrus\u016f, kter\u00fd dokonale vyva\u017euje sladk\u00e9 a kysel\u00e9 t\u00f3ny pro skute\u010dn\u011b osv\u011b\u017euj\u00edc\u00ed z\u00e1\u017eitek. Ka\u017ed\u00fd tenk\u00fd, celob\u00edl\u00fd s\u00e1\u010dek obsahuje 25 mg nikotinu, celkem 50 mg nikotinu na gram, co\u017e p\u0159in\u00e1\u0161\u00ed siln\u00fd a dlouhotrvaj\u00edc\u00ed \u00fa\u010dinek pro zku\u0161en\u00e9 u\u017eivatele. Elegantn\u00ed design zaji\u0161\u0165uje diskr\u00e9tn\u00ed a pohodln\u00e9 ulo\u017een\u00ed pod rty a poskytuje hladk\u00fd, p\u0159\u00edjemn\u00fd pocit bez zabarven\u00ed zub\u016f. Pro ty, kte\u0159\u00ed tou\u017e\u00ed po pikantn\u00edm citrusov\u00e9m n\u00e1dechu se silnou d\u00e1vkou nikotinu, p\u0159in\u00e1\u0161ej\u00ed tyto beztab\u00e1kov\u00e9 s\u00e1\u010dky dokonalou kombinaci chuti a intenzity.<\/p>\n<table>\n<tbody>\n<tr>\n<td><b>Atribut<\/b><\/td>\n<td><b>Podrobnosti na<\/b><\/td>\n<\/tr>\n<tr>\n<td><span style=\"font-weight: 400;\">Obsah na plechovku<\/span><\/td>\n<td><\/td>\n<\/tr>\n<tr>\n<td><span style=\"font-weight: 400;\">Obsah nikotinu<\/span><\/td>\n<td><span style=\"font-weight: 400;\">50 mg\/g (25 mg na s\u00e1\u010dek)<\/span><\/td>\n<\/tr>\n<tr>\n<td><span style=\"font-weight: 400;\">Form\u00e1t pouzdra<\/span><\/td>\n<td><span style=\"font-weight: 400;\">Slim<\/span><\/td>\n<\/tr>\n<tr>\n<td><span style=\"font-weight: 400;\">V\u00fdrobce<\/span><\/td>\n<td><span style=\"font-weight: 400;\">Garant<\/span><\/td>\n<\/tr>\n<tr>\n<td><span style=\"font-weight: 400;\">P\u0159\u00edchu\u0165<\/span><\/td>\n<td>Citrus<\/td>\n<\/tr>\n<tr>\n<td><span style=\"font-weight: 400;\">Typ<\/span><\/td>\n<td><span style=\"font-weight: 400;\">Celob\u00edl\u00fd s\u00e1\u010dek, bez tab\u00e1ku<\/span><\/td>\n<\/tr>\n<\/tbody>\n<\/table>","protected":false},"excerpt":{"rendered":"<p data-start=\"0\" data-end=\"264\">\u017div\u00fd, pikantn\u00ed <strong data-start=\"15\" data-end=\"25\">citrusy<\/strong> s vyv\u00e1\u017een\u00fdm sladkokysel\u00fdm n\u00e1dechem. <strong data-start=\"59\" data-end=\"67\">Slim<\/strong>, zcela b\u00edl\u00e9 s\u00e1\u010dky bez tab\u00e1ku se diskr\u00e9tn\u011b um\u00edst\u00ed pod rty, ani\u017e by zabarvily zuby. Ka\u017ed\u00fd s\u00e1\u010dek obsahuje <strong data-start=\"174\" data-end=\"192\">25 mg nikotinu<\/strong> (50 mg\/g), co\u017e p\u0159in\u00e1\u0161\u00ed siln\u00fd a dlouhotrvaj\u00edc\u00ed \u00fa\u010dinek pro zku\u0161en\u00e9 u\u017eivatele.<\/p>\n<p data-start=\"266\" data-end=\"380\" data-is-last-node=\"\" data-is-only-node=\"\">","protected":false},"featured_media":9963,"comment_status":"open","ping_status":"closed","template":"","format":[206],"meta":{"_acf_changed":false},"product_brand":[],"product_cat":[102],"product_tag":[16589],"flavours":[190],"nicotine":[226,233],"class_list":{"0":"post-9962","1":"product","2":"type-product","3":"status-publish","4":"has-post-thumbnail","6":"product_cat-garant","7":"product_tag-25-mg-pouch","8":"pa_quantity-1-pack","9":"pa_quantity-10-pack","10":"pa_quantity-3-pack","11":"pa_quantity-30-pack","12":"pa_quantity-5-pack","13":"pa_quantity-60-pack","14":"flavours-citrus","15":"format-slim","16":"nicotine-50-mg-g","17":"nicotine-extreme","19":"first","20":"outofstock","21":"taxable","22":"shipping-taxable","23":"purchasable","24":"product-type-variable","25":"has-default-attributes"},"acf":[],"_links":{"self":[{"href":"https:\/\/whitelip.com\/cs\/wp-json\/wp\/v2\/product\/9962","targetHints":{"allow":["GET"]}}],"collection":[{"href":"https:\/\/whitelip.com\/cs\/wp-json\/wp\/v2\/product"}],"about":[{"href":"https:\/\/whitelip.com\/cs\/wp-json\/wp\/v2\/types\/product"}],"replies":[{"embeddable":true,"href":"https:\/\/whitelip.com\/cs\/wp-json\/wp\/v2\/comments?post=9962"}],"wp:featuredmedia":[{"embeddable":true,"href":"https:\/\/whitelip.com\/cs\/wp-json\/wp\/v2\/media\/9963"}],"wp:attachment":[{"href":"https:\/\/whitelip.com\/cs\/wp-json\/wp\/v2\/media?parent=9962"}],"wp:term":[{"taxonomy":"product_brand","embeddable":true,"href":"https:\/\/whitelip.com\/cs\/wp-json\/wp\/v2\/product_brand?post=9962"},{"taxonomy":"product_cat","embeddable":true,"href":"https:\/\/whitelip.com\/cs\/wp-json\/wp\/v2\/product_cat?post=9962"},{"taxonomy":"product_tag","embeddable":true,"href":"https:\/\/whitelip.com\/cs\/wp-json\/wp\/v2\/product_tag?post=9962"},{"taxonomy":"flavours","embeddable":true,"href":"https:\/\/whitelip.com\/cs\/wp-json\/wp\/v2\/flavours?post=9962"},{"taxonomy":"format","embeddable":true,"href":"https:\/\/whitelip.com\/cs\/wp-json\/wp\/v2\/format?post=9962"},{"taxonomy":"nicotine","embeddable":true,"href":"https:\/\/whitelip.com\/cs\/wp-json\/wp\/v2\/nicotine?post=9962"}],"curies":[{"name":"wp","href":"https:\/\/api.w.org\/{rel}","templated":true}]}}