{"id":9886,"date":"2025-02-20T13:47:25","date_gmt":"2025-02-20T13:47:25","guid":{"rendered":"https:\/\/whitelip.com\/frokens-juicy-berry\/"},"modified":"2026-04-08T11:33:33","modified_gmt":"2026-04-08T11:33:33","slug":"frokens-juicy-berry","status":"publish","type":"product","link":"https:\/\/whitelip.com\/cs\/frokens\/frokens-juicy-berry\/","title":{"rendered":"FR\u00d6KENS Juicy Berry Datum spot\u0159eby: 2024-11-30"},"content":{"rendered":"<h2><strong>FR\u00d6KENS Juicy Berry<\/strong><\/h2>\n<p><strong>Pro\u0161l\u00fd produkt - Datum expirace: 2024-11-30<\/strong><\/p>\n<p><span style=\"font-weight: 400;\">Nikotinov\u00e9 s\u00e1\u010dky FR\u00d6KENS Juicy Berry p\u0159in\u00e1\u0161ej\u00ed osv\u011b\u017euj\u00edc\u00ed p\u0159\u00edchu\u0165 lesn\u00edch plod\u016f se \u0161\u0165avnat\u00fdm pocitem, ide\u00e1ln\u00ed pro milovn\u00edky lesn\u00edch plod\u016f, kte\u0159\u00ed hledaj\u00ed \u0161\u0165avnatou chu\u0165. Ka\u017ed\u00fd tenk\u00fd, celob\u00edl\u00fd s\u00e1\u010dek obsahuje 9 mg nikotinu a nab\u00edz\u00ed st\u0159edn\u00ed s\u00edlu vhodnou pro nov\u00e9 i zku\u0161en\u00e9 u\u017eivatele. Diskr\u00e9tn\u00ed design umo\u017e\u0148uje pou\u017eit\u00ed kdykoli a kdekoli, ani\u017e by do\u0161lo k pot\u0159\u00edsn\u011bn\u00ed zub\u016f. Tyto beztab\u00e1kov\u00e9 s\u00e1\u010dky, vyroben\u00e9 spole\u010dnost\u00ed Smitify Limited, zaji\u0161\u0165uj\u00ed uspokojivou bobulovou sv\u011b\u017eest.<\/span><\/p>\n<p><b>Specifikace<\/b><\/p>\n<table>\n<tbody>\n<tr>\n<td><b>Atribut<\/b><\/td>\n<td><b>Podrobnosti na<\/b><\/td>\n<\/tr>\n<tr>\n<td><b>Obsah na plechovku<\/b><\/td>\n<td><span style=\"font-weight: 400;\">11 g (20 s\u00e1\u010dk\u016f)<\/span><\/td>\n<\/tr>\n<tr>\n<td><b>Obsah nikotinu<\/b><\/td>\n<td><span style=\"font-weight: 400;\">18 mg\/g (9 mg na s\u00e1\u010dek)<\/span><\/td>\n<\/tr>\n<tr>\n<td><b>Form\u00e1t pouzdra<\/b><\/td>\n<td><span style=\"font-weight: 400;\">Slim<\/span><\/td>\n<\/tr>\n<tr>\n<td><b>V\u00fdrobce<\/b><\/td>\n<td><span style=\"font-weight: 400;\">Smitify Limited<\/span><\/td>\n<\/tr>\n<tr>\n<td><b>P\u0159\u00edchu\u0165<\/b><\/td>\n<td><span style=\"font-weight: 400;\">Berry<\/span><\/td>\n<\/tr>\n<tr>\n<td><b>Typ<\/b><\/td>\n<td><span style=\"font-weight: 400;\">Celob\u00edl\u00e9 pouzdro<\/span><\/td>\n<\/tr>\n<\/tbody>\n<\/table>","protected":false},"excerpt":{"rendered":"<p><strong>Pro\u0161l\u00fd produkt - Datum expirace: 2024-11-30<\/strong><\/p>\n<p><span style=\"font-weight: 400;\">Nikotinov\u00e9 s\u00e1\u010dky FR\u00d6KENS Juicy Berry p\u0159in\u00e1\u0161ej\u00ed osv\u011b\u017euj\u00edc\u00ed p\u0159\u00edchu\u0165 lesn\u00edch plod\u016f se \u0161\u0165avnat\u00fdm pocitem, ide\u00e1ln\u00ed pro milovn\u00edky lesn\u00edch plod\u016f, kte\u0159\u00ed hledaj\u00ed \u0161\u0165avnatou chu\u0165. Ka\u017ed\u00fd tenk\u00fd, celob\u00edl\u00fd s\u00e1\u010dek obsahuje 9 mg nikotinu a nab\u00edz\u00ed st\u0159edn\u00ed s\u00edlu vhodnou pro nov\u00e9 i zku\u0161en\u00e9 u\u017eivatele. Diskr\u00e9tn\u00ed design umo\u017e\u0148uje pou\u017eit\u00ed kdykoli a kdekoli, ani\u017e by do\u0161lo k pot\u0159\u00edsn\u011bn\u00ed zub\u016f. Tyto beztab\u00e1kov\u00e9 s\u00e1\u010dky, vyroben\u00e9 spole\u010dnost\u00ed Smitify Limited, zaji\u0161\u0165uj\u00ed uspokojivou bobulovou sv\u011b\u017eest.<\/span><\/p>","protected":false},"featured_media":3280,"comment_status":"open","ping_status":"closed","template":"","format":[206],"meta":{"_acf_changed":false},"product_brand":[],"product_cat":[100],"product_tag":[16563],"flavours":[196],"nicotine":[215,232],"class_list":{"0":"post-9886","1":"product","2":"type-product","3":"status-publish","4":"has-post-thumbnail","6":"product_cat-frokens","7":"product_tag-9-mg-pouch","8":"pa_quantity-30-pack","9":"pa_quantity-60-pack","10":"flavours-fruits-berries","11":"format-slim","12":"nicotine-18-mg-g","13":"nicotine-extra-strong","15":"first","16":"instock","17":"taxable","18":"shipping-taxable","19":"purchasable","20":"product-type-variable"},"acf":[],"_links":{"self":[{"href":"https:\/\/whitelip.com\/cs\/wp-json\/wp\/v2\/product\/9886","targetHints":{"allow":["GET"]}}],"collection":[{"href":"https:\/\/whitelip.com\/cs\/wp-json\/wp\/v2\/product"}],"about":[{"href":"https:\/\/whitelip.com\/cs\/wp-json\/wp\/v2\/types\/product"}],"replies":[{"embeddable":true,"href":"https:\/\/whitelip.com\/cs\/wp-json\/wp\/v2\/comments?post=9886"}],"wp:featuredmedia":[{"embeddable":true,"href":"https:\/\/whitelip.com\/cs\/wp-json\/wp\/v2\/media\/3280"}],"wp:attachment":[{"href":"https:\/\/whitelip.com\/cs\/wp-json\/wp\/v2\/media?parent=9886"}],"wp:term":[{"taxonomy":"product_brand","embeddable":true,"href":"https:\/\/whitelip.com\/cs\/wp-json\/wp\/v2\/product_brand?post=9886"},{"taxonomy":"product_cat","embeddable":true,"href":"https:\/\/whitelip.com\/cs\/wp-json\/wp\/v2\/product_cat?post=9886"},{"taxonomy":"product_tag","embeddable":true,"href":"https:\/\/whitelip.com\/cs\/wp-json\/wp\/v2\/product_tag?post=9886"},{"taxonomy":"flavours","embeddable":true,"href":"https:\/\/whitelip.com\/cs\/wp-json\/wp\/v2\/flavours?post=9886"},{"taxonomy":"format","embeddable":true,"href":"https:\/\/whitelip.com\/cs\/wp-json\/wp\/v2\/format?post=9886"},{"taxonomy":"nicotine","embeddable":true,"href":"https:\/\/whitelip.com\/cs\/wp-json\/wp\/v2\/nicotine?post=9886"}],"curies":[{"name":"wp","href":"https:\/\/api.w.org\/{rel}","templated":true}]}}