{"id":98160,"date":"2026-05-13T09:49:35","date_gmt":"2026-05-13T09:49:35","guid":{"rendered":"https:\/\/whitelip.com\/?post_type=product&#038;p=98160"},"modified":"2026-05-14T10:11:49","modified_gmt":"2026-05-14T10:11:49","slug":"helwit-mint-extra-strong","status":"publish","type":"product","link":"https:\/\/whitelip.com\/cs\/helwit\/helwit-mint-extra-strong\/","title":{"rendered":"Helwit M\u00e1ta Extra Siln\u00e1"},"content":{"rendered":"<h1 data-section-id=\"hw1me2\" data-start=\"1\" data-end=\"50\"><strong>Helwit M\u00e1ta Extra Siln\u00e1<\/strong><\/h1>\n<p data-section-id=\"hw3me4\" data-start=\"52\" data-end=\"350\">Helwit M\u00e1ta Extra Siln\u00e1 je s\u00e1\u010dek bez tab\u00e1ku s nikotin v \u00fazk\u00e9m form\u00e1tu s \u010distou a osv\u011b\u017euj\u00edc\u00ed chut\u00ed m\u00e1ty, vyroben\u00fd spole\u010dnost\u00ed YOIK ve \u0160v\u00e9dsku. Poskytuje \u010derstv\u00fd a uspokojuj\u00edc\u00ed z\u00e1\u017eitek z m\u00e1ty s siln\u00fdm \u00fa\u010dinkem nikotinu, tento produkt kombinuje klasick\u00fd a spolehliv\u00fd profil chuti s extra silnou vyzr\u00e1lost\u00ed. S obsahem nikotinu 15mg\/g (7,5mg na s\u00e1\u010dek) se jedn\u00e1 o extra silnou variantu pro zku\u0161en\u00e9 u\u017eivatele, kte\u0159\u00ed si p\u0159ej\u00ed jasnou a povzbuzuj\u00edc\u00ed chu\u0165 m\u00e1ty p\u00e1renou s rychl\u00fdm a patrn\u00fdm uvol\u0148ov\u00e1n\u00edm nikotinu.<\/p>\n<h2 data-section-id=\"hw5me6\" data-start=\"352\" data-end=\"370\">Chu\u0165 a s\u00edla<\/h2>\n<p data-section-id=\"hw7me8\" data-start=\"372\" data-end=\"570\">Helwit Mint Extra Strong delivers a clean and well-defined mint flavour that feels crisp and refreshing from the first moment. The mint profile is straightforward and reliable without being sharp or overwhelming, making it a consistent and enjoyable choice for everyday use. At 15mg\/g (7.5mg per pouch), this is an extra strong nicotine pouch that provides a fast and noticeable release &#8211; a solid choice for experienced users who want both a classic mint taste and a powerful nicotine hit.<\/p>\n<h2 data-section-id=\"hw9me0\" data-start=\"572\" data-end=\"590\">Form\u00e1t pouzdra<\/h2>\n<p data-section-id=\"hw2me5\" data-start=\"592\" data-end=\"780\">Helwit M\u00e1ta Extra Siln\u00e1 m\u00e1 \u00fazk\u00fd form\u00e1t. Ka\u017ed\u00e1 plechovka obsahuje 20 s\u00e1\u010dk\u016f, v\u0161echny zcela bez tab\u00e1ku a kou\u0159e. \u00dazk\u00fd s\u00e1\u010dek sed\u00ed diskr\u00e9tn\u011b a pohodln\u011b pod doln\u00ed ret a poskytuje rovnom\u011brn\u00e9 uvol\u0148ov\u00e1n\u00ed chuti a nikotinu v praktick\u00e9m a nen\u00e1padn\u00e9m form\u00e1tu vhodn\u00e9m pro ka\u017edodenn\u00ed pou\u017eit\u00ed.<\/p>\n<h2 data-section-id=\"hw4me7\" data-start=\"782\" data-end=\"796\">O zna\u010dce Helwit<\/h2>\n<p data-section-id=\"hw6me9\" data-start=\"798\" data-end=\"1050\">Helwit was established in 2021 by YOIK AB in Sweden. The brand produces white snus using its own hydroelectric power, and its packaging is made from bioplastic based on tall oil &#8211; reflecting a clear commitment to sustainability alongside product quality. Find more Helwit products at whitelip.se.<\/p>\n<table style=\"height: 235px;\" width=\"383\">\n<tbody>\n<tr>\n<td><b>Atribut<\/b><\/td>\n<td><b>Podrobnosti na<\/b><\/td>\n<\/tr>\n<tr>\n<td><b>Zna\u010dka<\/b><\/td>\n<td><em><strong>Helwit<\/strong><\/em><\/td>\n<\/tr>\n<tr>\n<td><b>Form\u00e1t pouzdra<\/b><\/td>\n<td><em><strong>Slim<\/strong><\/em><\/td>\n<\/tr>\n<tr>\n<td><b>S\u00edla<\/b><\/td>\n<td><em><strong>Extra siln\u00fd<\/strong><\/em><\/td>\n<\/tr>\n<tr>\n<td><b>V\u00fdrobce<\/b><\/td>\n<td><em><strong>YOIK<\/strong><\/em><\/td>\n<\/tr>\n<tr>\n<td><b>P\u0159\u00edchu\u0165<\/b><\/td>\n<td><span style=\"font-weight: 400;\">M\u00e1tov\u00fd<\/span><\/td>\n<\/tr>\n<tr>\n<td><b>Obsah nikotinu<\/b><\/td>\n<td><b><span style=\"font-weight: 400;\">15mg\/g (7.5mg per pouch)<\/span><\/b><\/td>\n<\/tr>\n<tr>\n<td><b>Obsah na plechovku<\/b><\/td>\n<td><span style=\"font-weight: 400;\">20 s\u00e1\u010dk\u016f<\/span><\/td>\n<\/tr>\n<tr>\n<td><b>Kategorie<\/b><\/td>\n<td><em><strong>White Snus<\/strong><\/em><\/td>\n<\/tr>\n<tr>\n<td><b>Typ<\/b><\/td>\n<td><b><span style=\"font-weight: 400;\">Celob\u00edl\u00fd s\u00e1\u010dek, bez tab\u00e1ku<\/span><\/b><\/td>\n<\/tr>\n<\/tbody>\n<\/table>\n<p>&nbsp;<\/p>","protected":false},"excerpt":{"rendered":"<p>Helwit M\u00e1ta Extra Siln\u00e1 je s\u00e1\u010dek bez tab\u00e1ku s nikotin v \u00fazk\u00e9m form\u00e1tu s \u010distou a osv\u011b\u017euj\u00edc\u00ed chut\u00ed m\u00e1ty. S obsahem 15mg\/g (7,5mg na s\u00e1\u010dek) poskytuje extra siln\u00fd z\u00e1\u017eitek z nikotinu pro zku\u0161en\u00e9 u\u017eivatele. 20 s\u00e1\u010dk\u016f v plechovce, vyrobeno spole\u010dnost\u00ed YOIK ve \u0160v\u00e9dsku.<\/p>","protected":false},"featured_media":98167,"comment_status":"open","ping_status":"closed","template":"","format":[206],"meta":{"_acf_changed":false},"product_brand":[],"product_cat":[52],"product_tag":[16601],"flavours":[199],"nicotine":[212,232],"class_list":{"0":"post-98160","1":"product","2":"type-product","3":"status-publish","4":"has-post-thumbnail","6":"product_cat-helwit","7":"product_tag-7-5-mg-pouch","8":"pa_quantity-1-pack","9":"pa_quantity-10-pack","10":"pa_quantity-3-pack","11":"pa_quantity-30-pack","12":"pa_quantity-5-pack","13":"pa_quantity-60-pack","14":"flavours-mint","15":"format-slim","16":"nicotine-15-mg-g","17":"nicotine-extra-strong","19":"first","20":"instock","21":"taxable","22":"shipping-taxable","23":"purchasable","24":"product-type-variable","25":"has-default-attributes"},"acf":[],"_links":{"self":[{"href":"https:\/\/whitelip.com\/cs\/wp-json\/wp\/v2\/product\/98160","targetHints":{"allow":["GET"]}}],"collection":[{"href":"https:\/\/whitelip.com\/cs\/wp-json\/wp\/v2\/product"}],"about":[{"href":"https:\/\/whitelip.com\/cs\/wp-json\/wp\/v2\/types\/product"}],"replies":[{"embeddable":true,"href":"https:\/\/whitelip.com\/cs\/wp-json\/wp\/v2\/comments?post=98160"}],"wp:featuredmedia":[{"embeddable":true,"href":"https:\/\/whitelip.com\/cs\/wp-json\/wp\/v2\/media\/98167"}],"wp:attachment":[{"href":"https:\/\/whitelip.com\/cs\/wp-json\/wp\/v2\/media?parent=98160"}],"wp:term":[{"taxonomy":"product_brand","embeddable":true,"href":"https:\/\/whitelip.com\/cs\/wp-json\/wp\/v2\/product_brand?post=98160"},{"taxonomy":"product_cat","embeddable":true,"href":"https:\/\/whitelip.com\/cs\/wp-json\/wp\/v2\/product_cat?post=98160"},{"taxonomy":"product_tag","embeddable":true,"href":"https:\/\/whitelip.com\/cs\/wp-json\/wp\/v2\/product_tag?post=98160"},{"taxonomy":"flavours","embeddable":true,"href":"https:\/\/whitelip.com\/cs\/wp-json\/wp\/v2\/flavours?post=98160"},{"taxonomy":"format","embeddable":true,"href":"https:\/\/whitelip.com\/cs\/wp-json\/wp\/v2\/format?post=98160"},{"taxonomy":"nicotine","embeddable":true,"href":"https:\/\/whitelip.com\/cs\/wp-json\/wp\/v2\/nicotine?post=98160"}],"curies":[{"name":"wp","href":"https:\/\/api.w.org\/{rel}","templated":true}]}}