{"id":98152,"date":"2026-05-13T09:41:49","date_gmt":"2026-05-13T09:41:49","guid":{"rendered":"https:\/\/whitelip.com\/?post_type=product&#038;p=98152"},"modified":"2026-05-14T10:11:49","modified_gmt":"2026-05-14T10:11:49","slug":"loop-pineapple-ice-strong","status":"publish","type":"product","link":"https:\/\/whitelip.com\/cs\/loop\/loop-pineapple-ice-strong\/","title":{"rendered":"LOOP Ananas Led Siln\u00fd"},"content":{"rendered":"<h1 data-section-id=\"lp1pi2\" data-start=\"1\" data-end=\"50\"><strong>Loop Ananas Led Siln\u00fd<\/strong><\/h1>\n<p data-section-id=\"lp3pi4\" data-start=\"52\" data-end=\"350\">Loop Ananas Led Siln\u00fd je s\u00e1\u010dek bez tab\u00e1ku s nikotin v \u00fazk\u00e9m form\u00e1tu s odv\u00e1\u017enou a tropickou kombinac\u00ed chut\u00ed ananasu a m\u00e1ty, vyroben\u00fd spole\u010dnost\u00ed Another Snus Factory ve \u0160v\u00e9dsku. Poskytuje sladkou a \u0161\u0165avnatou chu\u0165 ananasu p\u00e1renou s chladivou a osv\u011b\u017euj\u00edc\u00ed v\u016fn\u00ed m\u00e1ty, tento produkt nab\u00edz\u00ed odli\u0161n\u00fd a povzbuzuj\u00edc\u00ed z\u00e1\u017eitek z chuti. S obsahem nikotinu 15mg\/g (9,4mg na s\u00e1\u010dek) se jedn\u00e1 o extra silnou variantu pro zku\u0161en\u00e9 u\u017eivatele, kte\u0159\u00ed si p\u0159ej\u00ed siln\u00fd \u00fa\u010dinek nikotinu s tropickou a ledovou v\u016fn\u00ed.<\/p>\n<h2 data-section-id=\"lp5pi6\" data-start=\"352\" data-end=\"370\">Chu\u0165 a s\u00edla<\/h2>\n<p data-section-id=\"lp7pi8\" data-start=\"372\" data-end=\"570\">Loop Pineapple Ice Strong delivers a vibrant and well-balanced flavour where sweet and juicy pineapple meets a cool and refreshing mint character. The tropical fruitiness of the pineapple combines naturally with the icy mint finish, creating a flavour profile that feels both energising and satisfying from start to finish. At 15mg\/g (9.4mg per pouch), this is an extra strong nicotine pouch that provides a fast and noticeable release &#8211; a bold choice for seasoned users who want both strength and a distinctive tropical flavour.<\/p>\n<h2 data-section-id=\"lp9pi0\" data-start=\"572\" data-end=\"590\">Form\u00e1t pouzdra<\/h2>\n<p data-section-id=\"lp2pi5\" data-start=\"592\" data-end=\"780\">Loop Ananas Led Siln\u00fd m\u00e1 \u00fazk\u00fd form\u00e1t. Ka\u017ed\u00e1 plechovka obsahuje 20 s\u00e1\u010dk\u016f, v\u0161echny zcela bez tab\u00e1ku a kou\u0159e. \u00dazk\u00fd s\u00e1\u010dek sed\u00ed diskr\u00e9tn\u011b a pohodln\u011b pod doln\u00ed ret a poskytuje rovnom\u011brn\u00e9 uvol\u0148ov\u00e1n\u00ed chuti a nikotinu v praktick\u00e9m a nen\u00e1padn\u00e9m form\u00e1tu vhodn\u00e9m pro ka\u017edodenn\u00ed pou\u017eit\u00ed.<\/p>\n<h2 data-section-id=\"lp4pi7\" data-start=\"782\" data-end=\"796\">O Loop<\/h2>\n<p data-section-id=\"lp6pi9\" data-start=\"798\" data-end=\"1050\">Loop byla spu\u0161t\u011bna v roce 2019 a je vyr\u00e1b\u011bna spole\u010dnost\u00ed Another Snus Factory ve \u0160v\u00e9dsku. \u0158ada zahrnuje b\u00edl\u00fd snus v r\u016fzn\u00fdch s\u00edl\u00e1\u00e1ch nikotinu a v \u0448\u0438\u0440\u043ek\u00e9 \u0161k\u00e1le chut\u00ed a form\u00e1t\u016f. S d\u016frazem na inovaci a kvalitu si Loop vybudovala v\u011brn\u00e9 p\u0159\u00edznivce mezi u\u017eivateli s\u00e1\u010dk\u016f s nikotin v cel\u00e9 Evrop\u011b. Najd\u011bte dal\u0161\u00ed produkty Loop na whitelip.se.<\/p>\n<table style=\"height: 235px;\" width=\"383\">\n<tbody>\n<tr>\n<td><b>Atribut<\/b><\/td>\n<td><b>Podrobnosti na<\/b><\/td>\n<\/tr>\n<tr>\n<td><b>Zna\u010dka<\/b><\/td>\n<td><em><strong>Loop<\/strong><\/em><\/td>\n<\/tr>\n<tr>\n<td><b>Form\u00e1t pouzdra<\/b><\/td>\n<td><em><strong>Slim<\/strong><\/em><\/td>\n<\/tr>\n<tr>\n<td><b>S\u00edla<\/b><\/td>\n<td><em><strong>Extra siln\u00fd<\/strong><\/em><\/td>\n<\/tr>\n<tr>\n<td><b>V\u00fdrobce<\/b><\/td>\n<td><em><strong>Another Snus Factory<\/strong><\/em><\/td>\n<\/tr>\n<tr>\n<td><b>P\u0159\u00edchu\u0165<\/b><\/td>\n<td><span style=\"font-weight: 400;\">Pineapple, mint<\/span><\/td>\n<\/tr>\n<tr>\n<td><b>Obsah nikotinu<\/b><\/td>\n<td><b><span style=\"font-weight: 400;\">15mg\/g (9.4mg per pouch)<\/span><\/b><\/td>\n<\/tr>\n<tr>\n<td><b>Obsah na plechovku<\/b><\/td>\n<td><span style=\"font-weight: 400;\">20 s\u00e1\u010dk\u016f<\/span><\/td>\n<\/tr>\n<tr>\n<td><b>Kategorie<\/b><\/td>\n<td><em><strong>White Snus<\/strong><\/em><\/td>\n<\/tr>\n<tr>\n<td><b>Typ<\/b><\/td>\n<td><b><span style=\"font-weight: 400;\">Celob\u00edl\u00fd s\u00e1\u010dek, bez tab\u00e1ku<\/span><\/b><\/td>\n<\/tr>\n<\/tbody>\n<\/table>\n<p>&nbsp;<\/p>","protected":false},"excerpt":{"rendered":"<p>Loop Ananas Led Siln\u00fd je s\u00e1\u010dek bez tab\u00e1ku s nikotin v \u00fazk\u00e9m form\u00e1tu s odv\u00e1\u017enou tropickou chut\u00ed ananasu a m\u00e1ty. S obsahem 15mg\/g (9,4mg na s\u00e1\u010dek) poskytuje extra siln\u00fd z\u00e1\u017eitek z nikotinu pro zku\u0161en\u00e9 u\u017eivatele. 20 s\u00e1\u010dk\u016f v plechovce, vyrobeno spole\u010dnost\u00ed Another Snus Factory ve \u0160v\u00e9dsku.<\/p>","protected":false},"featured_media":98159,"comment_status":"open","ping_status":"closed","template":"","format":[206],"meta":{"_acf_changed":false},"product_brand":[],"product_cat":[32],"product_tag":[17011],"flavours":[196],"nicotine":[212,232],"class_list":{"0":"post-98152","1":"product","2":"type-product","3":"status-publish","4":"has-post-thumbnail","6":"product_cat-loop","7":"product_tag-9-4-mg-pouch","8":"pa_quantity-1-pack","9":"pa_quantity-10-pack","10":"pa_quantity-3-pack","11":"pa_quantity-30-pack","12":"pa_quantity-5-pack","13":"pa_quantity-60-pack","14":"flavours-fruits-berries","15":"format-slim","16":"nicotine-15-mg-g","17":"nicotine-extra-strong","19":"first","20":"instock","21":"taxable","22":"shipping-taxable","23":"purchasable","24":"product-type-variable"},"acf":[],"_links":{"self":[{"href":"https:\/\/whitelip.com\/cs\/wp-json\/wp\/v2\/product\/98152","targetHints":{"allow":["GET"]}}],"collection":[{"href":"https:\/\/whitelip.com\/cs\/wp-json\/wp\/v2\/product"}],"about":[{"href":"https:\/\/whitelip.com\/cs\/wp-json\/wp\/v2\/types\/product"}],"replies":[{"embeddable":true,"href":"https:\/\/whitelip.com\/cs\/wp-json\/wp\/v2\/comments?post=98152"}],"wp:featuredmedia":[{"embeddable":true,"href":"https:\/\/whitelip.com\/cs\/wp-json\/wp\/v2\/media\/98159"}],"wp:attachment":[{"href":"https:\/\/whitelip.com\/cs\/wp-json\/wp\/v2\/media?parent=98152"}],"wp:term":[{"taxonomy":"product_brand","embeddable":true,"href":"https:\/\/whitelip.com\/cs\/wp-json\/wp\/v2\/product_brand?post=98152"},{"taxonomy":"product_cat","embeddable":true,"href":"https:\/\/whitelip.com\/cs\/wp-json\/wp\/v2\/product_cat?post=98152"},{"taxonomy":"product_tag","embeddable":true,"href":"https:\/\/whitelip.com\/cs\/wp-json\/wp\/v2\/product_tag?post=98152"},{"taxonomy":"flavours","embeddable":true,"href":"https:\/\/whitelip.com\/cs\/wp-json\/wp\/v2\/flavours?post=98152"},{"taxonomy":"format","embeddable":true,"href":"https:\/\/whitelip.com\/cs\/wp-json\/wp\/v2\/format?post=98152"},{"taxonomy":"nicotine","embeddable":true,"href":"https:\/\/whitelip.com\/cs\/wp-json\/wp\/v2\/nicotine?post=98152"}],"curies":[{"name":"wp","href":"https:\/\/api.w.org\/{rel}","templated":true}]}}