{"id":9811,"date":"2025-02-24T11:02:23","date_gmt":"2025-02-24T11:02:23","guid":{"rendered":"https:\/\/whitelip.com\/camo-orange-bubble-gum-6mg\/"},"modified":"2026-04-20T15:30:48","modified_gmt":"2026-04-20T15:30:48","slug":"camo-orange-bubble-gum-6mg","status":"publish","type":"product","link":"https:\/\/whitelip.com\/cs\/camo\/camo-orange-bubble-gum-6mg\/","title":{"rendered":"CAMO Orange Bubble Gum 6mg"},"content":{"rendered":"<h2><strong>CAMO Orange Bubble Gum 6mg<\/strong><\/h2>\n<p><span style=\"font-weight: 400;\">CAMO Orange Bubble Gum 6 mg nab\u00edz\u00ed v\u00fdraznou a pikantn\u00ed p\u0159\u00edchu\u0165 pomeran\u010dov\u00e9 \u017ev\u00fdka\u010dky, kter\u00e1 kombinuje citrusy pomeran\u010de se sladkost\u00ed \u017ev\u00fdka\u010dky. Ka\u017ed\u00fd tenk\u00fd, celob\u00edl\u00fd s\u00e1\u010dek obsahuje 6 mg nikotinu, co\u017e zaji\u0161\u0165uje siln\u00e9, ale stabiln\u00ed uvol\u0148ov\u00e1n\u00ed, ide\u00e1ln\u00ed pro ty, kte\u0159\u00ed hledaj\u00ed siln\u00e9 nakopnut\u00ed.<\/span><\/p>\n<p><span style=\"font-weight: 400;\">Tenk\u00fd form\u00e1t zaji\u0161\u0165uje diskr\u00e9tn\u00ed a pohodln\u00e9 ulo\u017een\u00ed pod rty a umo\u017e\u0148uje kdykoli pou\u017e\u00edvat \u010dist\u00fd a nezanech\u00e1vaj\u00edc\u00ed skvrny. \u017dv\u00fdka\u010dka CAMO Orange Bubble Gum 6 mg, vyroben\u00e1 v\u00fdhradn\u011b z vysoce kvalitn\u00edch rostlinn\u00fdch materi\u00e1l\u016f, nab\u00edz\u00ed modern\u00ed a p\u0159\u00edjemnou nikotinovou alternativu s \u017eivou, chladivou chut\u00ed.<\/span><\/p>\n<table>\n<tbody>\n<tr>\n<td><b>Atribut<\/b><\/td>\n<td><b>Podrobnosti na<\/b><\/td>\n<\/tr>\n<tr>\n<td><span style=\"font-weight: 400;\">Zna\u010dka<\/span><\/td>\n<td><span style=\"font-weight: 400;\">CAMO<\/span><\/td>\n<\/tr>\n<tr>\n<td><span style=\"font-weight: 400;\">Typ v\u00fdrobku<\/span><\/td>\n<td><span style=\"font-weight: 400;\">V\u0161echny b\u00edl\u00e9 nikotinov\u00e9 s\u00e1\u010dky<\/span><\/td>\n<\/tr>\n<tr>\n<td><span style=\"font-weight: 400;\">Form\u00e1t<\/span><\/td>\n<td><span style=\"font-weight: 400;\">Slim<\/span><\/td>\n<\/tr>\n<tr>\n<td><span style=\"font-weight: 400;\">P\u0159\u00edchu\u0165<\/span><\/td>\n<td><span style=\"font-weight: 400;\">Oran\u017eov\u00e1 \u017ev\u00fdka\u010dka<\/span><\/td>\n<\/tr>\n<tr>\n<td><span style=\"font-weight: 400;\">S\u00edla nikotinu<\/span><\/td>\n<td><span style=\"font-weight: 400;\">6 mg na s\u00e1\u010dek<\/span><\/td>\n<\/tr>\n<tr>\n<td><span style=\"font-weight: 400;\">Hmotnost porce<\/span><\/td>\n<td><span style=\"font-weight: 400;\">0,75 gramu<\/span><\/td>\n<\/tr>\n<tr>\n<td><span style=\"font-weight: 400;\">Po\u010det porc\u00ed<\/span><\/td>\n<td><span style=\"font-weight: 400;\">20 za plechovku<\/span><\/td>\n<\/tr>\n<tr>\n<td><span style=\"font-weight: 400;\">Celkov\u00e1 hmotnost plechovky<\/span><\/td>\n<td><span style=\"font-weight: 400;\">15 gram\u016f<\/span><\/td>\n<\/tr>\n<tr>\n<td><span style=\"font-weight: 400;\">V\u00fdrobce<\/span><\/td>\n<td><span style=\"font-weight: 400;\">Kamufl\u00e1\u017e<\/span><\/td>\n<\/tr>\n<tr>\n<td><span style=\"font-weight: 400;\">Pozoruhodn\u00e9 funkce<\/span><\/td>\n<td><span style=\"font-weight: 400;\">Bez tab\u00e1ku, tenk\u00fd form\u00e1t, pikantn\u00ed pomeran\u010dov\u00e1 p\u0159\u00edchu\u0165<\/span><\/td>\n<\/tr>\n<\/tbody>\n<\/table>","protected":false},"excerpt":{"rendered":"<p>Odv\u00e1\u017en\u00fd, pikantn\u00ed <strong data-start=\"12\" data-end=\"33\">oran\u017eov\u00e1 \u017ev\u00fdka\u010dka<\/strong> kombinuje citrusov\u00fd jas se sladk\u00fdmi, \u017ev\u00fdkac\u00edmi t\u00f3ny. Na <strong data-start=\"91\" data-end=\"110\">\u0161t\u00edhl\u00fd, <\/strong>celob\u00edl\u00e9 s\u00e1\u010dky jsou nen\u00e1padn\u011b um\u00edst\u011bny pod rtem, tak\u017ee p\u016fsob\u00ed \u010dist\u011b a pohodln\u011b. Ka\u017ed\u00fd s\u00e1\u010dek obsahuje <strong data-start=\"199\" data-end=\"226\">6 mg nikotinu v jednom s\u00e1\u010dku<\/strong>, co\u017e p\u0159in\u00e1\u0161\u00ed siln\u00e9 a z\u00e1rove\u0148 hladk\u00e9 uvoln\u011bn\u00ed.<\/p>","protected":false},"featured_media":9812,"comment_status":"open","ping_status":"closed","template":"","format":[206],"meta":{"_acf_changed":false},"product_brand":[],"product_cat":[95],"product_tag":[16559],"flavours":[185,190],"nicotine":[208,236],"class_list":{"0":"post-9811","1":"product","2":"type-product","3":"status-publish","4":"has-post-thumbnail","6":"product_cat-camo","7":"product_tag-6-mg-pouch","8":"pa_quantity-1-pack","9":"pa_quantity-10-pack","10":"pa_quantity-3-pack","11":"pa_quantity-30-pack","12":"pa_quantity-5-pack","13":"pa_quantity-60-pack","14":"flavours-candy","15":"flavours-citrus","16":"format-slim","17":"nicotine-11-mg-g","18":"nicotine-strong","20":"first","21":"outofstock","22":"taxable","23":"shipping-taxable","24":"purchasable","25":"product-type-variable"},"acf":[],"_links":{"self":[{"href":"https:\/\/whitelip.com\/cs\/wp-json\/wp\/v2\/product\/9811","targetHints":{"allow":["GET"]}}],"collection":[{"href":"https:\/\/whitelip.com\/cs\/wp-json\/wp\/v2\/product"}],"about":[{"href":"https:\/\/whitelip.com\/cs\/wp-json\/wp\/v2\/types\/product"}],"replies":[{"embeddable":true,"href":"https:\/\/whitelip.com\/cs\/wp-json\/wp\/v2\/comments?post=9811"}],"wp:featuredmedia":[{"embeddable":true,"href":"https:\/\/whitelip.com\/cs\/wp-json\/wp\/v2\/media\/9812"}],"wp:attachment":[{"href":"https:\/\/whitelip.com\/cs\/wp-json\/wp\/v2\/media?parent=9811"}],"wp:term":[{"taxonomy":"product_brand","embeddable":true,"href":"https:\/\/whitelip.com\/cs\/wp-json\/wp\/v2\/product_brand?post=9811"},{"taxonomy":"product_cat","embeddable":true,"href":"https:\/\/whitelip.com\/cs\/wp-json\/wp\/v2\/product_cat?post=9811"},{"taxonomy":"product_tag","embeddable":true,"href":"https:\/\/whitelip.com\/cs\/wp-json\/wp\/v2\/product_tag?post=9811"},{"taxonomy":"flavours","embeddable":true,"href":"https:\/\/whitelip.com\/cs\/wp-json\/wp\/v2\/flavours?post=9811"},{"taxonomy":"format","embeddable":true,"href":"https:\/\/whitelip.com\/cs\/wp-json\/wp\/v2\/format?post=9811"},{"taxonomy":"nicotine","embeddable":true,"href":"https:\/\/whitelip.com\/cs\/wp-json\/wp\/v2\/nicotine?post=9811"}],"curies":[{"name":"wp","href":"https:\/\/api.w.org\/{rel}","templated":true}]}}