{"id":97934,"date":"2026-05-11T13:45:46","date_gmt":"2026-05-11T13:45:46","guid":{"rendered":"https:\/\/whitelip.com\/?post_type=product&#038;p=97934"},"modified":"2026-05-16T10:11:08","modified_gmt":"2026-05-16T10:11:08","slug":"apres-ice-tea-peach-zero-nicotine-free","status":"publish","type":"product","link":"https:\/\/whitelip.com\/cs\/uncategorized\/apres-ice-tea-peach-zero-nicotine-free\/","title":{"rendered":"Apr\u00e8s Ice Tea Peach Zero Bez Nikotinu"},"content":{"rendered":"<h1 data-section-id=\"ap1ip2\" data-start=\"1\" data-end=\"50\">Apr\u00e8s Ice Tea Peach Zero Bez Nikotinu<\/h1>\n<p data-section-id=\"ap3ip4\" data-start=\"52\" data-end=\"350\">Apr\u00e8s Ice Tea Peach Zero je b\u00edl\u00fd snus bez nikotinu a bez tab\u00e1ku v \u0161t\u00edhl\u00e9m form\u00e1tu s osv\u011b\u017euj\u00edc\u00ed a ovocnou chut\u00ed ledov\u00e9ho \u010daje a broskve, vyr\u00e1b\u011bno spole\u010dnost\u00ed Apr\u00e8s Nicotine AB ve \u0160v\u00e9dsku. Zcela bez nikotinu, tab\u00e1ku a kofeinu nab\u00edz\u00ed tento produkt jedine\u010dn\u00fd a letn\u00ed z\u00e1\u017eitek pro ty, kte\u0159\u00ed si p\u0159ej\u00ed u\u017e\u00edvat si s\u00e1\u010dky bez stimulant\u016f. Od sv\u00e9ho zalo\u017een\u00ed v roce 2020 vytv\u00e1\u0159ej\u00ed s\u00e1\u010dky Apr\u00e8s z rostlinn\u00fdch materi\u00e1l\u016f jak pro porce, tak pro balen\u00ed.<\/p>\n<h2 data-section-id=\"ap5ip6\" data-start=\"352\" data-end=\"370\">P\u0159\u00edchu\u0165 a form\u00e1t<\/h2>\n<p data-section-id=\"ap7ip8\" data-start=\"372\" data-end=\"570\">Apr\u00e8s Ice Tea Peach Zero poskytuje lehkou a osv\u011b\u017euj\u00edc\u00ed kombinaci ledu \u010daje a sladk\u00e9 broskve, kter\u00e1 se c\u00edt\u00ed letn\u011b a p\u0159\u00edjemn\u011b po dobu cel\u00e9ho pou\u017e\u00edv\u00e1n\u00ed. Kombinace jemn\u00fdch t\u00f3n\u016f \u010daje a zral\u00e9, \u0161\u0165avnat\u00e9 broskve vytv\u00e1\u0159\u00ed charakteristick\u00fd a dob\u0159e vyv\u00e1\u017een\u00fd profil chuti, kter\u00fd se vy\u010dle\u0148uje z b\u011b\u017en\u011bj\u0161\u00edch mo\u017enost\u00ed m\u00e1ty nebo lesn\u00edho ovoce. Bez nikotinu a kofeinu je to skv\u011bl\u00e1 volba pro ty, kte\u0159\u00ed cht\u011bj\u00ed n\u011bco chutn\u00e9ho, osv\u011b\u017euj\u00edc\u00edho a zcela bez stimulant\u016f kdykoli b\u011bhem dne.<\/p>\n<h2 data-section-id=\"ap9ip0\" data-start=\"572\" data-end=\"590\">Form\u00e1t pouzdra<\/h2>\n<p data-section-id=\"ap2ip5\" data-start=\"592\" data-end=\"780\">Apr\u00e8s Ice Tea Peach Zero je dostupn\u00fd v \u0161t\u00edhl\u00e9m form\u00e1tu. Ka\u017ed\u00e1 krabi\u010dka obsahuje 20 s\u00e1\u010dk\u016f, zcela bez nikotinu, tab\u00e1ku, kofeinu a kou\u0159e. \u0160t\u00edhl\u00fd s\u00e1\u010dek se diskr\u00e9tn\u011b a pohodln\u011b usazuje pod spodn\u00ed rt\u011bn, s rovnom\u011brn\u00fdm uvol\u0148ov\u00e1n\u00edm chuti v praktick\u00e9m a nen\u00e1padn\u00e9m form\u00e1tu vhodn\u00e9m k pou\u017eit\u00ed kdykoli a kdekoli.<\/p>\n<h2 data-section-id=\"ap4ip7\" data-start=\"782\" data-end=\"796\">O zna\u010dce Apr\u00e8s<\/h2>\n<p data-section-id=\"ap6ip9\" data-start=\"798\" data-end=\"1050\">Apr\u00e8s byla zalo\u017eena v roce 2020 a p\u016fsob\u00ed v segmentu nikotinov\u00fdch s\u00e1\u010dk\u016f, nab\u00edz\u00edme \u0159adu p\u0159\u00edchut\u00ed, pevnost\u00ed a form\u00e1t\u016f. Zna\u010dka pou\u017e\u00edv\u00e1 rostlinn\u00e9 materi\u00e1ly p\u0159i v\u00fdrob\u011b jak sv\u00fdch porc\u00ed, tak obal\u016f. Apr\u00e8s Ice Tea Peach Zero je prvot\u0159\u00eddn\u00edm p\u0159\u00edkladem ambice Apr\u00e8s nab\u00edzet kreativn\u00ed a v\u00fdrazn\u00e9 p\u0159\u00edchut\u011b v \u010dist\u00e9m, bez nikotinu form\u00e1tu.<\/p>\n<table style=\"height: 235px;\" width=\"383\">\n<tbody>\n<tr>\n<td><b>Atribut<\/b><\/td>\n<td><b>Podrobnosti na<\/b><\/td>\n<\/tr>\n<tr>\n<td><b>Zna\u010dka<\/b><\/td>\n<td><em><strong>Apr\u00e8s<\/strong><\/em><\/td>\n<\/tr>\n<tr>\n<td><b>Form\u00e1t pouzdra<\/b><\/td>\n<td><em><strong>Slim<\/strong><\/em><\/td>\n<\/tr>\n<tr>\n<td><b>S\u00edla<\/b><\/td>\n<td><em><strong>Bez nikotinu<\/strong><\/em><\/td>\n<\/tr>\n<tr>\n<td><b>V\u00fdrobce<\/b><\/td>\n<td><em><strong>Apr\u00e8s Nicotine AB<\/strong><\/em><\/td>\n<\/tr>\n<tr>\n<td><b>P\u0159\u00edchu\u0165<\/b><\/td>\n<td><span style=\"font-weight: 400;\">Ledov\u00fd \u010daj, broskev<\/span><\/td>\n<\/tr>\n<tr>\n<td><b>Obsah nikotinu<\/b><\/td>\n<td><b><span style=\"font-weight: 400;\">0mg (bez nikotinu)<\/span><\/b><\/td>\n<\/tr>\n<tr>\n<td><b>Obsah na plechovku<\/b><\/td>\n<td><span style=\"font-weight: 400;\">20 s\u00e1\u010dk\u016f<\/span><\/td>\n<\/tr>\n<tr>\n<td><b>Kategorie<\/b><\/td>\n<td><em><strong>Bez nikotinu<\/strong><\/em><\/td>\n<\/tr>\n<tr>\n<td><b>Typ<\/b><\/td>\n<td><b><span style=\"font-weight: 400;\">Celob\u00edl\u00fd s\u00e1\u010dek, bez tab\u00e1ku<\/span><\/b><\/td>\n<\/tr>\n<\/tbody>\n<\/table>\n<p>&nbsp;<\/p>","protected":false},"excerpt":{"rendered":"<p>Apr\u00e8s Ice Tea Peach Zero je b\u00edl\u00fd snus bez nikotinu, bez tab\u00e1ku a bez kofeinu v \u0161t\u00edhl\u00e9m form\u00e1tu s osv\u011b\u017euj\u00edc\u00ed kombinac\u00ed ledu \u010daje a broskve. Jedine\u010dn\u00e1 a letn\u00ed chu\u0165 pro ty, kte\u0159\u00ed si p\u0159ej\u00ed za\u017e\u00edt s\u00e1\u010dek bez stimulant\u016f. 20 s\u00e1\u010dk\u016f v krabi\u010dce, vyr\u00e1b\u011bno spole\u010dnost\u00ed Apr\u00e8s Nicotine AB ve \u0160v\u00e9dsku.<\/p>","protected":false},"featured_media":97941,"comment_status":"open","ping_status":"closed","template":"","format":[206],"meta":{"_acf_changed":false},"product_brand":[],"product_cat":[15],"product_tag":[],"flavours":[196],"nicotine":[],"class_list":{"0":"post-97934","1":"product","2":"type-product","3":"status-publish","4":"has-post-thumbnail","6":"product_cat-uncategorized","7":"pa_quantity-1-pack","8":"pa_quantity-10-pack","9":"pa_quantity-3-pack","10":"pa_quantity-30-pack","11":"pa_quantity-5-pack","12":"pa_quantity-60-pack","13":"flavours-fruits-berries","14":"format-slim","16":"first","17":"instock","18":"taxable","19":"shipping-taxable","20":"purchasable","21":"product-type-variable"},"acf":[],"_links":{"self":[{"href":"https:\/\/whitelip.com\/cs\/wp-json\/wp\/v2\/product\/97934","targetHints":{"allow":["GET"]}}],"collection":[{"href":"https:\/\/whitelip.com\/cs\/wp-json\/wp\/v2\/product"}],"about":[{"href":"https:\/\/whitelip.com\/cs\/wp-json\/wp\/v2\/types\/product"}],"replies":[{"embeddable":true,"href":"https:\/\/whitelip.com\/cs\/wp-json\/wp\/v2\/comments?post=97934"}],"wp:featuredmedia":[{"embeddable":true,"href":"https:\/\/whitelip.com\/cs\/wp-json\/wp\/v2\/media\/97941"}],"wp:attachment":[{"href":"https:\/\/whitelip.com\/cs\/wp-json\/wp\/v2\/media?parent=97934"}],"wp:term":[{"taxonomy":"product_brand","embeddable":true,"href":"https:\/\/whitelip.com\/cs\/wp-json\/wp\/v2\/product_brand?post=97934"},{"taxonomy":"product_cat","embeddable":true,"href":"https:\/\/whitelip.com\/cs\/wp-json\/wp\/v2\/product_cat?post=97934"},{"taxonomy":"product_tag","embeddable":true,"href":"https:\/\/whitelip.com\/cs\/wp-json\/wp\/v2\/product_tag?post=97934"},{"taxonomy":"flavours","embeddable":true,"href":"https:\/\/whitelip.com\/cs\/wp-json\/wp\/v2\/flavours?post=97934"},{"taxonomy":"format","embeddable":true,"href":"https:\/\/whitelip.com\/cs\/wp-json\/wp\/v2\/format?post=97934"},{"taxonomy":"nicotine","embeddable":true,"href":"https:\/\/whitelip.com\/cs\/wp-json\/wp\/v2\/nicotine?post=97934"}],"curies":[{"name":"wp","href":"https:\/\/api.w.org\/{rel}","templated":true}]}}