{"id":97926,"date":"2026-05-11T13:41:41","date_gmt":"2026-05-11T13:41:41","guid":{"rendered":"https:\/\/whitelip.com\/?post_type=product&#038;p=97926"},"modified":"2026-05-11T13:45:01","modified_gmt":"2026-05-11T13:45:01","slug":"apres-mint-zero-nicotine-free","status":"publish","type":"product","link":"https:\/\/whitelip.com\/cs\/uncategorized\/apres-mint-zero-nicotine-free\/","title":{"rendered":"Apr\u00e8s Mint Zero Bez Nikotinu"},"content":{"rendered":"<h1 data-section-id=\"ap1mz2\" data-start=\"1\" data-end=\"50\"><strong>Apr\u00e8s Mint Zero Bez Nikotinu<\/strong><\/h1>\n<p data-section-id=\"ap3mz4\" data-start=\"52\" data-end=\"350\">Apr\u00e8s Mint Zero je b\u00edl\u00fd snus bez nikotinu a bez tab\u00e1ku v \u0161t\u00edhl\u00e9m form\u00e1tu s \u010distou a osv\u011b\u017euj\u00edc\u00ed chut\u00ed m\u00e1ty, vyr\u00e1b\u011bno spole\u010dnost\u00ed Apr\u00e8s Nicotine AB ve \u0160v\u00e9dsku. Zcela bez nikotinu, tab\u00e1ku a kofeinu je tento produkt ide\u00e1ln\u00ed volbou pro ty, kte\u0159\u00ed si p\u0159ej\u00ed u\u017e\u00edvat si s\u00e1\u010dky bez nikotinu nebo jak\u00fdchkoliv stimulant\u016f. Od sv\u00e9ho zalo\u017een\u00ed v roce 2020 se Apr\u00e8s etabloval jako d\u016fv\u011bryhodn\u00e9 jm\u00e9no v kategorii s\u00e1\u010dk\u016f bez nikotinu a bez tab\u00e1ku s \u0159adou chut\u00ed a form\u00e1t\u016f.<\/p>\n<h2 data-section-id=\"ap5mz6\" data-start=\"352\" data-end=\"370\">P\u0159\u00edchu\u0165 a form\u00e1t<\/h2>\n<p data-section-id=\"ap7mz8\" data-start=\"372\" data-end=\"570\">Apr\u00e8s Mint Zero delivers a clean and refreshing mint flavour that feels crisp and pleasant throughout use. The mint profile is clear and well-defined without being overpowering, providing a satisfying and enjoyable experience from start to finish &#8211; entirely without nicotine or caffeine. This makes it an ideal option for those cutting down on nicotine, staying completely nicotine-free, or simply enjoying a fresh mint pouch at any time of day.<\/p>\n<h2 data-section-id=\"ap9mz0\" data-start=\"572\" data-end=\"590\">Form\u00e1t pouzdra<\/h2>\n<p data-section-id=\"ap2mz5\" data-start=\"592\" data-end=\"780\">Apr\u00e8s Mint Zero je dostupn\u00fd v \u0161t\u00edhl\u00e9m form\u00e1tu. Ka\u017ed\u00e1 krabi\u010dka obsahuje 20 s\u00e1\u010dk\u016f, zcela bez nikotinu, tab\u00e1ku, kofeinu a kou\u0159e. \u0160t\u00edhl\u00fd s\u00e1\u010dek se diskr\u00e9tn\u011b a pohodln\u011b usazuje pod spodn\u00ed rt\u011bn, s rovnom\u011brn\u00fdm uvol\u0148ov\u00e1n\u00edm chuti v praktick\u00e9m a nen\u00e1padn\u00e9m form\u00e1tu vhodn\u00e9m k pou\u017eit\u00ed kdykoli a kdekoli.<\/p>\n<h2 data-section-id=\"ap4mz7\" data-start=\"782\" data-end=\"796\">O zna\u010dce Apr\u00e8s<\/h2>\n<p data-section-id=\"ap6mz9\" data-start=\"798\" data-end=\"1050\">Apr\u00e8s was founded in 2020 in Sweden and is produced by Apr\u00e8s Nicotine AB. The brand is known for its range of nicotine-free and tobacco-free pouches in a variety of flavours and formats, all made with plant-based materials. Apr\u00e8s Mint Zero is a prime example of Apr\u00e8s&#8217; commitment to offering clean, modern and accessible pouch options for every type of user.<\/p>\n<table style=\"height: 235px;\" width=\"383\">\n<tbody>\n<tr>\n<td><b>Atribut<\/b><\/td>\n<td><b>Podrobnosti na<\/b><\/td>\n<\/tr>\n<tr>\n<td><b>Zna\u010dka<\/b><\/td>\n<td><em><strong>Apr\u00e8s<\/strong><\/em><\/td>\n<\/tr>\n<tr>\n<td><b>Form\u00e1t pouzdra<\/b><\/td>\n<td><em><strong>Slim<\/strong><\/em><\/td>\n<\/tr>\n<tr>\n<td><b>S\u00edla<\/b><\/td>\n<td><em><strong>Bez nikotinu<\/strong><\/em><\/td>\n<\/tr>\n<tr>\n<td><b>V\u00fdrobce<\/b><\/td>\n<td><em><strong>Apr\u00e8s Nicotine AB<\/strong><\/em><\/td>\n<\/tr>\n<tr>\n<td><b>P\u0159\u00edchu\u0165<\/b><\/td>\n<td><span style=\"font-weight: 400;\">M\u00e1tov\u00fd<\/span><\/td>\n<\/tr>\n<tr>\n<td><b>Obsah nikotinu<\/b><\/td>\n<td><b><span style=\"font-weight: 400;\">0mg (bez nikotinu)<\/span><\/b><\/td>\n<\/tr>\n<tr>\n<td><b>Obsah na plechovku<\/b><\/td>\n<td><span style=\"font-weight: 400;\">20 s\u00e1\u010dk\u016f<\/span><\/td>\n<\/tr>\n<tr>\n<td><b>Kategorie<\/b><\/td>\n<td><em><strong>Bez nikotinu<\/strong><\/em><\/td>\n<\/tr>\n<tr>\n<td><b>Typ<\/b><\/td>\n<td><b><span style=\"font-weight: 400;\">Celob\u00edl\u00fd s\u00e1\u010dek, bez tab\u00e1ku<\/span><\/b><\/td>\n<\/tr>\n<\/tbody>\n<\/table>\n<p>&nbsp;<\/p>","protected":false},"excerpt":{"rendered":"<p>Apr\u00e8s Mint Zero je b\u00edl\u00fd snus bez nikotinu, bez tab\u00e1ku a bez kofeinu v \u0161t\u00edhl\u00e9m form\u00e1tu s \u010distou a osv\u011b\u017euj\u00edc\u00ed chut\u00ed m\u00e1ty. Ide\u00e1ln\u00ed volba pro ty, kte\u0159\u00ed si p\u0159ej\u00ed za\u017e\u00edt s\u00e1\u010dek bez nikotinu. 20 s\u00e1\u010dk\u016f v krabi\u010dce, vyr\u00e1b\u011bno spole\u010dnost\u00ed Apr\u00e8s Nicotine AB ve \u0160v\u00e9dsku.<\/p>","protected":false},"featured_media":97933,"comment_status":"open","ping_status":"closed","template":"","format":[206],"meta":{"_acf_changed":false},"product_brand":[],"product_cat":[15],"product_tag":[],"flavours":[199],"nicotine":[],"class_list":{"0":"post-97926","1":"product","2":"type-product","3":"status-publish","4":"has-post-thumbnail","6":"product_cat-uncategorized","7":"pa_quantity-1-pack","8":"pa_quantity-10-pack","9":"pa_quantity-3-pack","10":"pa_quantity-30-pack","11":"pa_quantity-5-pack","12":"pa_quantity-60-pack","13":"flavours-mint","14":"format-slim","16":"first","17":"instock","18":"taxable","19":"shipping-taxable","20":"purchasable","21":"product-type-variable"},"acf":[],"_links":{"self":[{"href":"https:\/\/whitelip.com\/cs\/wp-json\/wp\/v2\/product\/97926","targetHints":{"allow":["GET"]}}],"collection":[{"href":"https:\/\/whitelip.com\/cs\/wp-json\/wp\/v2\/product"}],"about":[{"href":"https:\/\/whitelip.com\/cs\/wp-json\/wp\/v2\/types\/product"}],"replies":[{"embeddable":true,"href":"https:\/\/whitelip.com\/cs\/wp-json\/wp\/v2\/comments?post=97926"}],"wp:featuredmedia":[{"embeddable":true,"href":"https:\/\/whitelip.com\/cs\/wp-json\/wp\/v2\/media\/97933"}],"wp:attachment":[{"href":"https:\/\/whitelip.com\/cs\/wp-json\/wp\/v2\/media?parent=97926"}],"wp:term":[{"taxonomy":"product_brand","embeddable":true,"href":"https:\/\/whitelip.com\/cs\/wp-json\/wp\/v2\/product_brand?post=97926"},{"taxonomy":"product_cat","embeddable":true,"href":"https:\/\/whitelip.com\/cs\/wp-json\/wp\/v2\/product_cat?post=97926"},{"taxonomy":"product_tag","embeddable":true,"href":"https:\/\/whitelip.com\/cs\/wp-json\/wp\/v2\/product_tag?post=97926"},{"taxonomy":"flavours","embeddable":true,"href":"https:\/\/whitelip.com\/cs\/wp-json\/wp\/v2\/flavours?post=97926"},{"taxonomy":"format","embeddable":true,"href":"https:\/\/whitelip.com\/cs\/wp-json\/wp\/v2\/format?post=97926"},{"taxonomy":"nicotine","embeddable":true,"href":"https:\/\/whitelip.com\/cs\/wp-json\/wp\/v2\/nicotine?post=97926"}],"curies":[{"name":"wp","href":"https:\/\/api.w.org\/{rel}","templated":true}]}}