{"id":97917,"date":"2026-05-11T13:35:14","date_gmt":"2026-05-11T13:35:14","guid":{"rendered":"https:\/\/whitelip.com\/?post_type=product&#038;p=97917"},"modified":"2026-05-11T13:39:27","modified_gmt":"2026-05-11T13:39:27","slug":"apres-blueberry-zero-nicotine-free","status":"publish","type":"product","link":"https:\/\/whitelip.com\/cs\/uncategorized\/apres-blueberry-zero-nicotine-free\/","title":{"rendered":"Apr\u00e8s Blueberry Zero Bez Nikotinu"},"content":{"rendered":"<h1 data-section-id=\"ap1bz2\" data-start=\"1\" data-end=\"50\"><strong>Apr\u00e8s Blueberry Zero Bez Nikotinu<\/strong><\/h1>\n<p data-section-id=\"ap3bz4\" data-start=\"52\" data-end=\"350\">Apr\u00e8s Blueberry Zero je b\u00edl\u00fd snus bez nikotinu a bez tab\u00e1ku v \u0161t\u00edhl\u00e9m form\u00e1tu se sv\u011b\u017e\u00ed a ovocnou chut\u00ed bor\u016fvky a lesn\u00edho ovoce, vyr\u00e1b\u011bno spole\u010dnost\u00ed Apr\u00e8s Nicotine AB ve \u0160v\u00e9dsku. Zcela bez nikotinu, tab\u00e1ku a kofeinu je tento produkt ide\u00e1ln\u00ed volbou pro ty, kte\u0159\u00ed si p\u0159ej\u00ed u\u017e\u00edvat si s\u00e1\u010dky bez nikotinu nebo jak\u00fdchkoliv stimulant\u016f. Od sv\u00e9ho uveden\u00ed na trh v roce 2020 si Apr\u00e8s vybudoval reputaci kvalitn\u00edch produkt\u016f bez tab\u00e1ku v \u0159ad\u011b chut\u00ed a form\u00e1t\u016f.<\/p>\n<h2 data-section-id=\"ap5bz6\" data-start=\"352\" data-end=\"370\">P\u0159\u00edchu\u0165 a form\u00e1t<\/h2>\n<p data-section-id=\"ap7bz8\" data-start=\"372\" data-end=\"570\">Apr\u00e8s Blueberry Zero poskytuje sladkou a p\u0159\u00edrodzenou chu\u0165 bor\u016fvky se subtiln\u00edmi t\u00f3ny lesn\u00edho ovoce, kter\u00e1 se c\u00edt\u00ed sv\u011b\u017e\u00e1 a p\u0159\u00edjemn\u00e1 po dobu cel\u00e9ho pou\u017e\u00edv\u00e1n\u00ed. Chu\u0165 je \u010dist\u00e1 a dob\u0159e vyv\u00e1\u017een\u00e1 bez toho, aby se spol\u00e9hala na nikotin nebo kofein, co\u017e z n\u00ed \u010din\u00ed skv\u011blou volbu pro ty, kte\u0159\u00ed sni\u017euj\u00ed p\u0159\u00edjem nikotinu, z\u016fst\u00e1vaj\u00ed zcela bez nikotinu, nebo si prost\u011b vychutn\u00e1vaj\u00ed ovocn\u00fd s\u00e1\u010dek kdykoli b\u011bhem dne. \u0160t\u00edhl\u00fd form\u00e1t zaji\u0161\u0165uje diskr\u00e9tn\u00ed a pohodln\u00e9 osazen\u00ed pod spodn\u00ed rt\u011bn od za\u010d\u00e1tku do konce.<\/p>\n<h2 data-section-id=\"ap9bz0\" data-start=\"572\" data-end=\"590\">Form\u00e1t pouzdra<\/h2>\n<p data-section-id=\"ap2bz5\" data-start=\"592\" data-end=\"780\">Apr\u00e8s Blueberry Zero je dostupn\u00fd v \u0161t\u00edhl\u00e9m form\u00e1tu. Ka\u017ed\u00e1 krabi\u010dka obsahuje 20 s\u00e1\u010dk\u016f, zcela bez nikotinu, tab\u00e1ku, kofeinu a kou\u0159e. \u0160t\u00edhl\u00fd s\u00e1\u010dek se diskr\u00e9tn\u011b a pohodln\u011b usazuje pod spodn\u00ed rt\u011bn, s rovnom\u011brn\u00fdm uvol\u0148ov\u00e1n\u00edm chuti v praktick\u00e9m a nen\u00e1padn\u00e9m form\u00e1tu vhodn\u00e9m k pou\u017eit\u00ed kdykoli a kdekoli.<\/p>\n<h2 data-section-id=\"ap4bz7\" data-start=\"782\" data-end=\"796\">O zna\u010dce Apr\u00e8s<\/h2>\n<p data-section-id=\"ap6bz9\" data-start=\"798\" data-end=\"1050\">Apr\u00e8s was established in 2020 and is produced by Apr\u00e8s Nicotine AB in Sweden. The range includes nicotine-free alternatives as well as products in various flavours, strengths and formats &#8211; all made with plant-based materials. No.12 Blueberry Zero is a prime example of Apr\u00e8s&#8217; commitment to offering clean, modern and accessible pouch options for every type of user.<\/p>\n<table style=\"height: 235px;\" width=\"383\">\n<tbody>\n<tr>\n<td><b>Atribut<\/b><\/td>\n<td><b>Podrobnosti na<\/b><\/td>\n<\/tr>\n<tr>\n<td><b>Zna\u010dka<\/b><\/td>\n<td><em><strong>Apr\u00e8s<\/strong><\/em><\/td>\n<\/tr>\n<tr>\n<td><b>Form\u00e1t pouzdra<\/b><\/td>\n<td><em><strong>Slim<\/strong><\/em><\/td>\n<\/tr>\n<tr>\n<td><b>S\u00edla<\/b><\/td>\n<td><em><strong>Bez nikotinu<\/strong><\/em><\/td>\n<\/tr>\n<tr>\n<td><b>V\u00fdrobce<\/b><\/td>\n<td><em><strong>Apr\u00e8s Nicotine AB<\/strong><\/em><\/td>\n<\/tr>\n<tr>\n<td><b>P\u0159\u00edchu\u0165<\/b><\/td>\n<td><em><strong>Blueberry, berries<\/strong><\/em><\/td>\n<\/tr>\n<tr>\n<td><b>Obsah nikotinu<\/b><\/td>\n<td><b><span style=\"font-weight: 400;\">0mg (bez nikotinu)<\/span><\/b><\/td>\n<\/tr>\n<tr>\n<td><b>Obsah na plechovku<\/b><\/td>\n<td><span style=\"font-weight: 400;\">20 s\u00e1\u010dk\u016f<\/span><\/td>\n<\/tr>\n<tr>\n<td><b>Kategorie<\/b><\/td>\n<td><em><strong>Bez nikotinu<\/strong><\/em><\/td>\n<\/tr>\n<tr>\n<td><b>Typ<\/b><\/td>\n<td><b><span style=\"font-weight: 400;\">Celob\u00edl\u00fd s\u00e1\u010dek, bez tab\u00e1ku<\/span><\/b><\/td>\n<\/tr>\n<\/tbody>\n<\/table>\n<p>&nbsp;<\/p>","protected":false},"excerpt":{"rendered":"<p>Apr\u00e8s Blueberry Zero je b\u00edl\u00fd snus bez nikotinu, bez tab\u00e1ku a bez kofeinu v \u0161t\u00edhl\u00e9m form\u00e1tu se sv\u011b\u017e\u00ed chut\u00ed bor\u016fvky a lesn\u00edho ovoce. Ide\u00e1ln\u00ed volba pro ty, kte\u0159\u00ed si p\u0159ej\u00ed za\u017e\u00edt s\u00e1\u010dek bez nikotinu. 20 s\u00e1\u010dk\u016f v krabi\u010dce, vyr\u00e1b\u011bno spole\u010dnost\u00ed Apr\u00e8s Nicotine AB ve \u0160v\u00e9dsku.<\/p>","protected":false},"featured_media":97924,"comment_status":"open","ping_status":"closed","template":"","format":[],"meta":{"_acf_changed":false},"product_brand":[],"product_cat":[15],"product_tag":[],"flavours":[196],"nicotine":[],"class_list":{"0":"post-97917","1":"product","2":"type-product","3":"status-publish","4":"has-post-thumbnail","6":"product_cat-uncategorized","7":"pa_quantity-1-pack","8":"pa_quantity-10-pack","9":"pa_quantity-3-pack","10":"pa_quantity-30-pack","11":"pa_quantity-5-pack","12":"pa_quantity-60-pack","13":"flavours-fruits-berries","15":"first","16":"instock","17":"taxable","18":"shipping-taxable","19":"purchasable","20":"product-type-variable"},"acf":[],"_links":{"self":[{"href":"https:\/\/whitelip.com\/cs\/wp-json\/wp\/v2\/product\/97917","targetHints":{"allow":["GET"]}}],"collection":[{"href":"https:\/\/whitelip.com\/cs\/wp-json\/wp\/v2\/product"}],"about":[{"href":"https:\/\/whitelip.com\/cs\/wp-json\/wp\/v2\/types\/product"}],"replies":[{"embeddable":true,"href":"https:\/\/whitelip.com\/cs\/wp-json\/wp\/v2\/comments?post=97917"}],"wp:featuredmedia":[{"embeddable":true,"href":"https:\/\/whitelip.com\/cs\/wp-json\/wp\/v2\/media\/97924"}],"wp:attachment":[{"href":"https:\/\/whitelip.com\/cs\/wp-json\/wp\/v2\/media?parent=97917"}],"wp:term":[{"taxonomy":"product_brand","embeddable":true,"href":"https:\/\/whitelip.com\/cs\/wp-json\/wp\/v2\/product_brand?post=97917"},{"taxonomy":"product_cat","embeddable":true,"href":"https:\/\/whitelip.com\/cs\/wp-json\/wp\/v2\/product_cat?post=97917"},{"taxonomy":"product_tag","embeddable":true,"href":"https:\/\/whitelip.com\/cs\/wp-json\/wp\/v2\/product_tag?post=97917"},{"taxonomy":"flavours","embeddable":true,"href":"https:\/\/whitelip.com\/cs\/wp-json\/wp\/v2\/flavours?post=97917"},{"taxonomy":"format","embeddable":true,"href":"https:\/\/whitelip.com\/cs\/wp-json\/wp\/v2\/format?post=97917"},{"taxonomy":"nicotine","embeddable":true,"href":"https:\/\/whitelip.com\/cs\/wp-json\/wp\/v2\/nicotine?post=97917"}],"curies":[{"name":"wp","href":"https:\/\/api.w.org\/{rel}","templated":true}]}}