{"id":97613,"date":"2026-05-08T10:28:53","date_gmt":"2026-05-08T10:28:53","guid":{"rendered":"https:\/\/whitelip.com\/?post_type=product&#038;p=97613"},"modified":"2026-05-10T02:58:39","modified_gmt":"2026-05-10T02:58:39","slug":"smogen-westcoast-berries-exp-02-24-2026","status":"publish","type":"product","link":"https:\/\/whitelip.com\/cs\/smogen\/smogen-westcoast-berries-exp-02-24-2026\/","title":{"rendered":"SM\u00d6GEN Westcoast Berries Exp.02\/24\/2026"},"content":{"rendered":"<h2>SM\u00d6GEN Westcoast Berries Exp.02\/24\/2026<\/h2>\n<p><span style=\"font-weight: 400;\">Nikotinov\u00e9 s\u00e1\u010dky SM\u00d6GEN Westcoast Berries jsou inspirov\u00e1ny drsn\u00fdm pob\u0159e\u017e\u00edm z\u00e1padn\u00edho pob\u0159e\u017e\u00ed \u0160v\u00e9dska, kde se hol\u00e9 \u00fatesy st\u0159et\u00e1vaj\u00ed s ne\u00faprosnou silou mo\u0159e. Navzdory drsn\u00e9mu, v\u011btrem bi\u010dovan\u00e9mu ter\u00e9nu a t\u00e9m\u011b\u0159 absenci strom\u016f je nespo\u010det mal\u00fdch ostr\u016fvk\u016f, ostr\u016fvk\u016f a skerries v okol\u00ed Sm\u00f6genu ne\u010dekan\u011b bohat\u00fd na ke\u0159e lesn\u00edch plod\u016f. I na t\u011bch nejmen\u0161\u00edch v\u00fdb\u011b\u017ec\u00edch se \u010dasto urod\u00ed p\u0159ekvapiv\u00e9 mno\u017estv\u00ed ostru\u017ein, malin a bor\u016fvek. Tato p\u0159\u00edchu\u0165 zachycuje tuto divokou sm\u011bs pob\u0159e\u017en\u00edch bobul\u00ed - sladkou, pikantn\u00ed a osv\u011b\u017euj\u00edc\u00ed. Ka\u017ed\u00fd tenk\u00fd, celob\u00edl\u00fd s\u00e1\u010dek obsahuje 8 mg nikotinu a poskytuje uspokojiv\u00fd z\u00e1\u017eitek s chut\u00ed p\u0159\u00edrodn\u00ed seversk\u00e9 odolnosti. SM\u00d6GEN Westcoast Berries, vyroben\u00fd ve \u0160v\u00e9dsku, spojuje tradici, p\u0159\u00edrodu a s\u00edlu ve form\u00e1tu s\u00e1\u010dku bez tab\u00e1ku.<\/span><\/p>\n<table>\n<tbody>\n<tr>\n<td><b>Atribut<\/b><\/td>\n<td><b>Podrobnosti na<\/b><\/td>\n<\/tr>\n<tr>\n<td><b>Obsah na plechovku<\/b><\/td>\n<td><span style=\"font-weight: 400;\">12 g (20 s\u00e1\u010dk\u016f)<\/span><\/td>\n<\/tr>\n<tr>\n<td><b>Obsah nikotinu<\/b><\/td>\n<td><span style=\"font-weight: 400;\">13 mg\/g (8 mg na s\u00e1\u010dek)<\/span><\/td>\n<\/tr>\n<tr>\n<td><b>Form\u00e1t pouzdra<\/b><\/td>\n<td><span style=\"font-weight: 400;\">Slim<\/span><\/td>\n<\/tr>\n<tr>\n<td><b>V\u00fdrobce<\/b><\/td>\n<td><span style=\"font-weight: 400;\">SM\u00d6GEN<\/span><\/td>\n<\/tr>\n<tr>\n<td><b>P\u0159\u00edchu\u0165<\/b><\/td>\n<td><span style=\"font-weight: 400;\">Lesn\u00ed plody (ostru\u017eina, malina, bor\u016fvka)<\/span><\/td>\n<\/tr>\n<tr>\n<td><b>Typ<\/b><\/td>\n<td><span style=\"font-weight: 400;\">Celob\u00edl\u00e9 pouzdro<\/span><\/td>\n<\/tr>\n<\/tbody>\n<\/table>","protected":false},"excerpt":{"rendered":"<p>Nikotinov\u00e9 s\u00e1\u010dky SM\u00d6GEN Westcoast Berries p\u0159in\u00e1\u0161ej\u00ed sladkou, pikantn\u00ed chu\u0165. <strong data-start=\"65\" data-end=\"86\">Westcoast Berries<\/strong> chu\u0165 inspirovan\u00e1 drsn\u00fdm z\u00e1padn\u00edm pob\u0159e\u017e\u00edm \u0160v\u00e9dska. <strong data-start=\"134\" data-end=\"142\">Slim<\/strong>, zcela b\u00edl\u00fd form\u00e1t pro diskr\u00e9tn\u00ed a pohodln\u00e9 pou\u017e\u00edv\u00e1n\u00ed. Ka\u017ed\u00e9 pouzdro obsahuje <strong data-start=\"212\" data-end=\"229\">8 mg nikotinu<\/strong>. Vyrobeno ve \u0160v\u00e9dsku pro osv\u011b\u017euj\u00edc\u00ed chu\u0165 s p\u0159irozen\u00fdm seversk\u00fdm charakterem.<\/p>","protected":false},"featured_media":3424,"comment_status":"open","ping_status":"closed","template":"","format":[],"meta":{"_acf_changed":false},"product_brand":[],"product_cat":[114],"product_tag":[17015,16583],"flavours":[],"nicotine":[],"class_list":{"0":"post-97613","1":"product","2":"type-product","3":"status-publish","4":"has-post-thumbnail","6":"product_cat-smogen","7":"product_tag-50-off","8":"product_tag-8-mg-pouch","9":"pa_quantity-1-pack","10":"pa_quantity-10-pack","11":"pa_quantity-3-pack","12":"pa_quantity-30-pack","13":"pa_quantity-5-pack","14":"pa_quantity-60-pack","16":"first","17":"instock","18":"sale","19":"taxable","20":"shipping-taxable","21":"purchasable","22":"product-type-variable"},"acf":[],"_links":{"self":[{"href":"https:\/\/whitelip.com\/cs\/wp-json\/wp\/v2\/product\/97613","targetHints":{"allow":["GET"]}}],"collection":[{"href":"https:\/\/whitelip.com\/cs\/wp-json\/wp\/v2\/product"}],"about":[{"href":"https:\/\/whitelip.com\/cs\/wp-json\/wp\/v2\/types\/product"}],"replies":[{"embeddable":true,"href":"https:\/\/whitelip.com\/cs\/wp-json\/wp\/v2\/comments?post=97613"}],"wp:featuredmedia":[{"embeddable":true,"href":"https:\/\/whitelip.com\/cs\/wp-json\/wp\/v2\/media\/3424"}],"wp:attachment":[{"href":"https:\/\/whitelip.com\/cs\/wp-json\/wp\/v2\/media?parent=97613"}],"wp:term":[{"taxonomy":"product_brand","embeddable":true,"href":"https:\/\/whitelip.com\/cs\/wp-json\/wp\/v2\/product_brand?post=97613"},{"taxonomy":"product_cat","embeddable":true,"href":"https:\/\/whitelip.com\/cs\/wp-json\/wp\/v2\/product_cat?post=97613"},{"taxonomy":"product_tag","embeddable":true,"href":"https:\/\/whitelip.com\/cs\/wp-json\/wp\/v2\/product_tag?post=97613"},{"taxonomy":"flavours","embeddable":true,"href":"https:\/\/whitelip.com\/cs\/wp-json\/wp\/v2\/flavours?post=97613"},{"taxonomy":"format","embeddable":true,"href":"https:\/\/whitelip.com\/cs\/wp-json\/wp\/v2\/format?post=97613"},{"taxonomy":"nicotine","embeddable":true,"href":"https:\/\/whitelip.com\/cs\/wp-json\/wp\/v2\/nicotine?post=97613"}],"curies":[{"name":"wp","href":"https:\/\/api.w.org\/{rel}","templated":true}]}}