{"id":97590,"date":"2026-05-08T10:13:29","date_gmt":"2026-05-08T10:13:29","guid":{"rendered":"https:\/\/whitelip.com\/?post_type=product&#038;p=97590"},"modified":"2026-05-09T10:11:29","modified_gmt":"2026-05-09T10:11:29","slug":"killa-grape-ice-exp-05-16-2026","status":"publish","type":"product","link":"https:\/\/whitelip.com\/cs\/killa\/killa-grape-ice-exp-05-16-2026\/","title":{"rendered":"KILLA Grape Ice Exp.05\/16\/2026"},"content":{"rendered":"<h2>KILLA Grape Ice Exp.05\/16\/2026<\/h2>\n<p><span style=\"font-weight: 400;\">Nikotinov\u00e9 s\u00e1\u010dky KILLA Grape Ice p\u0159in\u00e1\u0161ej\u00ed osv\u011b\u017euj\u00edc\u00ed spojen\u00ed sladk\u00e9 hroznov\u00e9 p\u0159\u00edchuti a chladiv\u00e9ho mentolov\u00e9ho pocitu, co\u017e poskytuje jedine\u010dn\u00fd a povzbuzuj\u00edc\u00ed z\u00e1\u017eitek. Tyto beztab\u00e1kov\u00e9 s\u00e1\u010dky jsou ur\u010deny pro u\u017eivatele, kte\u0159\u00ed hledaj\u00ed siln\u00fd nikotinov\u00fd z\u00e1sah, a nab\u00edzej\u00ed diskr\u00e9tn\u00ed a pohodlnou alternativu k tradi\u010dn\u00edm nikotinov\u00fdm v\u00fdrobk\u016fm. Tenk\u00fd form\u00e1t zaji\u0161\u0165uje pohodln\u00e9 ulo\u017een\u00ed pod rty a umo\u017e\u0148uje pou\u017eit\u00ed kdykoli a kdekoli. KILLA Grape Ice vynik\u00e1 v\u00fdraznou chut\u00ed a siln\u00fdm \u00fa\u010dinkem, d\u00edky \u010demu\u017e je obl\u00edbenou volbou mezi milovn\u00edky nikotinov\u00fdch s\u00e1\u010dk\u016f.<\/span><\/p>\n<table>\n<tbody>\n<tr>\n<td><b>Atribut<\/b><\/td>\n<td><b>Podrobnosti na<\/b><\/td>\n<\/tr>\n<tr>\n<td><span style=\"font-weight: 400;\">Obsah na plechovku<\/span><\/td>\n<td><span style=\"font-weight: 400;\">14 g (20 s\u00e1\u010dk\u016f)<\/span><\/td>\n<\/tr>\n<tr>\n<td><span style=\"font-weight: 400;\">Obsah nikotinu<\/span><\/td>\n<td><span style=\"font-weight: 400;\">16 mg\/g (11,2 mg na s\u00e1\u010dek)<\/span><\/td>\n<\/tr>\n<tr>\n<td><span style=\"font-weight: 400;\">Form\u00e1t pouzdra<\/span><\/td>\n<td><span style=\"font-weight: 400;\">Slim<\/span><\/td>\n<\/tr>\n<tr>\n<td><span style=\"font-weight: 400;\">V\u00fdrobce<\/span><\/td>\n<td><span style=\"font-weight: 400;\">\u0158\u00ed\u0161e N.G.P<\/span><\/td>\n<\/tr>\n<tr>\n<td><span style=\"font-weight: 400;\">P\u0159\u00edchu\u0165<\/span><\/td>\n<td><span style=\"font-weight: 400;\">Hroznov\u00e9 v\u00edno s mentolem<\/span><\/td>\n<\/tr>\n<tr>\n<td><span style=\"font-weight: 400;\">Typ<\/span><\/td>\n<td><span style=\"font-weight: 400;\">Celob\u00edl\u00fd s\u00e1\u010dek, bez tab\u00e1ku<\/span><\/td>\n<\/tr>\n<\/tbody>\n<\/table>","protected":false},"excerpt":{"rendered":"<p>Osv\u011b\u017euj\u00edc\u00ed <strong data-start=\"11\" data-end=\"24\">hroznov\u00fd led<\/strong> m\u00eds\u00ed sladk\u00e9 hrozny s chladiv\u00fdm mentolov\u00fdm chladem. <strong data-start=\"76\" data-end=\"84\">Slim<\/strong>, beztab\u00e1kov\u00e9 s\u00e1\u010dky diskr\u00e9tn\u011b sed\u00ed pod rtem a umo\u017e\u0148uj\u00ed pohodln\u00e9 pou\u017eit\u00ed kdykoli. Ka\u017ed\u00fd s\u00e1\u010dek obsahuje <strong data-start=\"184\" data-end=\"204\">11,2 mg nikotinu<\/strong>, a p\u0159in\u00e1\u0161\u00ed tak siln\u00fd a povzbuzuj\u00edc\u00ed z\u00e1\u017eitek.<\/p>","protected":false},"featured_media":97597,"comment_status":"open","ping_status":"closed","template":"","format":[],"meta":{"_acf_changed":false},"product_brand":[],"product_cat":[64],"product_tag":[16577,17015],"flavours":[],"nicotine":[],"class_list":{"0":"post-97590","1":"product","2":"type-product","3":"status-publish","4":"has-post-thumbnail","6":"product_cat-killa","7":"product_tag-11-2-mg-pouch","8":"product_tag-50-off","9":"pa_quantity-1-pack","10":"pa_quantity-10-pack","11":"pa_quantity-3-pack","12":"pa_quantity-30-pack","13":"pa_quantity-5-pack","14":"pa_quantity-60-pack","16":"first","17":"instock","18":"sale","19":"taxable","20":"shipping-taxable","21":"purchasable","22":"product-type-variable"},"acf":[],"_links":{"self":[{"href":"https:\/\/whitelip.com\/cs\/wp-json\/wp\/v2\/product\/97590","targetHints":{"allow":["GET"]}}],"collection":[{"href":"https:\/\/whitelip.com\/cs\/wp-json\/wp\/v2\/product"}],"about":[{"href":"https:\/\/whitelip.com\/cs\/wp-json\/wp\/v2\/types\/product"}],"replies":[{"embeddable":true,"href":"https:\/\/whitelip.com\/cs\/wp-json\/wp\/v2\/comments?post=97590"}],"wp:featuredmedia":[{"embeddable":true,"href":"https:\/\/whitelip.com\/cs\/wp-json\/wp\/v2\/media\/97597"}],"wp:attachment":[{"href":"https:\/\/whitelip.com\/cs\/wp-json\/wp\/v2\/media?parent=97590"}],"wp:term":[{"taxonomy":"product_brand","embeddable":true,"href":"https:\/\/whitelip.com\/cs\/wp-json\/wp\/v2\/product_brand?post=97590"},{"taxonomy":"product_cat","embeddable":true,"href":"https:\/\/whitelip.com\/cs\/wp-json\/wp\/v2\/product_cat?post=97590"},{"taxonomy":"product_tag","embeddable":true,"href":"https:\/\/whitelip.com\/cs\/wp-json\/wp\/v2\/product_tag?post=97590"},{"taxonomy":"flavours","embeddable":true,"href":"https:\/\/whitelip.com\/cs\/wp-json\/wp\/v2\/flavours?post=97590"},{"taxonomy":"format","embeddable":true,"href":"https:\/\/whitelip.com\/cs\/wp-json\/wp\/v2\/format?post=97590"},{"taxonomy":"nicotine","embeddable":true,"href":"https:\/\/whitelip.com\/cs\/wp-json\/wp\/v2\/nicotine?post=97590"}],"curies":[{"name":"wp","href":"https:\/\/api.w.org\/{rel}","templated":true}]}}