{"id":97536,"date":"2026-05-08T09:51:51","date_gmt":"2026-05-08T09:51:51","guid":{"rendered":"https:\/\/whitelip.com\/?post_type=product&#038;p=97536"},"modified":"2026-05-09T10:11:28","modified_gmt":"2026-05-09T10:11:28","slug":"killa-watermelon-exp-05-15-2026","status":"publish","type":"product","link":"https:\/\/whitelip.com\/cs\/killa\/killa-watermelon-exp-05-15-2026\/","title":{"rendered":"KILLA Watermelon Exp.05\/15\/2026"},"content":{"rendered":"<h2>KILLA Watermelon Exp.05\/15\/2026<\/h2>\n<p><span style=\"font-weight: 400;\">Nikotinov\u00e9 s\u00e1\u010dky KILLA Watermelon nab\u00edzej\u00ed osv\u011b\u017euj\u00edc\u00ed p\u0159\u00edchu\u0165 sladk\u00e9ho melounu a p\u0159in\u00e1\u0161ej\u00ed uspokojiv\u00fd z\u00e1\u017eitek u\u017eivatel\u016fm, kte\u0159\u00ed hledaj\u00ed siln\u00fd nikotinov\u00fd hit. Tyto tenk\u00e9 s\u00e1\u010dky bez tab\u00e1ku jsou navr\u017eeny pro diskr\u00e9tn\u00ed a pohodln\u00e9 pou\u017eit\u00ed, tak\u017ee jsou ide\u00e1ln\u00ed pro po\u017eitek na cest\u00e1ch. Autentick\u00e1 melounov\u00e1 v\u016fn\u011b a chu\u0165 poskytuj\u00ed lahodn\u00fd smyslov\u00fd z\u00e1\u017eitek, dopln\u011bn\u00fd vyv\u00e1\u017eenou silou nikotinu vhodnou pro pravideln\u00e9 u\u017eivatele.<\/span><\/p>\n<table>\n<tbody>\n<tr>\n<td><b>Atribut<\/b><\/td>\n<td><b>Podrobnosti na<\/b><\/td>\n<\/tr>\n<tr>\n<td><span style=\"font-weight: 400;\">Obsah na plechovku<\/span><\/td>\n<td><span style=\"font-weight: 400;\">14 g (20 s\u00e1\u010dk\u016f)<\/span><\/td>\n<\/tr>\n<tr>\n<td><span style=\"font-weight: 400;\">Obsah nikotinu<\/span><\/td>\n<td><span style=\"font-weight: 400;\">16 mg\/g (11,2 mg na s\u00e1\u010dek)<\/span><\/td>\n<\/tr>\n<tr>\n<td><span style=\"font-weight: 400;\">Form\u00e1t pouzdra<\/span><\/td>\n<td><span style=\"font-weight: 400;\">Slim<\/span><\/td>\n<\/tr>\n<tr>\n<td><span style=\"font-weight: 400;\">V\u00fdrobce<\/span><\/td>\n<td><span style=\"font-weight: 400;\">NGP<\/span><\/td>\n<\/tr>\n<tr>\n<td><span style=\"font-weight: 400;\">P\u0159\u00edchu\u0165<\/span><\/td>\n<td><span style=\"font-weight: 400;\">Meloun<\/span><\/td>\n<\/tr>\n<tr>\n<td><span style=\"font-weight: 400;\">Typ<\/span><\/td>\n<td><span style=\"font-weight: 400;\">Celob\u00edl\u00fd s\u00e1\u010dek, bez tab\u00e1ku<\/span><\/td>\n<\/tr>\n<\/tbody>\n<\/table>","protected":false},"excerpt":{"rendered":"<p class=\"sr-only\"><span style=\"font-size: 16px;\">Osv\u011b\u017euj\u00edc\u00ed, sladk\u00e9 <\/span><strong style=\"font-size: 16px;\" data-start=\"18\" data-end=\"32\">meloun<\/strong><span style=\"font-size: 16px;\"> pro \u010dist\u00fd a uspokojiv\u00fd zdvih. <\/span><strong style=\"font-size: 16px;\" data-start=\"63\" data-end=\"71\">Slim<\/strong><span style=\"font-size: 16px;\">, beztab\u00e1kov\u00e9 s\u00e1\u010dky se diskr\u00e9tn\u011b um\u00eds\u0165uj\u00ed pod rty pro pohodln\u00e9 pou\u017eit\u00ed na cest\u00e1ch. Autentick\u00e1 v\u016fn\u011b a chu\u0165 s vyv\u00e1\u017eenou silou vhodnou pro pravideln\u00e9 u\u017eivatele. Ka\u017ed\u00fd s\u00e1\u010dek obsahuje <\/span><strong style=\"font-size: 16px;\" data-start=\"253\" data-end=\"273\">11,2 mg nikotinu<\/strong><span style=\"font-size: 16px;\"> pro siln\u00fd a p\u0159\u00edjemn\u00fd z\u00e1\u017eitek.<\/span><\/p>","protected":false},"featured_media":97543,"comment_status":"open","ping_status":"closed","template":"","format":[],"meta":{"_acf_changed":false},"product_brand":[],"product_cat":[64],"product_tag":[16577,17015],"flavours":[],"nicotine":[],"class_list":{"0":"post-97536","1":"product","2":"type-product","3":"status-publish","4":"has-post-thumbnail","6":"product_cat-killa","7":"product_tag-11-2-mg-pouch","8":"product_tag-50-off","9":"pa_quantity-1-pack","10":"pa_quantity-10-pack","11":"pa_quantity-3-pack","12":"pa_quantity-30-pack","13":"pa_quantity-5-pack","14":"pa_quantity-60-pack","16":"first","17":"instock","18":"sale","19":"taxable","20":"shipping-taxable","21":"purchasable","22":"product-type-variable"},"acf":[],"_links":{"self":[{"href":"https:\/\/whitelip.com\/cs\/wp-json\/wp\/v2\/product\/97536","targetHints":{"allow":["GET"]}}],"collection":[{"href":"https:\/\/whitelip.com\/cs\/wp-json\/wp\/v2\/product"}],"about":[{"href":"https:\/\/whitelip.com\/cs\/wp-json\/wp\/v2\/types\/product"}],"replies":[{"embeddable":true,"href":"https:\/\/whitelip.com\/cs\/wp-json\/wp\/v2\/comments?post=97536"}],"wp:featuredmedia":[{"embeddable":true,"href":"https:\/\/whitelip.com\/cs\/wp-json\/wp\/v2\/media\/97543"}],"wp:attachment":[{"href":"https:\/\/whitelip.com\/cs\/wp-json\/wp\/v2\/media?parent=97536"}],"wp:term":[{"taxonomy":"product_brand","embeddable":true,"href":"https:\/\/whitelip.com\/cs\/wp-json\/wp\/v2\/product_brand?post=97536"},{"taxonomy":"product_cat","embeddable":true,"href":"https:\/\/whitelip.com\/cs\/wp-json\/wp\/v2\/product_cat?post=97536"},{"taxonomy":"product_tag","embeddable":true,"href":"https:\/\/whitelip.com\/cs\/wp-json\/wp\/v2\/product_tag?post=97536"},{"taxonomy":"flavours","embeddable":true,"href":"https:\/\/whitelip.com\/cs\/wp-json\/wp\/v2\/flavours?post=97536"},{"taxonomy":"format","embeddable":true,"href":"https:\/\/whitelip.com\/cs\/wp-json\/wp\/v2\/format?post=97536"},{"taxonomy":"nicotine","embeddable":true,"href":"https:\/\/whitelip.com\/cs\/wp-json\/wp\/v2\/nicotine?post=97536"}],"curies":[{"name":"wp","href":"https:\/\/api.w.org\/{rel}","templated":true}]}}