{"id":9751,"date":"2025-02-12T08:40:09","date_gmt":"2025-02-12T08:40:09","guid":{"rendered":"https:\/\/whitelip.com\/iceberg-raspberry-medium\/"},"modified":"2026-04-14T23:46:13","modified_gmt":"2026-04-14T23:46:13","slug":"iceberg-raspberry-medium","status":"publish","type":"product","link":"https:\/\/whitelip.com\/cs\/iceberg\/iceberg-raspberry-medium\/","title":{"rendered":"ICEBERG Raspberry Medium"},"content":{"rendered":"<h2><strong>ICEBERG Raspberry Medium<\/strong><\/h2>\n<p><span style=\"font-weight: 400;\">S\u00e1\u010dky ICEBERG Raspberry Medium s nikotinem nab\u00edzej\u00ed silnou malinovou p\u0159\u00edchu\u0165 a st\u0159edn\u00ed obsah nikotinu, co\u017e je vhodn\u00e9 pro zku\u0161en\u00e9 u\u017eivatele, kte\u0159\u00ed hledaj\u00ed siln\u00fd z\u00e1\u017eitek. Ka\u017ed\u00fd s\u00e1\u010dek tenk\u00e9ho form\u00e1tu obsahuje 20 mg nikotinu na gram, co\u017e odpov\u00edd\u00e1 p\u0159ibli\u017en\u011b 12 mg na s\u00e1\u010dek. S\u00e1\u010dky jsou navr\u017eeny pro diskr\u00e9tn\u00ed pou\u017eit\u00ed bez zabarven\u00ed zub\u016f, tak\u017ee jsou ide\u00e1ln\u00ed pro po\u017eitek na cest\u00e1ch. Tyto s\u00e1\u010dky vyr\u00e1b\u00ed polsk\u00fd v\u00fdrobce Neoptolem, kter\u00fd je zn\u00e1m\u00fd spojen\u00edm modern\u00edch postup\u016f s tradi\u010dn\u00ed kvalitou, a jsou tak p\u0159\u00edkladem vysok\u00fdch standard\u016f a inovativn\u00edch kombinac\u00ed chut\u00ed.<\/span><\/p>\n<table>\n<tbody>\n<tr>\n<td><b>Atribut<\/b><\/td>\n<td><b>Podrobnosti na<\/b><\/td>\n<\/tr>\n<tr>\n<td><b>Obsah na plechovku<\/b><\/td>\n<td><span style=\"font-weight: 400;\">12 g (20 s\u00e1\u010dk\u016f)<\/span><\/td>\n<\/tr>\n<tr>\n<td><b>Obsah nikotinu<\/b><\/td>\n<td><span style=\"font-weight: 400;\">20 mg\/g (12 mg na s\u00e1\u010dek)<\/span><\/td>\n<\/tr>\n<tr>\n<td><b>Form\u00e1t pouzdra<\/b><\/td>\n<td><span style=\"font-weight: 400;\">Slim<\/span><\/td>\n<\/tr>\n<tr>\n<td><b>V\u00fdrobce<\/b><\/td>\n<td><span style=\"font-weight: 400;\">Neoptolem<\/span><\/td>\n<\/tr>\n<tr>\n<td><b>P\u0159\u00edchu\u0165<\/b><\/td>\n<td><span style=\"font-weight: 400;\">Raspberry<\/span><\/td>\n<\/tr>\n<tr>\n<td><b>Typ<\/b><\/td>\n<td><span style=\"font-weight: 400;\">Celob\u00edl\u00e9 pouzdro<\/span><\/td>\n<\/tr>\n<\/tbody>\n<\/table>\n<p>\u00a0<\/p>","protected":false},"excerpt":{"rendered":"<p>ICEBERG Raspberry nab\u00edz\u00ed \u017eiv\u00e9 <strong data-start=\"35\" data-end=\"48\">malina<\/strong> chu\u0165 se sladk\u00fdm, lehce trpk\u00fdm profilem. <strong data-start=\"93\" data-end=\"101\">Slim<\/strong> celob\u00edl\u00e9 s\u00e1\u010dky se nen\u00e1padn\u011b usad\u00ed pod rty, ani\u017e by je zabarvily. Ka\u017ed\u00fd s\u00e1\u010dek obsahuje <strong data-start=\"187\" data-end=\"205\">12 mg nikotinu<\/strong>, a poskytuje vyv\u00e1\u017een\u00fd, uspokojiv\u00fd kopanec. Bez tab\u00e1ku. Vyr\u00e1b\u00ed Neoptolem v Polsku.<\/p>","protected":false},"featured_media":9752,"comment_status":"open","ping_status":"closed","template":"","format":[206],"meta":{"_acf_changed":false},"product_brand":[],"product_cat":[50],"product_tag":[16561],"flavours":[196],"nicotine":[218,232],"class_list":{"0":"post-9751","1":"product","2":"type-product","3":"status-publish","4":"has-post-thumbnail","6":"product_cat-iceberg","7":"product_tag-12-mg-pouch","8":"pa_quantity-1-pack","9":"pa_quantity-10-pack","10":"pa_quantity-3-pack","11":"pa_quantity-30-pack","12":"pa_quantity-5-pack","13":"pa_quantity-60-pack","14":"flavours-fruits-berries","15":"format-slim","16":"nicotine-20-mg-g","17":"nicotine-extra-strong","19":"first","20":"instock","21":"taxable","22":"shipping-taxable","23":"purchasable","24":"product-type-variable","25":"has-default-attributes"},"acf":[],"_links":{"self":[{"href":"https:\/\/whitelip.com\/cs\/wp-json\/wp\/v2\/product\/9751","targetHints":{"allow":["GET"]}}],"collection":[{"href":"https:\/\/whitelip.com\/cs\/wp-json\/wp\/v2\/product"}],"about":[{"href":"https:\/\/whitelip.com\/cs\/wp-json\/wp\/v2\/types\/product"}],"replies":[{"embeddable":true,"href":"https:\/\/whitelip.com\/cs\/wp-json\/wp\/v2\/comments?post=9751"}],"wp:featuredmedia":[{"embeddable":true,"href":"https:\/\/whitelip.com\/cs\/wp-json\/wp\/v2\/media\/9752"}],"wp:attachment":[{"href":"https:\/\/whitelip.com\/cs\/wp-json\/wp\/v2\/media?parent=9751"}],"wp:term":[{"taxonomy":"product_brand","embeddable":true,"href":"https:\/\/whitelip.com\/cs\/wp-json\/wp\/v2\/product_brand?post=9751"},{"taxonomy":"product_cat","embeddable":true,"href":"https:\/\/whitelip.com\/cs\/wp-json\/wp\/v2\/product_cat?post=9751"},{"taxonomy":"product_tag","embeddable":true,"href":"https:\/\/whitelip.com\/cs\/wp-json\/wp\/v2\/product_tag?post=9751"},{"taxonomy":"flavours","embeddable":true,"href":"https:\/\/whitelip.com\/cs\/wp-json\/wp\/v2\/flavours?post=9751"},{"taxonomy":"format","embeddable":true,"href":"https:\/\/whitelip.com\/cs\/wp-json\/wp\/v2\/format?post=9751"},{"taxonomy":"nicotine","embeddable":true,"href":"https:\/\/whitelip.com\/cs\/wp-json\/wp\/v2\/nicotine?post=9751"}],"curies":[{"name":"wp","href":"https:\/\/api.w.org\/{rel}","templated":true}]}}