{"id":97386,"date":"2026-05-07T13:02:34","date_gmt":"2026-05-07T13:02:34","guid":{"rendered":"https:\/\/whitelip.com\/?post_type=product&#038;p=97386"},"modified":"2026-05-09T10:11:28","modified_gmt":"2026-05-09T10:11:28","slug":"zyn-blueberry-mint-slim","status":"publish","type":"product","link":"https:\/\/whitelip.com\/cs\/zyn\/zyn-blueberry-mint-slim\/","title":{"rendered":"ZYN Blueberry Mint Slim"},"content":{"rendered":"<h1 data-section-id=\"zy1bme2\" data-start=\"1\" data-end=\"50\"><strong>ZYN Blueberry Mint<\/strong><\/h1>\n<p data-section-id=\"zy3bme4\" data-start=\"52\" data-end=\"350\">ZYN Blueberry Mint Slim je beznikotinov\u00e9 pouzdro s nikotin v u\u017e\u0161\u00edm form\u00e1tu s ovocn\u00fdm a osv\u011b\u017euj\u00edc\u00edm profilem chuti bor\u016fvky, tmav\u00fdch lesn\u00edch plod\u016f a m\u00e1ty, vyr\u00e1b\u011bn\u00e9 spole\u010dnost\u00ed Swedish Match. Kombinuj\u00edc\u00ed sladk\u00fd a bohat\u00fd ovocn\u00fd charakter s chladiv\u00fdm mintov\u00fdm t\u00f3nem v diskr\u00e9tn\u00edm u\u017e\u0161\u00edm form\u00e1tu, tento produkt nab\u00edz\u00ed odli\u0161n\u00fd a povzbuzuj\u00edc\u00ed z\u00e1\u017eitek chuti. S obsahem 16,2 mg\/g (11 mg na pouzdr\u011b) je to extra siln\u00e1 volba pro zku\u0161en\u00e9 u\u017eivatele, kte\u0159\u00ed cht\u011bj\u00ed mocn\u00fd nikotin sp\u00e1rovan\u00fd s ovocn\u00fdm a osv\u011b\u017euj\u00edc\u00edm profilem chuti.<\/p>\n<h2 data-section-id=\"zy5bme6\" data-start=\"352\" data-end=\"370\">Chu\u0165 a s\u00edla<\/h2>\n<p data-section-id=\"zy7bme8\" data-start=\"372\" data-end=\"570\">ZYN Blueberry Mint Slim delivers a well-balanced and distinctive flavour where sweet blueberries and dark berries meet a fresh and cool mint note. The combination creates a fruity and refreshing taste profile that feels natural and enjoyable throughout use. At 16.2mg\/g (11mg per pouch), this is an extra strong nicotine pouch that provides a fast and noticeable release &#8211; a bold choice for experienced users who want both strength and a fruity, fresh flavour profile.<\/p>\n<h2 data-section-id=\"zy9bme0\" data-start=\"572\" data-end=\"590\">Form\u00e1t pouzdra<\/h2>\n<p data-section-id=\"zy2bme5\" data-start=\"592\" data-end=\"780\">ZYN Blueberry Mint Slim je v u\u017e\u0161\u00edm form\u00e1tu. Ka\u017ed\u00e1 plechovka obsahuje 20 pouzdra, v\u0161e zcela bez tab\u00e1ku a kou\u0159e. \u00dazk\u00e9 pouzdro se pohodln\u011b usazuje pod rtem, co\u017e z toho \u010din\u00ed praktickou a neviditelnou volbu pro pou\u017e\u00edv\u00e1n\u00ed kdykoliv a kdekoli.<\/p>\n<h2 data-section-id=\"zy4bme7\" data-start=\"782\" data-end=\"796\">O zna\u010dce ZYN<\/h2>\n<p data-section-id=\"zy6bme9\" data-start=\"798\" data-end=\"1050\">ZYN is a tobacco-free nicotine pouch brand from Swedish Match, available on the Swedish market since 2016. The range offers white snus in a wide variety of flavours, formats and strengths. ZYN Blueberry Mint S4 is a prime example of the brand&#8217;s ability to combine fruity and refreshing flavour profiles with high nicotine strength in a modern slim format.<\/p>\n<table style=\"height: 235px;\" width=\"383\">\n<tbody>\n<tr>\n<td><b>Atribut<\/b><\/td>\n<td><b>Podrobnosti na<\/b><\/td>\n<\/tr>\n<tr>\n<td><b>Zna\u010dka<\/b><\/td>\n<td><em><strong>ZYN<\/strong><\/em><\/td>\n<\/tr>\n<tr>\n<td><b>Form\u00e1t pouzdra<\/b><\/td>\n<td><em><strong>Slim<\/strong><\/em><\/td>\n<\/tr>\n<tr>\n<td><b>S\u00edla<\/b><\/td>\n<td><em><strong>Extra siln\u00fd<\/strong><\/em><\/td>\n<\/tr>\n<tr>\n<td><b>V\u00fdrobce<\/b><\/td>\n<td><em><strong>\u0160v\u00e9dsk\u00e1 z\u00e1palka<\/strong><\/em><\/td>\n<\/tr>\n<tr>\n<td><b>P\u0159\u00edchu\u0165<\/b><\/td>\n<td><span style=\"font-weight: 400;\">Blueberry, dark berries, mint<\/span><\/td>\n<\/tr>\n<tr>\n<td><b>Obsah nikotinu<\/b><\/td>\n<td><b><span style=\"font-weight: 400;\">16.2mg\/g (11mg per pouch)<\/span><\/b><\/td>\n<\/tr>\n<tr>\n<td><b>Obsah na plechovku<\/b><\/td>\n<td><span style=\"font-weight: 400;\">20 s\u00e1\u010dk\u016f<\/span><\/td>\n<\/tr>\n<tr>\n<td><b>Kategorie<\/b><\/td>\n<td><em><strong>White Snus<\/strong><\/em><\/td>\n<\/tr>\n<tr>\n<td><b>Typ<\/b><\/td>\n<td><b><span style=\"font-weight: 400;\">Celob\u00edl\u00fd s\u00e1\u010dek, bez tab\u00e1ku<\/span><\/b><\/td>\n<\/tr>\n<\/tbody>\n<\/table>\n<p>&nbsp;<\/p>","protected":false},"excerpt":{"rendered":"<p>ZYN Blueberry Mint Slim je beznikotinov\u00e9 pouzdro s nikotin v u\u017e\u0161\u00edm form\u00e1tu s ovocnou chut\u00ed bor\u016fvky, tmav\u00fdch lesn\u00edch plod\u016f a chladiv\u00e9ho mintov\u00e9ho t\u00f3nu. S obsahem 16,2 mg\/g (11 mg na pouzdr\u011b) poskytuje extra siln\u00e9 nikotin pro ty, kte\u0159\u00ed cht\u011bj\u00ed jak s\u00edlu, tak \u010derstv\u00fd a ovocn\u00fd profil chuti. 20 pouzdra za plechovku, vyr\u00e1b\u011bna spole\u010dnost\u00ed Swedish Match.<\/p>","protected":false},"featured_media":97393,"comment_status":"open","ping_status":"closed","template":"","format":[206],"meta":{"_acf_changed":false},"product_brand":[],"product_cat":[37],"product_tag":[16551],"flavours":[196,199],"nicotine":[213,232],"class_list":{"0":"post-97386","1":"product","2":"type-product","3":"status-publish","4":"has-post-thumbnail","6":"product_cat-zyn","7":"product_tag-11-mg-pouch","8":"pa_quantity-1-pack","9":"pa_quantity-10-pack","10":"pa_quantity-3-pack","11":"pa_quantity-30-pack","12":"pa_quantity-5-pack","13":"pa_quantity-60-pack","14":"flavours-fruits-berries","15":"flavours-mint","16":"format-slim","17":"nicotine-16-mg-g","18":"nicotine-extra-strong","20":"first","21":"instock","22":"taxable","23":"shipping-taxable","24":"purchasable","25":"product-type-variable"},"acf":[],"_links":{"self":[{"href":"https:\/\/whitelip.com\/cs\/wp-json\/wp\/v2\/product\/97386","targetHints":{"allow":["GET"]}}],"collection":[{"href":"https:\/\/whitelip.com\/cs\/wp-json\/wp\/v2\/product"}],"about":[{"href":"https:\/\/whitelip.com\/cs\/wp-json\/wp\/v2\/types\/product"}],"replies":[{"embeddable":true,"href":"https:\/\/whitelip.com\/cs\/wp-json\/wp\/v2\/comments?post=97386"}],"wp:featuredmedia":[{"embeddable":true,"href":"https:\/\/whitelip.com\/cs\/wp-json\/wp\/v2\/media\/97393"}],"wp:attachment":[{"href":"https:\/\/whitelip.com\/cs\/wp-json\/wp\/v2\/media?parent=97386"}],"wp:term":[{"taxonomy":"product_brand","embeddable":true,"href":"https:\/\/whitelip.com\/cs\/wp-json\/wp\/v2\/product_brand?post=97386"},{"taxonomy":"product_cat","embeddable":true,"href":"https:\/\/whitelip.com\/cs\/wp-json\/wp\/v2\/product_cat?post=97386"},{"taxonomy":"product_tag","embeddable":true,"href":"https:\/\/whitelip.com\/cs\/wp-json\/wp\/v2\/product_tag?post=97386"},{"taxonomy":"flavours","embeddable":true,"href":"https:\/\/whitelip.com\/cs\/wp-json\/wp\/v2\/flavours?post=97386"},{"taxonomy":"format","embeddable":true,"href":"https:\/\/whitelip.com\/cs\/wp-json\/wp\/v2\/format?post=97386"},{"taxonomy":"nicotine","embeddable":true,"href":"https:\/\/whitelip.com\/cs\/wp-json\/wp\/v2\/nicotine?post=97386"}],"curies":[{"name":"wp","href":"https:\/\/api.w.org\/{rel}","templated":true}]}}