{"id":97362,"date":"2026-05-07T12:07:09","date_gmt":"2026-05-07T12:07:09","guid":{"rendered":"https:\/\/whitelip.com\/?post_type=product&#038;p=97362"},"modified":"2026-05-09T10:11:28","modified_gmt":"2026-05-09T10:11:28","slug":"apres-ski-limited-edition","status":"publish","type":"product","link":"https:\/\/whitelip.com\/cs\/apres\/apres-ski-limited-edition\/","title":{"rendered":"APR\u00c8S Ski Limited Edition"},"content":{"rendered":"<h1 data-section-id=\"ap1ske2\" data-start=\"1\" data-end=\"50\"><strong>Apr\u00e8s Ski Limited Edition<\/strong><\/h1>\n<p data-section-id=\"ap3ske4\" data-start=\"52\" data-end=\"350\">Apr\u00e8s Ski Limited Edition je beznikotinov\u00e9 pouzdro s nikotin v u\u017e\u0161\u00edm form\u00e1tu s ovocnou a bohatou chut\u00ed limba, t\u0159e\u0161n\u011b a sm\u011bs\u00ed lesn\u00edch plod\u016f, vyr\u00e1b\u011bn\u00e9 spole\u010dnost\u00ed Apr\u00e8s Nicotine AB ve \u0160v\u00e9dsku. Vyd\u00e1no jako limitovan\u00e1 edice, tento produkt kombinuje vyv\u00e1\u017een\u00fd a p\u0159\u00edrodn\u00ed z\u00e1\u017eitek chuti s norm\u00e1ln\u00ed silou nikotinu. S obsahem 8 mg\/g (4,4 mg na pouzdr\u011b) je to p\u0159\u00edstupn\u00e1 a chutn\u00e1 volba pro ty, kte\u0159\u00ed si u\u017e\u00edvaj\u00ed ovocn\u00e9 pouzdro s nikotin pro ka\u017edodenn\u00ed pou\u017e\u00edv\u00e1n\u00ed.<\/p>\n<h2 data-section-id=\"ap5ske6\" data-start=\"352\" data-end=\"370\">Chu\u0165 a s\u00edla<\/h2>\n<p data-section-id=\"ap7ske8\" data-start=\"372\" data-end=\"570\">Apr\u00e8s Ski Limited Edition delivers a well-balanced and natural flavour where tart lingonberry meets sweet cherry and mixed berries in a fruity and harmonious combination. The flavour profile is fresh and pleasant without being overwhelming, making this a reliable and enjoyable choice throughout the day. At 8mg\/g (4.4mg per pouch), the nicotine level is moderate &#8211; comfortable and approachable for everyday use regardless of experience level.<\/p>\n<h2 data-section-id=\"ap9ske0\" data-start=\"572\" data-end=\"590\">Form\u00e1t pouzdra<\/h2>\n<p data-section-id=\"ap2ske5\" data-start=\"592\" data-end=\"780\">Apr\u00e8s Ski Limited Edition je v u\u017e\u0161\u00edm form\u00e1tu. Ka\u017ed\u00e1 plechovka obsahuje 20 pouzdra, v\u0161e zcela bez tab\u00e1ku a kou\u0159e. \u00dazk\u00e9 pouzdro se pohodln\u011b usazuje pod rtem, co\u017e z toho \u010din\u00ed praktickou a neviditelnou volbu pro pou\u017e\u00edv\u00e1n\u00ed kdykoliv a kdekoli.<\/p>\n<h2 data-section-id=\"ap4ske7\" data-start=\"782\" data-end=\"796\">O zna\u010dce Apr\u00e8s<\/h2>\n<p data-section-id=\"ap6ske9\" data-start=\"798\" data-end=\"1050\">Apr\u00e8s was launched in Stockholm in 2020 by Apr\u00e8s Nicotine AB and is rooted in Sweden. The brand focuses on tobacco-free nicotine pouches made with plant-based materials for both pouches and packaging. No.14 Ski Limited Edition 2 is a prime example of Apr\u00e8s&#8217; ambition to combine creative and seasonal flavour profiles with high quality.<\/p>\n<table style=\"height: 235px;\" width=\"383\">\n<tbody>\n<tr>\n<td><b>Atribut<\/b><\/td>\n<td><b>Podrobnosti na<\/b><\/td>\n<\/tr>\n<tr>\n<td><b>Zna\u010dka<\/b><\/td>\n<td><em><strong>Apr\u00e8s<\/strong><\/em><\/td>\n<\/tr>\n<tr>\n<td><b>Form\u00e1t pouzdra<\/b><\/td>\n<td><em><strong>Slim<\/strong><\/em><\/td>\n<\/tr>\n<tr>\n<td><b>S\u00edla<\/b><\/td>\n<td><em><strong>Siln\u00fd<\/strong><\/em><\/td>\n<\/tr>\n<tr>\n<td><b>V\u00fdrobce<\/b><\/td>\n<td><em><strong>Apr\u00e8s Nicotine AB<\/strong><\/em><\/td>\n<\/tr>\n<tr>\n<td><b>P\u0159\u00edchu\u0165<\/b><\/td>\n<td><span style=\"font-weight: 400;\">Lingonberry, cherry, mixed berries<\/span><\/td>\n<\/tr>\n<tr>\n<td><b>Obsah nikotinu<\/b><\/td>\n<td><b><span style=\"font-weight: 400;\">8mg\/g (4.4mg per pouch)<\/span><\/b><\/td>\n<\/tr>\n<tr>\n<td><b>Obsah na plechovku<\/b><\/td>\n<td><span style=\"font-weight: 400;\">20 s\u00e1\u010dk\u016f<\/span><\/td>\n<\/tr>\n<tr>\n<td><b>Kategorie<\/b><\/td>\n<td><em><strong>White Snus<\/strong><\/em><\/td>\n<\/tr>\n<tr>\n<td><b>Typ<\/b><\/td>\n<td><b><span style=\"font-weight: 400;\">Celob\u00edl\u00fd s\u00e1\u010dek, bez tab\u00e1ku<\/span><\/b><\/td>\n<\/tr>\n<\/tbody>\n<\/table>\n<p>&nbsp;<\/p>","protected":false},"excerpt":{"rendered":"<p>Apr\u00e8s Ski Limited Edition je beznikotinov\u00e9 pouzdro s nikotin v u\u017e\u0161\u00edm form\u00e1tu s ovocnou chut\u00ed limba, t\u0159e\u0161n\u011b a sm\u011bs\u00ed lesn\u00edch plod\u016f. S obsahem 8 mg\/g (4,4 mg na pouzdr\u011b) poskytuje norm\u00e1ln\u00ed s\u00edlu nikotinu &#8211; p\u0159\u00edstupn\u00e1 a vhodn\u00e1 pro ka\u017edodenn\u00ed pou\u017e\u00edv\u00e1n\u00ed. 20 pouzdra za plechovku, vyr\u00e1b\u011bna spole\u010dnost\u00ed Apr\u00e8s Nicotine AB ve \u0160v\u00e9dsku.<\/p>","protected":false},"featured_media":97371,"comment_status":"open","ping_status":"closed","template":"","format":[206],"meta":{"_acf_changed":false},"product_brand":[],"product_cat":[41],"product_tag":[16549],"flavours":[196],"nicotine":[230,236],"class_list":{"0":"post-97362","1":"product","2":"type-product","3":"status-publish","4":"has-post-thumbnail","6":"product_cat-apres","7":"product_tag-4-4-mg-pouch","8":"pa_quantity-1-pack","9":"pa_quantity-10-pack","10":"pa_quantity-3-pack","11":"pa_quantity-30-pack","12":"pa_quantity-5-pack","13":"pa_quantity-60-pack","14":"flavours-fruits-berries","15":"format-slim","16":"nicotine-8-mg-g","17":"nicotine-strong","19":"first","20":"instock","21":"taxable","22":"shipping-taxable","23":"purchasable","24":"product-type-variable"},"acf":[],"_links":{"self":[{"href":"https:\/\/whitelip.com\/cs\/wp-json\/wp\/v2\/product\/97362","targetHints":{"allow":["GET"]}}],"collection":[{"href":"https:\/\/whitelip.com\/cs\/wp-json\/wp\/v2\/product"}],"about":[{"href":"https:\/\/whitelip.com\/cs\/wp-json\/wp\/v2\/types\/product"}],"replies":[{"embeddable":true,"href":"https:\/\/whitelip.com\/cs\/wp-json\/wp\/v2\/comments?post=97362"}],"wp:featuredmedia":[{"embeddable":true,"href":"https:\/\/whitelip.com\/cs\/wp-json\/wp\/v2\/media\/97371"}],"wp:attachment":[{"href":"https:\/\/whitelip.com\/cs\/wp-json\/wp\/v2\/media?parent=97362"}],"wp:term":[{"taxonomy":"product_brand","embeddable":true,"href":"https:\/\/whitelip.com\/cs\/wp-json\/wp\/v2\/product_brand?post=97362"},{"taxonomy":"product_cat","embeddable":true,"href":"https:\/\/whitelip.com\/cs\/wp-json\/wp\/v2\/product_cat?post=97362"},{"taxonomy":"product_tag","embeddable":true,"href":"https:\/\/whitelip.com\/cs\/wp-json\/wp\/v2\/product_tag?post=97362"},{"taxonomy":"flavours","embeddable":true,"href":"https:\/\/whitelip.com\/cs\/wp-json\/wp\/v2\/flavours?post=97362"},{"taxonomy":"format","embeddable":true,"href":"https:\/\/whitelip.com\/cs\/wp-json\/wp\/v2\/format?post=97362"},{"taxonomy":"nicotine","embeddable":true,"href":"https:\/\/whitelip.com\/cs\/wp-json\/wp\/v2\/nicotine?post=97362"}],"curies":[{"name":"wp","href":"https:\/\/api.w.org\/{rel}","templated":true}]}}