{"id":9701,"date":"2025-02-12T08:40:17","date_gmt":"2025-02-12T08:40:17","guid":{"rendered":"https:\/\/whitelip.com\/iceberg-melon-peach-extreme\/"},"modified":"2026-04-21T10:11:30","modified_gmt":"2026-04-21T10:11:30","slug":"iceberg-melon-peach-extreme","status":"publish","type":"product","link":"https:\/\/whitelip.com\/cs\/iceberg\/iceberg-melon-peach-extreme\/","title":{"rendered":"ICEBERG Meloun Peach Extreme"},"content":{"rendered":"<h2><strong>ICEBERG Meloun Peach Extreme<\/strong><\/h2>\n<p><span style=\"font-weight: 400;\">Nikotinov\u00e9 s\u00e1\u010dky ICEBERG Melon Peach Extreme nab\u00edzej\u00ed silnou sm\u011bs melounov\u00e9 a broskvov\u00e9 p\u0159\u00edchuti a vysok\u00fd obsah nikotinu, co\u017e je vhodn\u00e9 pro zku\u0161en\u00e9 u\u017eivatele, kte\u0159\u00ed hledaj\u00ed siln\u00fd z\u00e1\u017eitek. Ka\u017ed\u00fd s\u00e1\u010dek tenk\u00e9ho form\u00e1tu obsahuje 50 mg nikotinu na gram, co\u017e odpov\u00edd\u00e1 p\u0159ibli\u017en\u011b 35 mg v jednom s\u00e1\u010dku. S\u00e1\u010dky jsou navr\u017eeny pro diskr\u00e9tn\u00ed pou\u017eit\u00ed bez zabarven\u00ed zub\u016f, tak\u017ee jsou ide\u00e1ln\u00ed pro po\u017eitek na cest\u00e1ch. Tyto s\u00e1\u010dky vyr\u00e1b\u00ed polsk\u00fd v\u00fdrobce Neoptolem, kter\u00fd je zn\u00e1m\u00fd spojen\u00edm modern\u00edch postup\u016f s tradi\u010dn\u00ed kvalitou, a jsou tak p\u0159\u00edkladem vysok\u00fdch standard\u016f a inovativn\u00edch kombinac\u00ed chut\u00ed.<\/span><\/p>\n<table>\n<tbody>\n<tr>\n<td><b>Atribut<\/b><\/td>\n<td><b>Podrobnosti na<\/b><\/td>\n<\/tr>\n<tr>\n<td><b>Obsah na plechovku<\/b><\/td>\n<td><span style=\"font-weight: 400;\">13 g (20 s\u00e1\u010dk\u016f)<\/span><\/td>\n<\/tr>\n<tr>\n<td><b>Obsah nikotinu<\/b><\/td>\n<td><span style=\"font-weight: 400;\">50 mg\/g (35 mg na s\u00e1\u010dek)<\/span><\/td>\n<\/tr>\n<tr>\n<td><b>Form\u00e1t pouzdra<\/b><\/td>\n<td><span style=\"font-weight: 400;\">Slim<\/span><\/td>\n<\/tr>\n<tr>\n<td><b>V\u00fdrobce<\/b><\/td>\n<td><span style=\"font-weight: 400;\">Neoptolem<\/span><\/td>\n<\/tr>\n<tr>\n<td><b>P\u0159\u00edchu\u0165<\/b><\/td>\n<td><span style=\"font-weight: 400;\">Meloun a broskev<\/span><\/td>\n<\/tr>\n<tr>\n<td><b>Typ<\/b><\/td>\n<td><span style=\"font-weight: 400;\">Celob\u00edl\u00e9 pouzdro<\/span><\/td>\n<\/tr>\n<\/tbody>\n<\/table>\n<p>\u00a0<\/p>","protected":false},"excerpt":{"rendered":"<p>ICEBERG Melounov\u00e1 broskev nab\u00edz\u00ed siln\u00fd <strong data-start=\"36\" data-end=\"51\">meloun broskev<\/strong> sm\u011bs pro zku\u0161en\u00e9 u\u017eivatele. <strong data-start=\"81\" data-end=\"89\">Slim<\/strong> celob\u00edl\u00e9 s\u00e1\u010dky se nen\u00e1padn\u011b usad\u00ed pod rty, ani\u017e by je zabarvily. Ka\u017ed\u00fd s\u00e1\u010dek obsahuje <strong data-start=\"175\" data-end=\"193\">35 mg nikotinu<\/strong>, co\u017e p\u0159edstavuje siln\u00fd z\u00e1sah. Vyrobeno spole\u010dnost\u00ed Neoptolem v Polsku.<\/p>","protected":false},"featured_media":9702,"comment_status":"open","ping_status":"closed","template":"","format":[206],"meta":{"_acf_changed":false},"product_brand":[],"product_cat":[50],"product_tag":[16603],"flavours":[196],"nicotine":[226,233],"class_list":{"0":"post-9701","1":"product","2":"type-product","3":"status-publish","4":"has-post-thumbnail","6":"product_cat-iceberg","7":"product_tag-35-mg-pouch","8":"pa_quantity-1-pack","9":"pa_quantity-10-pack","10":"pa_quantity-3-pack","11":"pa_quantity-30-pack","12":"pa_quantity-5-pack","13":"pa_quantity-60-pack","14":"flavours-fruits-berries","15":"format-slim","16":"nicotine-50-mg-g","17":"nicotine-extreme","19":"first","20":"instock","21":"taxable","22":"shipping-taxable","23":"purchasable","24":"product-type-variable","25":"has-default-attributes"},"acf":[],"_links":{"self":[{"href":"https:\/\/whitelip.com\/cs\/wp-json\/wp\/v2\/product\/9701","targetHints":{"allow":["GET"]}}],"collection":[{"href":"https:\/\/whitelip.com\/cs\/wp-json\/wp\/v2\/product"}],"about":[{"href":"https:\/\/whitelip.com\/cs\/wp-json\/wp\/v2\/types\/product"}],"replies":[{"embeddable":true,"href":"https:\/\/whitelip.com\/cs\/wp-json\/wp\/v2\/comments?post=9701"}],"wp:featuredmedia":[{"embeddable":true,"href":"https:\/\/whitelip.com\/cs\/wp-json\/wp\/v2\/media\/9702"}],"wp:attachment":[{"href":"https:\/\/whitelip.com\/cs\/wp-json\/wp\/v2\/media?parent=9701"}],"wp:term":[{"taxonomy":"product_brand","embeddable":true,"href":"https:\/\/whitelip.com\/cs\/wp-json\/wp\/v2\/product_brand?post=9701"},{"taxonomy":"product_cat","embeddable":true,"href":"https:\/\/whitelip.com\/cs\/wp-json\/wp\/v2\/product_cat?post=9701"},{"taxonomy":"product_tag","embeddable":true,"href":"https:\/\/whitelip.com\/cs\/wp-json\/wp\/v2\/product_tag?post=9701"},{"taxonomy":"flavours","embeddable":true,"href":"https:\/\/whitelip.com\/cs\/wp-json\/wp\/v2\/flavours?post=9701"},{"taxonomy":"format","embeddable":true,"href":"https:\/\/whitelip.com\/cs\/wp-json\/wp\/v2\/format?post=9701"},{"taxonomy":"nicotine","embeddable":true,"href":"https:\/\/whitelip.com\/cs\/wp-json\/wp\/v2\/nicotine?post=9701"}],"curies":[{"name":"wp","href":"https:\/\/api.w.org\/{rel}","templated":true}]}}